{"id":141,"date":"2018-06-26T12:21:56","date_gmt":"2018-06-26T12:21:56","guid":{"rendered":"http:\/\/generales.uprrp.edu\/ciencias-biologicas\/?page_id=141"},"modified":"2020-02-04T18:32:05","modified_gmt":"2020-02-04T18:32:05","slug":"cibi-3016","status":"publish","type":"page","link":"https:\/\/generales.uprrp.edu\/ciencias-biologicas\/cibi-3016\/","title":{"rendered":"CIBI 3016"},"content":{"rendered":"<p><strong>Ejercicios recomendados para los cursos de CIBI 3016 y sus equivalentes <\/strong><strong>(en revisi\u00f3n por el Comit\u00e9 de Curr\u00edculo)<\/strong><\/p>\n<p><strong>CIBI 3016:\u00a0 Fundamento de Biolog\u00eda:\u00a0 interacci\u00f3n y continuidad de la vida (3 cr\u00e9ditos)<\/strong> Este curso tiene como meta\u00a0 contribuir a la formaci\u00f3n integral del estudiante mediante el estudio de las ciencias biol\u00f3gicas desde una perspectiva multi e interdisciplinaria. Se privilegia el m\u00e9todo dial\u00f3gico y se utilizan la tecnolog\u00eda, el an\u00e1lisis de lecturas, la investigaci\u00f3n, las experiencias de laboratorio y la ense\u00f1anza-aprendizaje cooperativo. Se estimula el desarrollo de destrezas que le permitan al estudiante un mejor entendimiento del mundo y de s\u00ed mismo. Se discuten y analizan los temas: ecolog\u00eda, reproducci\u00f3n, gen\u00e9tica y evoluci\u00f3n org\u00e1nica.<\/p>\n<ol>\n<li>Estudio de la flor de leguminosa y la flor de amapola.<\/li>\n<li>Nociones de probabilidad.<\/li>\n<li>Principios de probabilidad aplicados a la descendencia de un cruce h\u00edbrido.<\/li>\n<li>Gen\u00e9tica humana. *<\/li>\n<li>\u00c1rboles geneal\u00f3gicos. *<\/li>\n<li>Extracci\u00f3n de ADN de c\u00e9lulas humanas de la mejilla.<\/li>\n<li>Selecci\u00f3n natural. **<\/li>\n<li>Adaptaci\u00f3n de los picos de las aves. **<\/li>\n<li>M\u00e9todo cient\u00edfico: Uso de caracoles como modelo.<\/li>\n<li>Introducci\u00f3n a la ecolog\u00eda. ***<\/li>\n<li>Crecimiento poblacional. ***<\/li>\n<\/ol>\n<p>*Se puede hacer cualquiera de los dos o ambos si as\u00ed se desea.<br \/>\n**Se puede hacer cualquiera de estos dos, o ambos si as\u00ed se desea.<br \/>\n***Se puede hacer cualquiera de estos dos, o ambos si as\u00ed se desea.<\/p>\n","protected":false},"excerpt":{"rendered":"<p>Ejercicios recomendados para los cursos de CIBI 3016 y sus equivalentes (en revisi\u00f3n por el Comit\u00e9 de Curr\u00edculo) CIBI 3016:\u00a0 Fundamento de Biolog\u00eda:\u00a0 interacci\u00f3n y continuidad de la vida (3 cr\u00e9ditos) Este curso tiene como meta\u00a0 contribuir a la formaci\u00f3n integral del estudiante mediante el estudio de las ciencias biol\u00f3gicas desde una perspectiva multi e<\/p>\n","protected":false},"author":11,"featured_media":0,"parent":0,"menu_order":0,"comment_status":"closed","ping_status":"closed","template":"","meta":{"footnotes":""},"class_list":["post-141","page","type-page","status-publish"],"amp_enabled":true,"_links":{"self":[{"href":"https:\/\/generales.uprrp.edu\/ciencias-biologicas\/wp-json\/wp\/v2\/pages\/141","targetHints":{"allow":["GET"]}}],"collection":[{"href":"https:\/\/generales.uprrp.edu\/ciencias-biologicas\/wp-json\/wp\/v2\/pages"}],"about":[{"href":"https:\/\/generales.uprrp.edu\/ciencias-biologicas\/wp-json\/wp\/v2\/types\/page"}],"author":[{"embeddable":true,"href":"https:\/\/generales.uprrp.edu\/ciencias-biologicas\/wp-json\/wp\/v2\/users\/11"}],"replies":[{"embeddable":true,"href":"https:\/\/generales.uprrp.edu\/ciencias-biologicas\/wp-json\/wp\/v2\/comments?post=141"}],"version-history":[{"count":9,"href":"https:\/\/generales.uprrp.edu\/ciencias-biologicas\/wp-json\/wp\/v2\/pages\/141\/revisions"}],"predecessor-version":[{"id":292,"href":"https:\/\/generales.uprrp.edu\/ciencias-biologicas\/wp-json\/wp\/v2\/pages\/141\/revisions\/292"}],"wp:attachment":[{"href":"https:\/\/generales.uprrp.edu\/ciencias-biologicas\/wp-json\/wp\/v2\/media?parent=141"}],"curies":[{"name":"wp","href":"https:\/\/api.w.org\/{rel}","templated":true}]}}