{"id":10,"date":"2016-06-28T03:53:28","date_gmt":"2016-06-28T03:53:28","guid":{"rendered":"http:\/\/generalesdv.uprrp.edu\/ciencias-biologicas\/?page_id=10"},"modified":"2020-02-11T15:02:17","modified_gmt":"2020-02-11T15:02:17","slug":"docentes-departamento-de-ciencias-biologicas","status":"publish","type":"page","link":"https:\/\/generales.uprrp.edu\/ciencias-biologicas\/docentes-departamento-de-ciencias-biologicas\/","title":{"rendered":"Docentes Departamento de Ciencias Biologicas"},"content":{"rendered":"\n<table id=\"tablepress-2\" class=\"tablepress tablepress-id-2\">\n<thead>\n<tr class=\"row-1\">\n\t<th class=\"column-1\">Nombre<\/th><th class=\"column-2\">Oficina<\/th><th class=\"column-3\">Extensi\u00f3n<\/th><th class=\"column-4\">Correo electr\u00f3nico<\/th>\n<\/tr>\n<\/thead>\n<tbody class=\"row-striping row-hover\">\n<tr class=\"row-2\">\n\t<td class=\"column-1\">Gerardo Arroyo Cruzado<\/td><td class=\"column-2\">Sal\u00f3n Proyecto STEM<\/td><td class=\"column-3\">88687<\/td><td class=\"column-4\">gerardo.arroyo1@upr.edu<\/td>\n<\/tr>\n<tr class=\"row-3\">\n\t<td class=\"column-1\">Carlos J. Ayarza Real<\/td><td class=\"column-2\">DMN 449<\/td><td class=\"column-3\">88679<\/td><td class=\"column-4\">carlos.ayarza@upr.edu<\/td>\n<\/tr>\n<tr class=\"row-4\">\n\t<td class=\"column-1\">Claribel Caban Sosa<\/td><td class=\"column-2\">DMN 348<\/td><td class=\"column-3\">83051<\/td><td class=\"column-4\">claribel.caban@upr.edu<\/td>\n<\/tr>\n<tr class=\"row-5\">\n\t<td class=\"column-1\">Wilma V. Col\u00f3n Parrilla<\/td><td class=\"column-2\">DMN 433<\/td><td class=\"column-3\">88666<\/td><td class=\"column-4\">wilma.colon@upr.edu<\/td>\n<\/tr>\n<tr class=\"row-6\">\n\t<td class=\"column-1\">Marta E. Collazo Santos<\/td><td class=\"column-2\">DMN 440<\/td><td class=\"column-3\">88670<\/td><td class=\"column-4\">marta.collazo1@upr.edu<\/td>\n<\/tr>\n<tr class=\"row-7\">\n\t<td class=\"column-1\">Norma E. Cruz Cruz<\/td><td class=\"column-2\">DMN 448<\/td><td class=\"column-3\">88678<\/td><td class=\"column-4\">norma.cruz1@upr.edu<\/td>\n<\/tr>\n<tr class=\"row-8\">\n\t<td class=\"column-1\">Ileana T. Galanes Rivera<\/td><td class=\"column-2\">DMN 247<\/td><td class=\"column-3\">88658<\/td><td class=\"column-4\">ileana.galanes1@upr.edu<\/td>\n<\/tr>\n<tr class=\"row-9\">\n\t<td class=\"column-1\">\u00c1ngel Olivares Chic\u00f3n<\/td><td class=\"column-2\">JBR 334<\/td><td class=\"column-3\">88660<\/td><td class=\"column-4\">angel.olivares1@upr.edu<\/td>\n<\/tr>\n<tr class=\"row-10\">\n\t<td class=\"column-1\">Luis G. Qui\u00f1ones La Fuente<\/td><td class=\"column-2\">JBR 324<\/td><td class=\"column-3\">88662<\/td><td class=\"column-4\">luisg.quinones@upr.edu<\/td>\n<\/tr>\n<tr class=\"row-11\">\n\t<td class=\"column-1\">Evelyn Rodr\u00edguez Plaza<\/td><td class=\"column-2\">DMN 444<\/td><td class=\"column-3\">88674<\/td><td class=\"column-4\">evelyn.rodriguez@upr.edu<\/td>\n<\/tr>\n<tr class=\"row-12\">\n\t<td class=\"column-1\">Dr. Jos\u00e9 R. V\u00e1zquez V\u00e1zquez<\/td><td class=\"column-2\">JBR 326<\/td><td class=\"column-3\">88654<\/td><td class=\"column-4\">jose.vazquez37@upr.edu<\/td>\n<\/tr>\n<\/tbody>\n<\/table>\n<!-- #tablepress-2 from cache -->\n","protected":false},"excerpt":{"rendered":"","protected":false},"author":2,"featured_media":0,"parent":0,"menu_order":0,"comment_status":"closed","ping_status":"closed","template":"page-blocks.php","meta":{"footnotes":""},"class_list":["post-10","page","type-page","status-publish"],"amp_enabled":true,"_links":{"self":[{"href":"https:\/\/generales.uprrp.edu\/ciencias-biologicas\/wp-json\/wp\/v2\/pages\/10","targetHints":{"allow":["GET"]}}],"collection":[{"href":"https:\/\/generales.uprrp.edu\/ciencias-biologicas\/wp-json\/wp\/v2\/pages"}],"about":[{"href":"https:\/\/generales.uprrp.edu\/ciencias-biologicas\/wp-json\/wp\/v2\/types\/page"}],"author":[{"embeddable":true,"href":"https:\/\/generales.uprrp.edu\/ciencias-biologicas\/wp-json\/wp\/v2\/users\/2"}],"replies":[{"embeddable":true,"href":"https:\/\/generales.uprrp.edu\/ciencias-biologicas\/wp-json\/wp\/v2\/comments?post=10"}],"version-history":[{"count":5,"href":"https:\/\/generales.uprrp.edu\/ciencias-biologicas\/wp-json\/wp\/v2\/pages\/10\/revisions"}],"predecessor-version":[{"id":298,"href":"https:\/\/generales.uprrp.edu\/ciencias-biologicas\/wp-json\/wp\/v2\/pages\/10\/revisions\/298"}],"wp:attachment":[{"href":"https:\/\/generales.uprrp.edu\/ciencias-biologicas\/wp-json\/wp\/v2\/media?parent=10"}],"curies":[{"name":"wp","href":"https:\/\/api.w.org\/{rel}","templated":true}]}}