{"id":258,"date":"2025-09-19T18:14:10","date_gmt":"2025-09-19T18:14:10","guid":{"rendered":"https:\/\/generales.uprrp.edu\/biblioteca\/?page_id=258"},"modified":"2025-09-19T18:14:41","modified_gmt":"2025-09-19T18:14:41","slug":"servicios","status":"publish","type":"page","link":"https:\/\/generales.uprrp.edu\/biblioteca\/servicios\/","title":{"rendered":"Servicios"},"content":{"rendered":"<p><strong>Generales<\/strong><\/p>\n<ul>\n<li data-olk-copy-source=\"MessageBody\">Consultas e informaci\u00f3n en forma personal y escrita.<\/li>\n<li>Pr\u00e9stamo de computadoras en sala con acceso a Internet para uso acad\u00e9mico.<\/li>\n<li>Acceso al Cat\u00e1logo Electr\u00f3nico y Bases de Datos.<\/li>\n<li>Pr\u00e9stamo de libros, lecturas, revistas, peri\u00f3dicos, materiales bibliogr\u00e1ficos y audiovisuales.<\/li>\n<li>Orientaci\u00f3n individual en la preparaci\u00f3n de bibliograf\u00edas y trabajos escritos.<\/li>\n<li>Reserva de profesores.<\/li>\n<li>Informaci\u00f3n y orientaci\u00f3n individual en el uso del cat\u00e1logo en l\u00ednea y de fuentes b\u00e1sicas.<\/li>\n<li>Acceso inal\u00e1mbrico<\/li>\n<li>Instrucci\u00f3n bibliotecaria a grupos sobre el uso de los recursos y servicios que se ofrecen en la biblioteca.<\/li>\n<li>Preparaci\u00f3n de bibliograf\u00edas.<\/li>\n<li>M\u00e1quina fotocopiadora operada por monedas y tarjetas<\/li>\n<li>Servicios de impresora en el \u00e1rea de Referencia<\/li>\n<li>Pr\u00e9stamos interbibliotecarios.<\/li>\n<li>Lista de nuevas adquisiciones.<\/li>\n<li>Referimiento a otras colecciones del Sistema de Bibliotecas o Centros de Informaci\u00f3n y<br \/>\nDocumentaci\u00f3n.<\/li>\n<\/ul>\n<p><strong>Referencia<\/strong><br \/>\nEsta colecci\u00f3n es la fuente principal de informaci\u00f3n de la Biblioteca. Consiste de diversas obras de consulta tales como diccionarios, enciclopedias, anuarios, gu\u00edas, atlas, directorios, \u00edndices y bibliograf\u00edas. El usuario tiene acceso directo a estos recursos.<\/p>\n<p><strong>Reserva de Recursos<\/strong><br \/>\n<span data-olk-copy-source=\"MessageBody\">Est\u00e1 compuesta por los recursos informativos que los profesores de la Facultad de Estudios Generales separan para ser consultados por sus estudiantes como complemento de sus cursos. Se prestan por 2 horas.<\/span><\/p>\n","protected":false},"excerpt":{"rendered":"<p>Generales Consultas e informaci\u00f3n en forma personal y escrita. Pr\u00e9stamo de computadoras en sala con acceso a Internet para uso acad\u00e9mico. Acceso al Cat\u00e1logo Electr\u00f3nico y Bases de Datos. Pr\u00e9stamo &hellip; <\/p>\n","protected":false},"author":11,"featured_media":0,"parent":0,"menu_order":0,"comment_status":"closed","ping_status":"closed","template":"","meta":{"pmpro_default_level":"","footnotes":""},"class_list":["post-258","page","type-page","status-publish","hentry","pmpro-has-access"],"_links":{"self":[{"href":"https:\/\/generales.uprrp.edu\/biblioteca\/wp-json\/wp\/v2\/pages\/258","targetHints":{"allow":["GET"]}}],"collection":[{"href":"https:\/\/generales.uprrp.edu\/biblioteca\/wp-json\/wp\/v2\/pages"}],"about":[{"href":"https:\/\/generales.uprrp.edu\/biblioteca\/wp-json\/wp\/v2\/types\/page"}],"author":[{"embeddable":true,"href":"https:\/\/generales.uprrp.edu\/biblioteca\/wp-json\/wp\/v2\/users\/11"}],"replies":[{"embeddable":true,"href":"https:\/\/generales.uprrp.edu\/biblioteca\/wp-json\/wp\/v2\/comments?post=258"}],"version-history":[{"count":2,"href":"https:\/\/generales.uprrp.edu\/biblioteca\/wp-json\/wp\/v2\/pages\/258\/revisions"}],"predecessor-version":[{"id":260,"href":"https:\/\/generales.uprrp.edu\/biblioteca\/wp-json\/wp\/v2\/pages\/258\/revisions\/260"}],"wp:attachment":[{"href":"https:\/\/generales.uprrp.edu\/biblioteca\/wp-json\/wp\/v2\/media?parent=258"}],"curies":[{"name":"wp","href":"https:\/\/api.w.org\/{rel}","templated":true}]}}