{"id":240,"date":"2025-09-19T17:39:35","date_gmt":"2025-09-19T17:39:35","guid":{"rendered":"https:\/\/generales.uprrp.edu\/biblioteca\/?page_id=240"},"modified":"2025-09-19T17:49:41","modified_gmt":"2025-09-19T17:49:41","slug":"colecciones","status":"publish","type":"page","link":"https:\/\/generales.uprrp.edu\/biblioteca\/colecciones\/","title":{"rendered":"Colecciones"},"content":{"rendered":"<p><strong>Recursos Informativos<br \/>\n<\/strong><span style=\"font-size: 14px;\">Est\u00e1 constituida por una colecci\u00f3n general de libros que se prestan para uso fuera de la Biblioteca por 15 d\u00edas laborables.<\/span><\/p>\n<p><strong>Colecciones Especializadas<br \/>\n<\/strong>Contiene documentos y recortes de peri\u00f3dicos sobre temas de actualidad o temas relacionados con los cursos que ofrece esta Facultad. Dispone de un directorio de los temas incluidos.<\/p>\n<p><strong>Peri\u00f3dicos<br \/>\n<\/strong>La Biblioteca recibe los peri\u00f3dicos locales. Los peri\u00f3dicos de la semana est\u00e1n disponibles para el libre uso en el \u00e1rea asignada para esos fines. Todos los peri\u00f3dicos del mes en curso y del mes anterior se conservan en la secci\u00f3n de Referencia.<\/p>\n<div class=\"wpb_wrapper\"><span style=\"font-size: 14px;\"><strong>Revistas<\/strong><br \/>\n<\/span><span style=\"font-size: 14px;\">Las revistas complementan la colecci\u00f3n de libros, ofreciendo informaci\u00f3n actualizada sobre temas variados. El directorio est\u00e1 disponible en el \u00e1rea de Referencia. Adem\u00e1s, la\u00a0<\/span><a style=\"font-size: 14px;\" href=\"https:\/\/www.upr.edu\/biblioteca-rrp\/\">P\u00e1gina del Sistema de Bibliotecas<\/a><span style=\"font-size: 14px;\">\u00a0ofrece acceso a m\u00faltiples bases de datos de revistas sobre temas generales y especializados de las cuales una gran cantidad tienen texto completo y bibliograf\u00edas.<\/span><\/div>\n","protected":false},"excerpt":{"rendered":"<p>Recursos Informativos Est\u00e1 constituida por una colecci\u00f3n general de libros que se prestan para uso fuera de la Biblioteca por 15 d\u00edas laborables. Colecciones Especializadas Contiene documentos y recortes de &hellip; <\/p>\n","protected":false},"author":11,"featured_media":0,"parent":0,"menu_order":0,"comment_status":"closed","ping_status":"closed","template":"","meta":{"pmpro_default_level":"","footnotes":""},"class_list":["post-240","page","type-page","status-publish","hentry","pmpro-has-access"],"_links":{"self":[{"href":"https:\/\/generales.uprrp.edu\/biblioteca\/wp-json\/wp\/v2\/pages\/240","targetHints":{"allow":["GET"]}}],"collection":[{"href":"https:\/\/generales.uprrp.edu\/biblioteca\/wp-json\/wp\/v2\/pages"}],"about":[{"href":"https:\/\/generales.uprrp.edu\/biblioteca\/wp-json\/wp\/v2\/types\/page"}],"author":[{"embeddable":true,"href":"https:\/\/generales.uprrp.edu\/biblioteca\/wp-json\/wp\/v2\/users\/11"}],"replies":[{"embeddable":true,"href":"https:\/\/generales.uprrp.edu\/biblioteca\/wp-json\/wp\/v2\/comments?post=240"}],"version-history":[{"count":4,"href":"https:\/\/generales.uprrp.edu\/biblioteca\/wp-json\/wp\/v2\/pages\/240\/revisions"}],"predecessor-version":[{"id":244,"href":"https:\/\/generales.uprrp.edu\/biblioteca\/wp-json\/wp\/v2\/pages\/240\/revisions\/244"}],"wp:attachment":[{"href":"https:\/\/generales.uprrp.edu\/biblioteca\/wp-json\/wp\/v2\/media?parent=240"}],"curies":[{"name":"wp","href":"https:\/\/api.w.org\/{rel}","templated":true}]}}