{"id":18,"date":"2017-12-28T21:10:06","date_gmt":"2017-12-28T21:10:06","guid":{"rendered":"http:\/\/generales.uprrp.edu\/biblioteca\/?page_id=18"},"modified":"2018-01-10T14:16:47","modified_gmt":"2018-01-10T14:16:47","slug":"sistema-bibliotecas","status":"publish","type":"page","link":"https:\/\/generales.uprrp.edu\/biblioteca\/sistema-bibliotecas\/","title":{"rendered":"Sistema Bibliotecas"},"content":{"rendered":"<p>El <a href=\"http:\/\/biblioteca.uprrp.edu\/\" target=\"_blank\" rel=\"noopener\">Sistema de Bibliotecas del Recinto de R\u00edo Piedras de la Universidad de Puerto Rico<\/a>, contribuye a la gesti\u00f3n de aprendizaje, ense\u00f1anza, investigaci\u00f3n, labor creativa y servicio que el\u00a0 Recinto tiene como misi\u00f3n. A trav\u00e9s de la articulaci\u00f3n de servicios y programas, integra tecnolog\u00edas de informaci\u00f3n y comunicaci\u00f3n que propician el acceso eficiente y efectivo a recursos de informaci\u00f3n actualizados y pertinentes al curr\u00edculo y a la investigaci\u00f3n. Fomenta activamente el desarrollo de destrezas y competencias de informaci\u00f3n y promueve el aprendizaje continuo y la formaci\u00f3n de un individuo capaz de generar nuevo conocimiento.<\/p>\n","protected":false},"excerpt":{"rendered":"<p>El Sistema de Bibliotecas del Recinto de R\u00edo Piedras de la Universidad de Puerto Rico, contribuye a la gesti\u00f3n de aprendizaje, ense\u00f1anza, investigaci\u00f3n, labor creativa y servicio que el\u00a0 Recinto &hellip; <\/p>\n","protected":false},"author":2,"featured_media":0,"parent":0,"menu_order":0,"comment_status":"closed","ping_status":"closed","template":"","meta":{"pmpro_default_level":"","footnotes":""},"class_list":["post-18","page","type-page","status-publish","hentry","pmpro-has-access"],"_links":{"self":[{"href":"https:\/\/generales.uprrp.edu\/biblioteca\/wp-json\/wp\/v2\/pages\/18","targetHints":{"allow":["GET"]}}],"collection":[{"href":"https:\/\/generales.uprrp.edu\/biblioteca\/wp-json\/wp\/v2\/pages"}],"about":[{"href":"https:\/\/generales.uprrp.edu\/biblioteca\/wp-json\/wp\/v2\/types\/page"}],"author":[{"embeddable":true,"href":"https:\/\/generales.uprrp.edu\/biblioteca\/wp-json\/wp\/v2\/users\/2"}],"replies":[{"embeddable":true,"href":"https:\/\/generales.uprrp.edu\/biblioteca\/wp-json\/wp\/v2\/comments?post=18"}],"version-history":[{"count":3,"href":"https:\/\/generales.uprrp.edu\/biblioteca\/wp-json\/wp\/v2\/pages\/18\/revisions"}],"predecessor-version":[{"id":42,"href":"https:\/\/generales.uprrp.edu\/biblioteca\/wp-json\/wp\/v2\/pages\/18\/revisions\/42"}],"wp:attachment":[{"href":"https:\/\/generales.uprrp.edu\/biblioteca\/wp-json\/wp\/v2\/media?parent=18"}],"curies":[{"name":"wp","href":"https:\/\/api.w.org\/{rel}","templated":true}]}}