{"id":170,"date":"2021-06-03T17:24:57","date_gmt":"2021-06-03T17:24:57","guid":{"rendered":"https:\/\/generales.uprrp.edu\/biblioteca\/?page_id=170"},"modified":"2025-09-22T12:35:53","modified_gmt":"2025-09-22T12:35:53","slug":"biblioteca-aqa","status":"publish","type":"page","link":"https:\/\/generales.uprrp.edu\/biblioteca\/","title":{"rendered":"Biblioteca \u00c1ngel Quintero Alfaro"},"content":{"rendered":"\t\t<div data-elementor-type=\"wp-page\" data-elementor-id=\"170\" class=\"elementor elementor-170\">\n\t\t\t\t\t\t<section class=\"elementor-section elementor-top-section elementor-element elementor-element-91154ec elementor-section-full_width elementor-section-stretched elementor-section-height-default elementor-section-height-default\" data-id=\"91154ec\" data-element_type=\"section\" data-e-type=\"section\" data-settings=\"{&quot;stretch_section&quot;:&quot;section-stretched&quot;}\">\n\t\t\t\t\t\t<div class=\"elementor-container elementor-column-gap-default\">\n\t\t\t\t\t<div class=\"elementor-column elementor-col-100 elementor-top-column elementor-element elementor-element-bcfa832\" data-id=\"bcfa832\" data-element_type=\"column\" data-e-type=\"column\">\n\t\t\t<div class=\"elementor-widget-wrap elementor-element-populated\">\n\t\t\t\t\t\t<div class=\"elementor-element elementor-element-91d5837 elementor-widget elementor-widget-image\" data-id=\"91d5837\" data-element_type=\"widget\" data-e-type=\"widget\" data-widget_type=\"image.default\">\n\t\t\t\t<div class=\"elementor-widget-container\">\n\t\t\t\t\t\t\t\t\t\t\t\t\t\t\t<img fetchpriority=\"high\" decoding=\"async\" width=\"640\" height=\"104\" src=\"https:\/\/generales.uprrp.edu\/biblioteca\/wp-content\/uploads\/sites\/18\/2025\/09\/imagen-header-biblioteca-1024x167.png\" class=\"attachment-large size-large wp-image-274\" alt=\"\" srcset=\"https:\/\/generales.uprrp.edu\/biblioteca\/wp-content\/uploads\/sites\/18\/2025\/09\/imagen-header-biblioteca-1024x167.png 1024w, https:\/\/generales.uprrp.edu\/biblioteca\/wp-content\/uploads\/sites\/18\/2025\/09\/imagen-header-biblioteca-300x49.png 300w, https:\/\/generales.uprrp.edu\/biblioteca\/wp-content\/uploads\/sites\/18\/2025\/09\/imagen-header-biblioteca-768x125.png 768w, https:\/\/generales.uprrp.edu\/biblioteca\/wp-content\/uploads\/sites\/18\/2025\/09\/imagen-header-biblioteca-1536x250.png 1536w, https:\/\/generales.uprrp.edu\/biblioteca\/wp-content\/uploads\/sites\/18\/2025\/09\/imagen-header-biblioteca-600x98.png 600w, https:\/\/generales.uprrp.edu\/biblioteca\/wp-content\/uploads\/sites\/18\/2025\/09\/imagen-header-biblioteca.png 1841w\" sizes=\"(max-width: 640px) 100vw, 640px\" \/>\t\t\t\t\t\t\t\t\t\t\t\t\t\t\t<\/div>\n\t\t\t\t<\/div>\n\t\t\t\t\t<\/div>\n\t\t<\/div>\n\t\t\t\t\t<\/div>\n\t\t<\/section>\n\t\t\t\t<section class=\"elementor-section elementor-top-section elementor-element elementor-element-454fde8 elementor-section-stretched elementor-section-boxed elementor-section-height-default elementor-section-height-default\" data-id=\"454fde8\" data-element_type=\"section\" data-e-type=\"section\" data-settings=\"{&quot;stretch_section&quot;:&quot;section-stretched&quot;,&quot;background_background&quot;:&quot;classic&quot;}\">\n\t\t\t\t\t\t<div class=\"elementor-container elementor-column-gap-default\">\n\t\t\t\t\t<div class=\"elementor-column elementor-col-20 elementor-top-column elementor-element elementor-element-b2ef30f\" data-id=\"b2ef30f\" data-element_type=\"column\" data-e-type=\"column\">\n\t\t\t<div class=\"elementor-widget-wrap elementor-element-populated\">\n\t\t\t\t\t\t<div class=\"elementor-element elementor-element-1aa16fd elementor-view-default elementor-position-block-start elementor-mobile-position-block-start elementor-widget elementor-widget-icon-box\" data-id=\"1aa16fd\" data-element_type=\"widget\" data-e-type=\"widget\" data-widget_type=\"icon-box.default\">\n\t\t\t\t<div class=\"elementor-widget-container\">\n\t\t\t\t\t\t\t<div class=\"elementor-icon-box-wrapper\">\n\n\t\t\t\t\t\t<div class=\"elementor-icon-box-icon\">\n\t\t\t\t<a href=\"https:\/\/miupi.uprrp.edu\/\" target=\"_blank\" class=\"elementor-icon\" tabindex=\"-1\" aria-label=\"Portal MiUPI\">\n\t\t\t\t<i aria-hidden=\"true\" class=\"fas fa-user-graduate\"><\/i>\t\t\t\t<\/a>\n\t\t\t<\/div>\n\t\t\t\n\t\t\t\t\t\t<div class=\"elementor-icon-box-content\">\n\n\t\t\t\t\t\t\t\t\t<h3 class=\"elementor-icon-box-title\">\n\t\t\t\t\t\t<a href=\"https:\/\/miupi.uprrp.edu\/\" target=\"_blank\" >\n\t\t\t\t\t\t\tPortal MiUPI\t\t\t\t\t\t<\/a>\n\t\t\t\t\t<\/h3>\n\t\t\t\t\n\t\t\t\t\n\t\t\t<\/div>\n\t\t\t\n\t\t<\/div>\n\t\t\t\t\t\t<\/div>\n\t\t\t\t<\/div>\n\t\t\t\t\t<\/div>\n\t\t<\/div>\n\t\t\t\t<div class=\"elementor-column elementor-col-20 elementor-top-column elementor-element elementor-element-841ec05\" data-id=\"841ec05\" data-element_type=\"column\" data-e-type=\"column\">\n\t\t\t<div class=\"elementor-widget-wrap elementor-element-populated\">\n\t\t\t\t\t\t<div class=\"elementor-element elementor-element-ea0ab6e elementor-view-default elementor-position-block-start elementor-mobile-position-block-start elementor-widget elementor-widget-icon-box\" data-id=\"ea0ab6e\" data-element_type=\"widget\" data-e-type=\"widget\" data-widget_type=\"icon-box.default\">\n\t\t\t\t<div class=\"elementor-widget-container\">\n\t\t\t\t\t\t\t<div class=\"elementor-icon-box-wrapper\">\n\n\t\t\t\t\t\t<div class=\"elementor-icon-box-icon\">\n\t\t\t\t<a href=\"https:\/\/portal.upr.edu\/uprrp\/portal.php?a=rea_login\" target=\"_blank\" class=\"elementor-icon\" tabindex=\"-1\" aria-label=\"Portal NEXT\">\n\t\t\t\t<i aria-hidden=\"true\" class=\"far fa-edit\"><\/i>\t\t\t\t<\/a>\n\t\t\t<\/div>\n\t\t\t\n\t\t\t\t\t\t<div class=\"elementor-icon-box-content\">\n\n\t\t\t\t\t\t\t\t\t<h3 class=\"elementor-icon-box-title\">\n\t\t\t\t\t\t<a href=\"https:\/\/portal.upr.edu\/uprrp\/portal.php?a=rea_login\" target=\"_blank\" >\n\t\t\t\t\t\t\tPortal NEXT\t\t\t\t\t\t<\/a>\n\t\t\t\t\t<\/h3>\n\t\t\t\t\n\t\t\t\t\n\t\t\t<\/div>\n\t\t\t\n\t\t<\/div>\n\t\t\t\t\t\t<\/div>\n\t\t\t\t<\/div>\n\t\t\t\t\t<\/div>\n\t\t<\/div>\n\t\t\t\t<div class=\"elementor-column elementor-col-20 elementor-top-column elementor-element elementor-element-4fc26a4\" data-id=\"4fc26a4\" data-element_type=\"column\" data-e-type=\"column\">\n\t\t\t<div class=\"elementor-widget-wrap elementor-element-populated\">\n\t\t\t\t\t\t<div class=\"elementor-element elementor-element-6a9e299 elementor-view-default elementor-position-block-start elementor-mobile-position-block-start elementor-widget elementor-widget-icon-box\" data-id=\"6a9e299\" data-element_type=\"widget\" data-e-type=\"widget\" data-widget_type=\"icon-box.default\">\n\t\t\t\t<div class=\"elementor-widget-container\">\n\t\t\t\t\t\t\t<div class=\"elementor-icon-box-wrapper\">\n\n\t\t\t\t\t\t<div class=\"elementor-icon-box-icon\">\n\t\t\t\t<a href=\"https:\/\/services.portal.upr.edu\/\" target=\"_blank\" class=\"elementor-icon\" tabindex=\"-1\" aria-label=\"Portal Services\">\n\t\t\t\t<i aria-hidden=\"true\" class=\"far fa-file-alt\"><\/i>\t\t\t\t<\/a>\n\t\t\t<\/div>\n\t\t\t\n\t\t\t\t\t\t<div class=\"elementor-icon-box-content\">\n\n\t\t\t\t\t\t\t\t\t<h3 class=\"elementor-icon-box-title\">\n\t\t\t\t\t\t<a href=\"https:\/\/services.portal.upr.edu\/\" target=\"_blank\" >\n\t\t\t\t\t\t\tPortal Services\t\t\t\t\t\t<\/a>\n\t\t\t\t\t<\/h3>\n\t\t\t\t\n\t\t\t\t\n\t\t\t<\/div>\n\t\t\t\n\t\t<\/div>\n\t\t\t\t\t\t<\/div>\n\t\t\t\t<\/div>\n\t\t\t\t\t<\/div>\n\t\t<\/div>\n\t\t\t\t<div class=\"elementor-column elementor-col-20 elementor-top-column elementor-element elementor-element-3939c23\" data-id=\"3939c23\" data-element_type=\"column\" data-e-type=\"column\">\n\t\t\t<div class=\"elementor-widget-wrap elementor-element-populated\">\n\t\t\t\t\t\t<div class=\"elementor-element elementor-element-7da7d05 elementor-view-default elementor-position-block-start elementor-mobile-position-block-start elementor-widget elementor-widget-icon-box\" data-id=\"7da7d05\" data-element_type=\"widget\" data-e-type=\"widget\" data-widget_type=\"icon-box.default\">\n\t\t\t\t<div class=\"elementor-widget-container\">\n\t\t\t\t\t\t\t<div class=\"elementor-icon-box-wrapper\">\n\n\t\t\t\t\t\t<div class=\"elementor-icon-box-icon\">\n\t\t\t\t<a href=\"https:\/\/outlook.office.com\/mail\/\" target=\"_blank\" class=\"elementor-icon\" tabindex=\"-1\" aria-label=\"Email Outlook\">\n\t\t\t\t<i aria-hidden=\"true\" class=\"fas fa-envelope-open-text\"><\/i>\t\t\t\t<\/a>\n\t\t\t<\/div>\n\t\t\t\n\t\t\t\t\t\t<div class=\"elementor-icon-box-content\">\n\n\t\t\t\t\t\t\t\t\t<h3 class=\"elementor-icon-box-title\">\n\t\t\t\t\t\t<a href=\"https:\/\/outlook.office.com\/mail\/\" target=\"_blank\" >\n\t\t\t\t\t\t\tEmail Outlook\t\t\t\t\t\t<\/a>\n\t\t\t\t\t<\/h3>\n\t\t\t\t\n\t\t\t\t\n\t\t\t<\/div>\n\t\t\t\n\t\t<\/div>\n\t\t\t\t\t\t<\/div>\n\t\t\t\t<\/div>\n\t\t\t\t\t<\/div>\n\t\t<\/div>\n\t\t\t\t<div class=\"elementor-column elementor-col-20 elementor-top-column elementor-element elementor-element-7718c66\" data-id=\"7718c66\" data-element_type=\"column\" data-e-type=\"column\">\n\t\t\t<div class=\"elementor-widget-wrap elementor-element-populated\">\n\t\t\t\t\t\t<div class=\"elementor-element elementor-element-c219719 elementor-view-default elementor-position-block-start elementor-mobile-position-block-start elementor-widget elementor-widget-icon-box\" data-id=\"c219719\" data-element_type=\"widget\" data-e-type=\"widget\" data-widget_type=\"icon-box.default\">\n\t\t\t\t<div class=\"elementor-widget-container\">\n\t\t\t\t\t\t\t<div class=\"elementor-icon-box-wrapper\">\n\n\t\t\t\t\t\t<div class=\"elementor-icon-box-icon\">\n\t\t\t\t<a href=\"https:\/\/online.uprrp.edu\/\" target=\"_blank\" class=\"elementor-icon\" tabindex=\"-1\" aria-label=\"Moodle\">\n\t\t\t\t<i aria-hidden=\"true\" class=\"fas fa-chalkboard-teacher\"><\/i>\t\t\t\t<\/a>\n\t\t\t<\/div>\n\t\t\t\n\t\t\t\t\t\t<div class=\"elementor-icon-box-content\">\n\n\t\t\t\t\t\t\t\t\t<h3 class=\"elementor-icon-box-title\">\n\t\t\t\t\t\t<a href=\"https:\/\/online.uprrp.edu\/\" target=\"_blank\" >\n\t\t\t\t\t\t\tMoodle\t\t\t\t\t\t<\/a>\n\t\t\t\t\t<\/h3>\n\t\t\t\t\n\t\t\t\t\n\t\t\t<\/div>\n\t\t\t\n\t\t<\/div>\n\t\t\t\t\t\t<\/div>\n\t\t\t\t<\/div>\n\t\t\t\t\t<\/div>\n\t\t<\/div>\n\t\t\t\t\t<\/div>\n\t\t<\/section>\n\t\t\t\t<section class=\"elementor-section elementor-top-section elementor-element elementor-element-7567184 elementor-section-boxed elementor-section-height-default elementor-section-height-default\" data-id=\"7567184\" data-element_type=\"section\" data-e-type=\"section\">\n\t\t\t\t\t\t<div class=\"elementor-container elementor-column-gap-default\">\n\t\t\t\t\t<div class=\"elementor-column elementor-col-100 elementor-top-column elementor-element elementor-element-ddddd9e\" data-id=\"ddddd9e\" data-element_type=\"column\" data-e-type=\"column\">\n\t\t\t<div class=\"elementor-widget-wrap elementor-element-populated\">\n\t\t\t\t\t\t<div class=\"elementor-element elementor-element-446fc51 elementor-widget elementor-widget-spacer\" data-id=\"446fc51\" data-element_type=\"widget\" data-e-type=\"widget\" data-widget_type=\"spacer.default\">\n\t\t\t\t<div class=\"elementor-widget-container\">\n\t\t\t\t\t\t\t<div class=\"elementor-spacer\">\n\t\t\t<div class=\"elementor-spacer-inner\"><\/div>\n\t\t<\/div>\n\t\t\t\t\t\t<\/div>\n\t\t\t\t<\/div>\n\t\t\t\t\t<\/div>\n\t\t<\/div>\n\t\t\t\t\t<\/div>\n\t\t<\/section>\n\t\t\t\t<section class=\"elementor-section elementor-top-section elementor-element elementor-element-a39ddd3 elementor-section-boxed elementor-section-height-default elementor-section-height-default\" data-id=\"a39ddd3\" data-element_type=\"section\" data-e-type=\"section\">\n\t\t\t\t\t\t<div class=\"elementor-container elementor-column-gap-default\">\n\t\t\t\t\t<div class=\"elementor-column elementor-col-33 elementor-top-column elementor-element elementor-element-4eec030\" data-id=\"4eec030\" data-element_type=\"column\" data-e-type=\"column\">\n\t\t\t<div class=\"elementor-widget-wrap elementor-element-populated\">\n\t\t\t\t\t\t<div class=\"elementor-element elementor-element-e374b08 elementor-widget elementor-widget-image\" data-id=\"e374b08\" data-element_type=\"widget\" data-e-type=\"widget\" data-widget_type=\"image.default\">\n\t\t\t\t<div class=\"elementor-widget-container\">\n\t\t\t\t\t\t\t\t\t\t\t\t\t\t\t<img decoding=\"async\" width=\"640\" height=\"356\" src=\"https:\/\/generales.uprrp.edu\/biblioteca\/wp-content\/uploads\/sites\/18\/2025\/09\/logo-Biblioteca-1024x570.png\" class=\"attachment-large size-large wp-image-282\" alt=\"\" srcset=\"https:\/\/generales.uprrp.edu\/biblioteca\/wp-content\/uploads\/sites\/18\/2025\/09\/logo-Biblioteca-1024x570.png 1024w, https:\/\/generales.uprrp.edu\/biblioteca\/wp-content\/uploads\/sites\/18\/2025\/09\/logo-Biblioteca-300x167.png 300w, https:\/\/generales.uprrp.edu\/biblioteca\/wp-content\/uploads\/sites\/18\/2025\/09\/logo-Biblioteca-768x427.png 768w, https:\/\/generales.uprrp.edu\/biblioteca\/wp-content\/uploads\/sites\/18\/2025\/09\/logo-Biblioteca-600x334.png 600w, https:\/\/generales.uprrp.edu\/biblioteca\/wp-content\/uploads\/sites\/18\/2025\/09\/logo-Biblioteca.png 1350w\" sizes=\"(max-width: 640px) 100vw, 640px\" \/>\t\t\t\t\t\t\t\t\t\t\t\t\t\t\t<\/div>\n\t\t\t\t<\/div>\n\t\t\t\t\t<\/div>\n\t\t<\/div>\n\t\t\t\t<div class=\"elementor-column elementor-col-66 elementor-top-column elementor-element elementor-element-f3fcd25\" data-id=\"f3fcd25\" data-element_type=\"column\" data-e-type=\"column\">\n\t\t\t<div class=\"elementor-widget-wrap elementor-element-populated\">\n\t\t\t\t\t\t<div class=\"elementor-element elementor-element-5ac57b8 elementor-widget elementor-widget-text-editor\" data-id=\"5ac57b8\" data-element_type=\"widget\" data-e-type=\"widget\" data-widget_type=\"text-editor.default\">\n\t\t\t\t<div class=\"elementor-widget-container\">\n\t\t\t\t\t\t\t\t\t<p>La Biblioteca \u00c1ngel Quintero Alfaro tiene como objetivos principales ofrecer servicios bibliotecarios a estudiantes y profesores de la Facultad de Estudios Generales, a tenor con las demandas acad\u00e9micas, y estimular al estudiante a desarrollar h\u00e1bitos de estudio y lectura que le ayuden a ampliar sus conocimientos por medio del uso ef\u00eactivo de la Biblioteca. La biblioteca cuenta con salas de estudio individual y \u00e1reas de servicio directo al usuario.<\/p><p>La Biblioteca \u00c1ngel Quintero Alfaro tiene como misi\u00f3n servir a la comunidad estudiantil y al profesorado adscrito a la Facultad de Estudios Generales, proveer los recursos informativos que apoyen plenamente el curr\u00edculo y satisfagan las necesidades de investigaci\u00f3n e informaci\u00f3n de la Facultad, y capacitar a los usuarios en el uso efectivo de estos recursos a tenor con las nuevas tecnolog\u00edas de la informaci\u00f3n.<\/p>\t\t\t\t\t\t\t\t<\/div>\n\t\t\t\t<\/div>\n\t\t\t\t\t<\/div>\n\t\t<\/div>\n\t\t\t\t\t<\/div>\n\t\t<\/section>\n\t\t\t\t<section class=\"elementor-section elementor-top-section elementor-element elementor-element-9988740 elementor-section-boxed elementor-section-height-default elementor-section-height-default\" data-id=\"9988740\" data-element_type=\"section\" data-e-type=\"section\">\n\t\t\t\t\t\t<div class=\"elementor-container elementor-column-gap-default\">\n\t\t\t\t\t<div class=\"elementor-column elementor-col-100 elementor-top-column elementor-element elementor-element-a370036\" data-id=\"a370036\" data-element_type=\"column\" data-e-type=\"column\">\n\t\t\t<div class=\"elementor-widget-wrap elementor-element-populated\">\n\t\t\t\t\t\t<div class=\"elementor-element elementor-element-77da820 elementor-widget elementor-widget-spacer\" data-id=\"77da820\" data-element_type=\"widget\" data-e-type=\"widget\" data-widget_type=\"spacer.default\">\n\t\t\t\t<div class=\"elementor-widget-container\">\n\t\t\t\t\t\t\t<div class=\"elementor-spacer\">\n\t\t\t<div class=\"elementor-spacer-inner\"><\/div>\n\t\t<\/div>\n\t\t\t\t\t\t<\/div>\n\t\t\t\t<\/div>\n\t\t\t\t\t<\/div>\n\t\t<\/div>\n\t\t\t\t\t<\/div>\n\t\t<\/section>\n\t\t\t\t<section class=\"elementor-section elementor-top-section elementor-element elementor-element-7c895fc elementor-section-boxed elementor-section-height-default elementor-section-height-default\" data-id=\"7c895fc\" data-element_type=\"section\" data-e-type=\"section\">\n\t\t\t\t\t\t<div class=\"elementor-container elementor-column-gap-default\">\n\t\t\t\t\t<div class=\"elementor-column elementor-col-25 elementor-top-column elementor-element elementor-element-084d154\" data-id=\"084d154\" data-element_type=\"column\" data-e-type=\"column\">\n\t\t\t<div class=\"elementor-widget-wrap elementor-element-populated\">\n\t\t\t\t\t\t<div class=\"elementor-element elementor-element-cba0cf7 elementor-widget elementor-widget-image\" data-id=\"cba0cf7\" data-element_type=\"widget\" data-e-type=\"widget\" data-widget_type=\"image.default\">\n\t\t\t\t<div class=\"elementor-widget-container\">\n\t\t\t\t\t\t\t\t\t\t\t\t\t\t\t\t<a href=\"https:\/\/uprrp.libcal.com\/spaces?lid=12398&#038;gid=0&#038;c=0\" target=\"_blank\">\n\t\t\t\t\t\t\t<img decoding=\"async\" width=\"388\" height=\"226\" src=\"https:\/\/generales.uprrp.edu\/biblioteca\/wp-content\/uploads\/sites\/18\/2021\/05\/citas.jpg\" class=\"attachment-large size-large wp-image-109\" alt=\"\" srcset=\"https:\/\/generales.uprrp.edu\/biblioteca\/wp-content\/uploads\/sites\/18\/2021\/05\/citas.jpg 388w, https:\/\/generales.uprrp.edu\/biblioteca\/wp-content\/uploads\/sites\/18\/2021\/05\/citas-300x175.jpg 300w, https:\/\/generales.uprrp.edu\/biblioteca\/wp-content\/uploads\/sites\/18\/2021\/05\/citas-150x87.jpg 150w\" sizes=\"(max-width: 388px) 100vw, 388px\" \/>\t\t\t\t\t\t\t\t<\/a>\n\t\t\t\t\t\t\t\t\t\t\t\t\t\t\t<\/div>\n\t\t\t\t<\/div>\n\t\t\t\t\t<\/div>\n\t\t<\/div>\n\t\t\t\t<div class=\"elementor-column elementor-col-25 elementor-top-column elementor-element elementor-element-3c4c0aa\" data-id=\"3c4c0aa\" data-element_type=\"column\" data-e-type=\"column\">\n\t\t\t<div class=\"elementor-widget-wrap elementor-element-populated\">\n\t\t\t\t\t\t<div class=\"elementor-element elementor-element-ac2e879 elementor-widget elementor-widget-image\" data-id=\"ac2e879\" data-element_type=\"widget\" data-e-type=\"widget\" data-widget_type=\"image.default\">\n\t\t\t\t<div class=\"elementor-widget-container\">\n\t\t\t\t\t\t\t\t\t\t\t\t\t\t\t\t<a href=\"https:\/\/uprrp.libanswers.com\/\" target=\"_blank\">\n\t\t\t\t\t\t\t<img loading=\"lazy\" decoding=\"async\" width=\"388\" height=\"226\" src=\"https:\/\/generales.uprrp.edu\/biblioteca\/wp-content\/uploads\/sites\/18\/2021\/05\/pregu\u0301ntale.jpg\" class=\"attachment-large size-large wp-image-111\" alt=\"\" srcset=\"https:\/\/generales.uprrp.edu\/biblioteca\/wp-content\/uploads\/sites\/18\/2021\/05\/pregu\u0301ntale.jpg 388w, https:\/\/generales.uprrp.edu\/biblioteca\/wp-content\/uploads\/sites\/18\/2021\/05\/pregu\u0301ntale-300x175.jpg 300w, https:\/\/generales.uprrp.edu\/biblioteca\/wp-content\/uploads\/sites\/18\/2021\/05\/pregu\u0301ntale-150x87.jpg 150w\" sizes=\"(max-width: 388px) 100vw, 388px\" \/>\t\t\t\t\t\t\t\t<\/a>\n\t\t\t\t\t\t\t\t\t\t\t\t\t\t\t<\/div>\n\t\t\t\t<\/div>\n\t\t\t\t\t<\/div>\n\t\t<\/div>\n\t\t\t\t<div class=\"elementor-column elementor-col-25 elementor-top-column elementor-element elementor-element-d888ca1\" data-id=\"d888ca1\" data-element_type=\"column\" data-e-type=\"column\">\n\t\t\t<div class=\"elementor-widget-wrap elementor-element-populated\">\n\t\t\t\t\t\t<div class=\"elementor-element elementor-element-1c20662 elementor-widget elementor-widget-image\" data-id=\"1c20662\" data-element_type=\"widget\" data-e-type=\"widget\" data-widget_type=\"image.default\">\n\t\t\t\t<div class=\"elementor-widget-container\">\n\t\t\t\t\t\t\t\t\t\t\t\t\t\t\t\t<a href=\"https:\/\/www.upr.edu\/biblioteca-rrp\/servicios\/\" target=\"_blank\">\n\t\t\t\t\t\t\t<img loading=\"lazy\" decoding=\"async\" width=\"388\" height=\"226\" src=\"https:\/\/generales.uprrp.edu\/biblioteca\/wp-content\/uploads\/sites\/18\/2021\/05\/solicitudes.jpg\" class=\"attachment-large size-large wp-image-112\" alt=\"\" srcset=\"https:\/\/generales.uprrp.edu\/biblioteca\/wp-content\/uploads\/sites\/18\/2021\/05\/solicitudes.jpg 388w, https:\/\/generales.uprrp.edu\/biblioteca\/wp-content\/uploads\/sites\/18\/2021\/05\/solicitudes-300x175.jpg 300w, https:\/\/generales.uprrp.edu\/biblioteca\/wp-content\/uploads\/sites\/18\/2021\/05\/solicitudes-150x87.jpg 150w\" sizes=\"(max-width: 388px) 100vw, 388px\" \/>\t\t\t\t\t\t\t\t<\/a>\n\t\t\t\t\t\t\t\t\t\t\t\t\t\t\t<\/div>\n\t\t\t\t<\/div>\n\t\t\t\t\t<\/div>\n\t\t<\/div>\n\t\t\t\t<div class=\"elementor-column elementor-col-25 elementor-top-column elementor-element elementor-element-7a3a202\" data-id=\"7a3a202\" data-element_type=\"column\" data-e-type=\"column\">\n\t\t\t<div class=\"elementor-widget-wrap elementor-element-populated\">\n\t\t\t\t\t\t<div class=\"elementor-element elementor-element-a7cefbd elementor-widget elementor-widget-image\" data-id=\"a7cefbd\" data-element_type=\"widget\" data-e-type=\"widget\" data-widget_type=\"image.default\">\n\t\t\t\t<div class=\"elementor-widget-container\">\n\t\t\t\t\t\t\t\t\t\t\t\t\t\t\t\t<a href=\"https:\/\/uprrp.libguides.com\/?b=s\" target=\"_blank\">\n\t\t\t\t\t\t\t<img loading=\"lazy\" decoding=\"async\" width=\"339\" height=\"203\" src=\"https:\/\/generales.uprrp.edu\/biblioteca\/wp-content\/uploads\/sites\/18\/2021\/05\/gui\u0301as.jpg\" class=\"attachment-large size-large wp-image-110\" alt=\"\" srcset=\"https:\/\/generales.uprrp.edu\/biblioteca\/wp-content\/uploads\/sites\/18\/2021\/05\/gui\u0301as.jpg 339w, https:\/\/generales.uprrp.edu\/biblioteca\/wp-content\/uploads\/sites\/18\/2021\/05\/gui\u0301as-300x180.jpg 300w, https:\/\/generales.uprrp.edu\/biblioteca\/wp-content\/uploads\/sites\/18\/2021\/05\/gui\u0301as-150x90.jpg 150w\" sizes=\"(max-width: 339px) 100vw, 339px\" \/>\t\t\t\t\t\t\t\t<\/a>\n\t\t\t\t\t\t\t\t\t\t\t\t\t\t\t<\/div>\n\t\t\t\t<\/div>\n\t\t\t\t\t<\/div>\n\t\t<\/div>\n\t\t\t\t\t<\/div>\n\t\t<\/section>\n\t\t\t\t<section class=\"elementor-section elementor-top-section elementor-element elementor-element-0ace30f elementor-section-boxed elementor-section-height-default elementor-section-height-default\" data-id=\"0ace30f\" data-element_type=\"section\" data-e-type=\"section\">\n\t\t\t\t\t\t<div class=\"elementor-container elementor-column-gap-default\">\n\t\t\t\t\t<div class=\"elementor-column elementor-col-100 elementor-top-column elementor-element elementor-element-8af55b0\" data-id=\"8af55b0\" data-element_type=\"column\" data-e-type=\"column\">\n\t\t\t<div class=\"elementor-widget-wrap elementor-element-populated\">\n\t\t\t\t\t\t<div class=\"elementor-element elementor-element-3641797 elementor-widget elementor-widget-spacer\" data-id=\"3641797\" data-element_type=\"widget\" data-e-type=\"widget\" data-widget_type=\"spacer.default\">\n\t\t\t\t<div class=\"elementor-widget-container\">\n\t\t\t\t\t\t\t<div class=\"elementor-spacer\">\n\t\t\t<div class=\"elementor-spacer-inner\"><\/div>\n\t\t<\/div>\n\t\t\t\t\t\t<\/div>\n\t\t\t\t<\/div>\n\t\t\t\t\t<\/div>\n\t\t<\/div>\n\t\t\t\t\t<\/div>\n\t\t<\/section>\n\t\t\t\t<\/div>\n\t\t","protected":false},"excerpt":{"rendered":"<p>Portal MiUPI Portal NEXT Portal Services Email Outlook Moodle La Biblioteca \u00c1ngel Quintero Alfaro tiene como objetivos principales ofrecer servicios bibliotecarios a estudiantes y profesores de la Facultad de Estudios &hellip; <\/p>\n","protected":false},"author":11,"featured_media":0,"parent":0,"menu_order":0,"comment_status":"closed","ping_status":"closed","template":"page-templates\/homepage.php","meta":{"pmpro_default_level":"","footnotes":""},"class_list":["post-170","page","type-page","status-publish","hentry","pmpro-has-access"],"_links":{"self":[{"href":"https:\/\/generales.uprrp.edu\/biblioteca\/wp-json\/wp\/v2\/pages\/170","targetHints":{"allow":["GET"]}}],"collection":[{"href":"https:\/\/generales.uprrp.edu\/biblioteca\/wp-json\/wp\/v2\/pages"}],"about":[{"href":"https:\/\/generales.uprrp.edu\/biblioteca\/wp-json\/wp\/v2\/types\/page"}],"author":[{"embeddable":true,"href":"https:\/\/generales.uprrp.edu\/biblioteca\/wp-json\/wp\/v2\/users\/11"}],"replies":[{"embeddable":true,"href":"https:\/\/generales.uprrp.edu\/biblioteca\/wp-json\/wp\/v2\/comments?post=170"}],"version-history":[{"count":47,"href":"https:\/\/generales.uprrp.edu\/biblioteca\/wp-json\/wp\/v2\/pages\/170\/revisions"}],"predecessor-version":[{"id":306,"href":"https:\/\/generales.uprrp.edu\/biblioteca\/wp-json\/wp\/v2\/pages\/170\/revisions\/306"}],"wp:attachment":[{"href":"https:\/\/generales.uprrp.edu\/biblioteca\/wp-json\/wp\/v2\/media?parent=170"}],"curies":[{"name":"wp","href":"https:\/\/api.w.org\/{rel}","templated":true}]}}