{"id":924,"date":"2023-10-19T14:24:30","date_gmt":"2023-10-19T14:24:30","guid":{"rendered":"https:\/\/generales.uprrp.edu\/programa-bachillerato\/?page_id=924"},"modified":"2023-10-19T15:06:44","modified_gmt":"2023-10-19T15:06:44","slug":"mision","status":"publish","type":"page","link":"https:\/\/generales.uprrp.edu\/bachillerato\/mision\/","title":{"rendered":"Misi\u00f3n de la Concentraci\u00f3n Menor"},"content":{"rendered":"<p class=\"p1\">La misi\u00f3n de la Concentraci\u00f3n Menor en Estudios e Investigaci\u00f3n Transdisciplinaria en Afrodescendencia es proveer experiencia acad\u00e9mica integral afrodescendiente que permita a lxs estudiantxs desarrollar conocimientos, responsabilidad social en los procesos culturales y pol\u00edticos y las transformaciones socioecon\u00f3micas del pa\u00eds. Por consiguiente, Puerto Rico se inscribe como participante activo desde una perspectiva transdisciplinaria y decolonial en el marco internacional del alcance de los Objetivos de Desarrollo Sostenibles (ODS 2030) y acuerdos mundiales para la eliminaci\u00f3n del racismo, la xenofobia y formas convexas de intolerancia.<\/p>\n","protected":false},"excerpt":{"rendered":"<p>La misi\u00f3n de la Concentraci\u00f3n Menor en Estudios e Investigaci\u00f3n Transdisciplinaria en Afrodescendencia es proveer experiencia acad\u00e9mica integral afrodescendiente que permita a lxs estudiantxs desarrollar conocimientos, responsabilidad social en los procesos culturales y pol\u00edticos y las transformaciones socioecon\u00f3micas del pa\u00eds. Por consiguiente, Puerto Rico se inscribe como participante activo desde una perspectiva transdisciplinaria y decolonial<\/p>\n","protected":false},"author":11,"featured_media":0,"parent":0,"menu_order":0,"comment_status":"closed","ping_status":"closed","template":"","meta":{"footnotes":""},"class_list":["post-924","page","type-page","status-publish"],"amp_enabled":true,"_links":{"self":[{"href":"https:\/\/generales.uprrp.edu\/bachillerato\/wp-json\/wp\/v2\/pages\/924","targetHints":{"allow":["GET"]}}],"collection":[{"href":"https:\/\/generales.uprrp.edu\/bachillerato\/wp-json\/wp\/v2\/pages"}],"about":[{"href":"https:\/\/generales.uprrp.edu\/bachillerato\/wp-json\/wp\/v2\/types\/page"}],"author":[{"embeddable":true,"href":"https:\/\/generales.uprrp.edu\/bachillerato\/wp-json\/wp\/v2\/users\/11"}],"replies":[{"embeddable":true,"href":"https:\/\/generales.uprrp.edu\/bachillerato\/wp-json\/wp\/v2\/comments?post=924"}],"version-history":[{"count":2,"href":"https:\/\/generales.uprrp.edu\/bachillerato\/wp-json\/wp\/v2\/pages\/924\/revisions"}],"predecessor-version":[{"id":941,"href":"https:\/\/generales.uprrp.edu\/bachillerato\/wp-json\/wp\/v2\/pages\/924\/revisions\/941"}],"wp:attachment":[{"href":"https:\/\/generales.uprrp.edu\/bachillerato\/wp-json\/wp\/v2\/media?parent=924"}],"curies":[{"name":"wp","href":"https:\/\/api.w.org\/{rel}","templated":true}]}}