{"id":922,"date":"2023-10-19T14:22:48","date_gmt":"2023-10-19T14:22:48","guid":{"rendered":"https:\/\/generales.uprrp.edu\/programa-bachillerato\/?page_id=922"},"modified":"2025-10-03T15:46:25","modified_gmt":"2025-10-03T15:46:25","slug":"vision-y-filosofia","status":"publish","type":"page","link":"https:\/\/generales.uprrp.edu\/bachillerato\/vision-y-filosofia\/","title":{"rendered":"Visi\u00f3n y filosof\u00eda de la Concentraci\u00f3n Menor"},"content":{"rendered":"<p class=\"p1\">La Concentraci\u00f3n Menor en Estudios e Investigaci\u00f3n Transdisciplinaria en Afrodescendencia del <span style=\"color: #000000;\"><span class=\"x_ContentPasted1 x_ContentPasted2\">Programa<\/span><\/span> de Bachillerato en Artes en Estudios Generales de la Facultad de Estudios Generales enfatiza el estudio, investigaci\u00f3n, creaci\u00f3n y servicio como plataforma de acci\u00f3n social desde perspectivas transdisciplinarias y decoloniales.<\/p>\n<p class=\"p1\">Posibilita el proveer a lxs educandxs la opci\u00f3n curricular a nivel de bachillerato de estudios e investigaci\u00f3n de la diversidad de linaje afro en la din\u00e1mica social. La concentraci\u00f3n menor se aboca al inter\u00e9s investigativo de todxs lxs estudiantxs desde las m\u00faltiples disciplinas y facultades del sistema de la UPR. En ese sentido, reconoce la transversalidad afro en la producci\u00f3n social, pol\u00edtico-econ\u00f3mica y acad\u00e9mica del pa\u00eds y mundial.<\/p>\n","protected":false},"excerpt":{"rendered":"<p>La Concentraci\u00f3n Menor en Estudios e Investigaci\u00f3n Transdisciplinaria en Afrodescendencia del Programa de Bachillerato en Artes en Estudios Generales de la Facultad de Estudios Generales enfatiza el estudio, investigaci\u00f3n, creaci\u00f3n y servicio como plataforma de acci\u00f3n social desde perspectivas transdisciplinarias y decoloniales. Posibilita el proveer a lxs educandxs la opci\u00f3n curricular a nivel de bachillerato<\/p>\n","protected":false},"author":11,"featured_media":0,"parent":0,"menu_order":0,"comment_status":"closed","ping_status":"closed","template":"","meta":{"footnotes":""},"class_list":["post-922","page","type-page","status-publish"],"amp_enabled":true,"_links":{"self":[{"href":"https:\/\/generales.uprrp.edu\/bachillerato\/wp-json\/wp\/v2\/pages\/922","targetHints":{"allow":["GET"]}}],"collection":[{"href":"https:\/\/generales.uprrp.edu\/bachillerato\/wp-json\/wp\/v2\/pages"}],"about":[{"href":"https:\/\/generales.uprrp.edu\/bachillerato\/wp-json\/wp\/v2\/types\/page"}],"author":[{"embeddable":true,"href":"https:\/\/generales.uprrp.edu\/bachillerato\/wp-json\/wp\/v2\/users\/11"}],"replies":[{"embeddable":true,"href":"https:\/\/generales.uprrp.edu\/bachillerato\/wp-json\/wp\/v2\/comments?post=922"}],"version-history":[{"count":4,"href":"https:\/\/generales.uprrp.edu\/bachillerato\/wp-json\/wp\/v2\/pages\/922\/revisions"}],"predecessor-version":[{"id":1406,"href":"https:\/\/generales.uprrp.edu\/bachillerato\/wp-json\/wp\/v2\/pages\/922\/revisions\/1406"}],"wp:attachment":[{"href":"https:\/\/generales.uprrp.edu\/bachillerato\/wp-json\/wp\/v2\/media?parent=922"}],"curies":[{"name":"wp","href":"https:\/\/api.w.org\/{rel}","templated":true}]}}