{"id":912,"date":"2023-10-19T13:37:02","date_gmt":"2023-10-19T13:37:02","guid":{"rendered":"https:\/\/generales.uprrp.edu\/programa-bachillerato\/?page_id=912"},"modified":"2025-10-03T17:19:43","modified_gmt":"2025-10-03T17:19:43","slug":"que-estudiantes-se-benefician-de-los-cursos","status":"publish","type":"page","link":"https:\/\/generales.uprrp.edu\/bachillerato\/que-estudiantes-se-benefician-de-los-cursos\/","title":{"rendered":"\u00bfQu\u00e9 estudiantes se benefician de los cursos?"},"content":{"rendered":"<p>Tanto los estudiantes del <span style=\"color: #000000;\"><span class=\"x_ContentPasted1 x_ContentPasted2\">Programa<\/span><\/span> de Bachillerato en Artes en Estudios Generales, as\u00ed como estudiantes de otras facultades y concentraciones interesados en estudiar la experiencia sonora\/musical desde una perspectiva transdisciplinaria. Es precisamente el car\u00e1cter transdisciplinario de esta \u00e1rea de \u00e9nfasis lo que beneficia a una poblaci\u00f3n estudiantil amplia que quiera desarrollar un conocimiento que transforma los l\u00edmites disciplinarios sobre los estudios musicales. Los estudiantes que est\u00e1n interesados en estudiar la experiencia sonora\/musical desde una perspectiva transdisciplinaria en los cursos del \u00c1rea de \u00c9nfasis en Estudios Transdiciplinarios sobre M\u00fasica encontrar\u00e1 un profundo \u00e1mbito de an\u00e1lisis, metodolog\u00eda e investigaci\u00f3n que combinan el estudio de la m\u00fasica con disciplinas colindantes que son de pleno dominio por los profesores que imparten los curso. Siendo en muchos casos, cursos que parten de trabajos de investigaci\u00f3n y pr\u00e1cticas profesionales de los propios profesores que imparten los cursos.<\/p>\n<p>Los cursos tambi\u00e9n pueden figurar como electivas libres del bachillerato independientemente de su facultad.<\/p>\n<p><a href=\"https:\/\/generales.uprrp.edu\/programa-bachillerato\/wp-content\/uploads\/sites\/9\/2024\/08\/IMG_0854.jpg\"><img loading=\"lazy\" decoding=\"async\" class=\"alignleft size-large wp-image-1081\" src=\"https:\/\/generales.uprrp.edu\/programa-bachillerato\/wp-content\/uploads\/sites\/9\/2024\/08\/IMG_0854-1024x768.jpg\" alt=\"\" width=\"708\" height=\"531\" srcset=\"https:\/\/generales.uprrp.edu\/bachillerato\/wp-content\/uploads\/sites\/9\/2024\/08\/IMG_0854-1024x768.jpg 1024w, https:\/\/generales.uprrp.edu\/bachillerato\/wp-content\/uploads\/sites\/9\/2024\/08\/IMG_0854-300x225.jpg 300w, https:\/\/generales.uprrp.edu\/bachillerato\/wp-content\/uploads\/sites\/9\/2024\/08\/IMG_0854-1536x1152.jpg 1536w, https:\/\/generales.uprrp.edu\/bachillerato\/wp-content\/uploads\/sites\/9\/2024\/08\/IMG_0854-150x112.jpg 150w, https:\/\/generales.uprrp.edu\/bachillerato\/wp-content\/uploads\/sites\/9\/2024\/08\/IMG_0854-450x337.jpg 450w, https:\/\/generales.uprrp.edu\/bachillerato\/wp-content\/uploads\/sites\/9\/2024\/08\/IMG_0854-1200x900.jpg 1200w, https:\/\/generales.uprrp.edu\/bachillerato\/wp-content\/uploads\/sites\/9\/2024\/08\/IMG_0854-768x576.jpg 768w, https:\/\/generales.uprrp.edu\/bachillerato\/wp-content\/uploads\/sites\/9\/2024\/08\/IMG_0854.jpg 1867w, https:\/\/generales.uprrp.edu\/bachillerato\/wp-content\/uploads\/sites\/9\/2024\/08\/IMG_0854-300x225@2x.jpg 600w\" sizes=\"auto, (max-width: 708px) 100vw, 708px\" \/><\/a><\/p>\n","protected":false},"excerpt":{"rendered":"<p>Tanto los estudiantes del Programa de Bachillerato en Artes en Estudios Generales, as\u00ed como estudiantes de otras facultades y concentraciones interesados en estudiar la experiencia sonora\/musical desde una perspectiva transdisciplinaria. Es precisamente el car\u00e1cter transdisciplinario de esta \u00e1rea de \u00e9nfasis lo que beneficia a una poblaci\u00f3n estudiantil amplia que quiera desarrollar un conocimiento que transforma<\/p>\n","protected":false},"author":11,"featured_media":0,"parent":0,"menu_order":0,"comment_status":"closed","ping_status":"closed","template":"","meta":{"footnotes":""},"class_list":["post-912","page","type-page","status-publish"],"amp_enabled":true,"_links":{"self":[{"href":"https:\/\/generales.uprrp.edu\/bachillerato\/wp-json\/wp\/v2\/pages\/912","targetHints":{"allow":["GET"]}}],"collection":[{"href":"https:\/\/generales.uprrp.edu\/bachillerato\/wp-json\/wp\/v2\/pages"}],"about":[{"href":"https:\/\/generales.uprrp.edu\/bachillerato\/wp-json\/wp\/v2\/types\/page"}],"author":[{"embeddable":true,"href":"https:\/\/generales.uprrp.edu\/bachillerato\/wp-json\/wp\/v2\/users\/11"}],"replies":[{"embeddable":true,"href":"https:\/\/generales.uprrp.edu\/bachillerato\/wp-json\/wp\/v2\/comments?post=912"}],"version-history":[{"count":5,"href":"https:\/\/generales.uprrp.edu\/bachillerato\/wp-json\/wp\/v2\/pages\/912\/revisions"}],"predecessor-version":[{"id":1411,"href":"https:\/\/generales.uprrp.edu\/bachillerato\/wp-json\/wp\/v2\/pages\/912\/revisions\/1411"}],"wp:attachment":[{"href":"https:\/\/generales.uprrp.edu\/bachillerato\/wp-json\/wp\/v2\/media?parent=912"}],"curies":[{"name":"wp","href":"https:\/\/api.w.org\/{rel}","templated":true}]}}