{"id":910,"date":"2023-10-19T13:36:03","date_gmt":"2023-10-19T13:36:03","guid":{"rendered":"https:\/\/generales.uprrp.edu\/programa-bachillerato\/?page_id=910"},"modified":"2024-08-27T17:40:06","modified_gmt":"2024-08-27T17:40:06","slug":"que-ofrece-al-estudiante","status":"publish","type":"page","link":"https:\/\/generales.uprrp.edu\/bachillerato\/que-ofrece-al-estudiante\/","title":{"rendered":"\u00bfQu\u00e9 ofrece al estudiante?"},"content":{"rendered":"<p>El \u00e1rea de \u00c9nfasis busca proveer al estudiante una amplia visi\u00f3n del espectro que desde diversas disciplinas tiene el estudio, investigaci\u00f3n y desarrollo de la m\u00fasica como fen\u00f3meno humano para el entendimiento y comprensi\u00f3n de la sociedad. Por ende, se pretenden un abordaje desde la poli-dimensionalidad del fen\u00f3meno musical que va desde el sonido, ejecuci\u00f3n, organismo, percepci\u00f3n, significado, relaciones sociales e hist\u00f3ricas.<\/p>\n<p><a href=\"https:\/\/generales.uprrp.edu\/programa-bachillerato\/wp-content\/uploads\/sites\/9\/2024\/08\/DSC_0062.jpg\" target=\"_blank\" rel=\"noopener\"><img loading=\"lazy\" decoding=\"async\" class=\"alignleft size-large wp-image-1084\" src=\"https:\/\/generales.uprrp.edu\/programa-bachillerato\/wp-content\/uploads\/sites\/9\/2024\/08\/DSC_0062-1024x686.jpg\" alt=\"\" width=\"708\" height=\"474\" srcset=\"https:\/\/generales.uprrp.edu\/bachillerato\/wp-content\/uploads\/sites\/9\/2024\/08\/DSC_0062-1024x686.jpg 1024w, https:\/\/generales.uprrp.edu\/bachillerato\/wp-content\/uploads\/sites\/9\/2024\/08\/DSC_0062-300x201.jpg 300w, https:\/\/generales.uprrp.edu\/bachillerato\/wp-content\/uploads\/sites\/9\/2024\/08\/DSC_0062-1536x1028.jpg 1536w, https:\/\/generales.uprrp.edu\/bachillerato\/wp-content\/uploads\/sites\/9\/2024\/08\/DSC_0062-2048x1371.jpg 2048w, https:\/\/generales.uprrp.edu\/bachillerato\/wp-content\/uploads\/sites\/9\/2024\/08\/DSC_0062-150x100.jpg 150w, https:\/\/generales.uprrp.edu\/bachillerato\/wp-content\/uploads\/sites\/9\/2024\/08\/DSC_0062-450x301.jpg 450w, https:\/\/generales.uprrp.edu\/bachillerato\/wp-content\/uploads\/sites\/9\/2024\/08\/DSC_0062-1200x803.jpg 1200w, https:\/\/generales.uprrp.edu\/bachillerato\/wp-content\/uploads\/sites\/9\/2024\/08\/DSC_0062-768x514.jpg 768w, https:\/\/generales.uprrp.edu\/bachillerato\/wp-content\/uploads\/sites\/9\/2024\/08\/DSC_0062-300x201@2x.jpg 600w\" sizes=\"auto, (max-width: 708px) 100vw, 708px\" \/><\/a><\/p>\n","protected":false},"excerpt":{"rendered":"<p>El \u00e1rea de \u00c9nfasis busca proveer al estudiante una amplia visi\u00f3n del espectro que desde diversas disciplinas tiene el estudio, investigaci\u00f3n y desarrollo de la m\u00fasica como fen\u00f3meno humano para el entendimiento y comprensi\u00f3n de la sociedad. Por ende, se pretenden un abordaje desde la poli-dimensionalidad del fen\u00f3meno musical que va desde el sonido, ejecuci\u00f3n,<\/p>\n","protected":false},"author":11,"featured_media":0,"parent":0,"menu_order":0,"comment_status":"closed","ping_status":"closed","template":"","meta":{"footnotes":""},"class_list":["post-910","page","type-page","status-publish"],"amp_enabled":true,"_links":{"self":[{"href":"https:\/\/generales.uprrp.edu\/bachillerato\/wp-json\/wp\/v2\/pages\/910","targetHints":{"allow":["GET"]}}],"collection":[{"href":"https:\/\/generales.uprrp.edu\/bachillerato\/wp-json\/wp\/v2\/pages"}],"about":[{"href":"https:\/\/generales.uprrp.edu\/bachillerato\/wp-json\/wp\/v2\/types\/page"}],"author":[{"embeddable":true,"href":"https:\/\/generales.uprrp.edu\/bachillerato\/wp-json\/wp\/v2\/users\/11"}],"replies":[{"embeddable":true,"href":"https:\/\/generales.uprrp.edu\/bachillerato\/wp-json\/wp\/v2\/comments?post=910"}],"version-history":[{"count":3,"href":"https:\/\/generales.uprrp.edu\/bachillerato\/wp-json\/wp\/v2\/pages\/910\/revisions"}],"predecessor-version":[{"id":1085,"href":"https:\/\/generales.uprrp.edu\/bachillerato\/wp-json\/wp\/v2\/pages\/910\/revisions\/1085"}],"wp:attachment":[{"href":"https:\/\/generales.uprrp.edu\/bachillerato\/wp-json\/wp\/v2\/media?parent=910"}],"curies":[{"name":"wp","href":"https:\/\/api.w.org\/{rel}","templated":true}]}}