{"id":908,"date":"2023-10-19T13:34:38","date_gmt":"2023-10-19T13:34:38","guid":{"rendered":"https:\/\/generales.uprrp.edu\/programa-bachillerato\/?page_id=908"},"modified":"2026-02-19T15:51:54","modified_gmt":"2026-02-19T15:51:54","slug":"ae-musica","status":"publish","type":"page","link":"https:\/\/generales.uprrp.edu\/bachillerato\/ae-musica\/","title":{"rendered":"\u00c1rea de \u00c9nfasis en Estudios Transdisciplinarios sobre la M\u00fasica"},"content":{"rendered":"<p>El \u00c1rea de \u00c9nfasis en Estudios Transdisciplinarios sobre la M\u00fasica comienza con su aprobaci\u00f3n por el Senado Acad\u00e9mico con la Certificaci\u00f3n n\u00famero 84 en el a\u00f1o 2008, siendo parte del ofrecimiento acad\u00e9mico del <a href=\"https:\/\/generales.uprrp.edu\/bachillerato\/\"><span data-olk-copy-source=\"MessageBody\">Programa de Bachillerato en Artes en Estudios Generales de la<\/span>\u00a0Facultad de Estudios Generales<\/a> de la Universidad de Puerto Rico, Recinto de R\u00edo Piedras. Desde la perspectiva transdisciplinaria se enfatiza el estudio e investigaci\u00f3n sobre la m\u00fasica haciendo consciencia cr\u00edtica de aspectos hist\u00f3ricos, sociales, literarios, cient\u00edficos y antropol\u00f3gicos que han participado y participan de las diversas manifestaciones y g\u00e9neros musicales. Tambi\u00e9n incorporamos los saberes populares que se producen y aportan a la m\u00fasica. El \u00e1rea de \u00e9nfasis aborda aspectos que van desde los g\u00e9neros propiamente, su dinamismo, or\u00edgenes, e historia, hasta transferencias culturales, migraci\u00f3n, mercado, tecnolog\u00eda entre otros aspectos que subyacen en la m\u00fasica.<\/p>\n<p>&nbsp;<\/p>\n<p><a href=\"https:\/\/generales.uprrp.edu\/bachillerato\/wp-content\/uploads\/sites\/9\/2026\/02\/CURSOS-AGO-2026.pdf\" target=\"_blank\" rel=\"noopener\"><img loading=\"lazy\" decoding=\"async\" class=\"aligncenter size-full wp-image-1457\" src=\"https:\/\/generales.uprrp.edu\/bachillerato\/wp-content\/uploads\/sites\/9\/2026\/02\/CURSOS-AGO-2026.jpg\" alt=\"\" width=\"612\" height=\"792\" srcset=\"https:\/\/generales.uprrp.edu\/bachillerato\/wp-content\/uploads\/sites\/9\/2026\/02\/CURSOS-AGO-2026.jpg 612w, https:\/\/generales.uprrp.edu\/bachillerato\/wp-content\/uploads\/sites\/9\/2026\/02\/CURSOS-AGO-2026-232x300.jpg 232w, https:\/\/generales.uprrp.edu\/bachillerato\/wp-content\/uploads\/sites\/9\/2026\/02\/CURSOS-AGO-2026-150x194.jpg 150w, https:\/\/generales.uprrp.edu\/bachillerato\/wp-content\/uploads\/sites\/9\/2026\/02\/CURSOS-AGO-2026-450x582.jpg 450w, https:\/\/generales.uprrp.edu\/bachillerato\/wp-content\/uploads\/sites\/9\/2026\/02\/CURSOS-AGO-2026-232x300@2x.jpg 464w\" sizes=\"auto, (max-width: 612px) 100vw, 612px\" \/><\/a><\/p>\n<p>&nbsp;<\/p>\n<div style=\"width: 640px;\" class=\"wp-video\"><!--[if lt IE 9]><script>document.createElement('video');<\/script><![endif]-->\n<video class=\"wp-video-shortcode\" id=\"video-908-1\" width=\"640\" height=\"360\" preload=\"metadata\" controls=\"controls\"><source type=\"video\/mp4\" src=\"https:\/\/generales.uprrp.edu\/programa-bachillerato\/wp-content\/uploads\/sites\/9\/2025\/06\/video-promo-AEETM-Silverio.mp4?_=1\" \/><a href=\"https:\/\/generales.uprrp.edu\/programa-bachillerato\/wp-content\/uploads\/sites\/9\/2025\/06\/video-promo-AEETM-Silverio.mp4\">https:\/\/generales.uprrp.edu\/programa-bachillerato\/wp-content\/uploads\/sites\/9\/2025\/06\/video-promo-AEETM-Silverio.mp4<\/a><\/video><\/div>\n","protected":false},"excerpt":{"rendered":"<p>El \u00c1rea de \u00c9nfasis en Estudios Transdisciplinarios sobre la M\u00fasica comienza con su aprobaci\u00f3n por el Senado Acad\u00e9mico con la Certificaci\u00f3n n\u00famero 84 en el a\u00f1o 2008, siendo parte del ofrecimiento acad\u00e9mico del Programa de Bachillerato en Artes en Estudios Generales de la\u00a0Facultad de Estudios Generales de la Universidad de Puerto Rico, Recinto de R\u00edo<\/p>\n","protected":false},"author":11,"featured_media":0,"parent":0,"menu_order":0,"comment_status":"closed","ping_status":"closed","template":"","meta":{"footnotes":""},"class_list":["post-908","page","type-page","status-publish"],"amp_enabled":true,"_links":{"self":[{"href":"https:\/\/generales.uprrp.edu\/bachillerato\/wp-json\/wp\/v2\/pages\/908","targetHints":{"allow":["GET"]}}],"collection":[{"href":"https:\/\/generales.uprrp.edu\/bachillerato\/wp-json\/wp\/v2\/pages"}],"about":[{"href":"https:\/\/generales.uprrp.edu\/bachillerato\/wp-json\/wp\/v2\/types\/page"}],"author":[{"embeddable":true,"href":"https:\/\/generales.uprrp.edu\/bachillerato\/wp-json\/wp\/v2\/users\/11"}],"replies":[{"embeddable":true,"href":"https:\/\/generales.uprrp.edu\/bachillerato\/wp-json\/wp\/v2\/comments?post=908"}],"version-history":[{"count":61,"href":"https:\/\/generales.uprrp.edu\/bachillerato\/wp-json\/wp\/v2\/pages\/908\/revisions"}],"predecessor-version":[{"id":1458,"href":"https:\/\/generales.uprrp.edu\/bachillerato\/wp-json\/wp\/v2\/pages\/908\/revisions\/1458"}],"wp:attachment":[{"href":"https:\/\/generales.uprrp.edu\/bachillerato\/wp-json\/wp\/v2\/media?parent=908"}],"curies":[{"name":"wp","href":"https:\/\/api.w.org\/{rel}","templated":true}]}}