{"id":763,"date":"2023-05-23T14:32:21","date_gmt":"2023-05-23T14:32:21","guid":{"rendered":"https:\/\/generales.uprrp.edu\/programa-bachillerato\/?page_id=763"},"modified":"2025-11-03T17:27:12","modified_gmt":"2025-11-03T17:27:12","slug":"concentracion-menor-en-estudios-e-investigacion-transdisciplinaria-en-afrodescendencia","status":"publish","type":"page","link":"https:\/\/generales.uprrp.edu\/bachillerato\/concentracion-menor-en-estudios-e-investigacion-transdisciplinaria-en-afrodescendencia\/","title":{"rendered":"Concentraci\u00f3n Menor en Estudios e Investigaci\u00f3n Transdisciplinaria en Afrodescendencia"},"content":{"rendered":"<p>La Concentraci\u00f3n Menor en Estudios e Investigaci\u00f3n Transdisciplinaria en Afrodescendencia fue aprobada en febrero de 2023 en el Senado Acad\u00e9mico, <a href=\"https:\/\/senado.uprrp.edu\/wp-content\/uploads\/2023\/03\/CSA-89-2022-2023.pdf\" target=\"_blank\" rel=\"noopener\">Certificaci\u00f3n # 89<\/a>. La misma forma parte de los ofrecimientos del Bachillerato en Artes en Educaci\u00f3n General de la Facultad de Estudios Generales.<\/p>\n<p>La Concentraci\u00f3n Menor en Estudios e Investigaci\u00f3n Transdisciplinaria en Afrodescendencia del <a href=\"https:\/\/generales.uprrp.edu\/bachillerato\/\"><span data-olk-copy-source=\"MessageBody\">Programa de Bachillerato en Artes en Estudios Generales de la<\/span>\u00a0Facultad de Estudios Generales<\/a> enfatiza el estudio, investigaci\u00f3n, creaci\u00f3n y servicio como plataforma de acci\u00f3n social desde perspectivas transdisciplinarias y decoloniales.<\/p>\n<p>Esto se inscribe de modo directo en el incidir de la transformaci\u00f3n consciente y cr\u00edtica de los antecedentes hist\u00f3ricos y las din\u00e1micas sociales en los que se han sustentado, de forma recurrente, la situaci\u00f3n de subordinaci\u00f3n racial y \u00e9tnica. A su vez, aborda la transversalidad del Racismo, la Discriminaci\u00f3n Racial, la Xenofobia y las Formas Conexas de Intolerancia. Tambi\u00e9n es un espacio para conocer y evaluar nuestra relaci\u00f3n con el continente africano y su impacto en Am\u00e9rica. Esta Concentraci\u00f3n Menor es \u00fanica en Puerto Rico y el Caribe.<\/p>\n<p><a href=\"https:\/\/generales.uprrp.edu\/bachillerato\/wp-content\/uploads\/sites\/9\/2025\/11\/opusculo-CM-AFRO-rev2025.pdf\" target=\"_blank\" rel=\"noopener noreferrer\">Ver op\u00fasculo informativo de la concentraci\u00f3n<\/a>.<\/p>\n<p><a href=\"https:\/\/generales.uprrp.edu\/programa-bachillerato\/wp-content\/uploads\/sites\/9\/2025\/05\/Dr.-Pablo-Rivera.png\" target=\"_blank\" rel=\"noopener\"><br \/>\n<img loading=\"lazy\" decoding=\"async\" src=\"https:\/\/generales.uprrp.edu\/programa-bachillerato\/wp-content\/uploads\/sites\/9\/2025\/05\/Dr.-Pablo-Rivera-724x1024.png\" sizes=\"auto, (max-width: 708px) 100vw, 708px\" srcset=\"https:\/\/generales.uprrp.edu\/programa-bachillerato\/wp-content\/uploads\/sites\/9\/2025\/05\/Dr.-Pablo-Rivera-724x1024.png 724w, https:\/\/generales.uprrp.edu\/programa-bachillerato\/wp-content\/uploads\/sites\/9\/2025\/05\/Dr.-Pablo-Rivera-212x300.png 212w, https:\/\/generales.uprrp.edu\/programa-bachillerato\/wp-content\/uploads\/sites\/9\/2025\/05\/Dr.-Pablo-Rivera-1086x1536.png 1086w, https:\/\/generales.uprrp.edu\/programa-bachillerato\/wp-content\/uploads\/sites\/9\/2025\/05\/Dr.-Pablo-Rivera-150x212.png 150w, https:\/\/generales.uprrp.edu\/programa-bachillerato\/wp-content\/uploads\/sites\/9\/2025\/05\/Dr.-Pablo-Rivera-450x636.png 450w, https:\/\/generales.uprrp.edu\/programa-bachillerato\/wp-content\/uploads\/sites\/9\/2025\/05\/Dr.-Pablo-Rivera-1200x1697.png 1200w, https:\/\/generales.uprrp.edu\/programa-bachillerato\/wp-content\/uploads\/sites\/9\/2025\/05\/Dr.-Pablo-Rivera-768x1086.png 768w, https:\/\/generales.uprrp.edu\/programa-bachillerato\/wp-content\/uploads\/sites\/9\/2025\/05\/Dr.-Pablo-Rivera.png 1414w, https:\/\/generales.uprrp.edu\/programa-bachillerato\/wp-content\/uploads\/sites\/9\/2025\/05\/Dr.-Pablo-Rivera-212x300@2x.png 424w\" alt=\"\" width=\"708\" height=\"1001\" \/> <\/a><br \/>\n<a href=\"https:\/\/generales.uprrp.edu\/programa-bachillerato\/wp-content\/uploads\/sites\/9\/2023\/05\/Concetracio\u0301n-Menor-Afrodescendencia.png\" target=\"_blank\" rel=\"noopener\"><br \/>\n<img loading=\"lazy\" decoding=\"async\" src=\"https:\/\/generales.uprrp.edu\/programa-bachillerato\/wp-content\/uploads\/sites\/9\/2023\/05\/Concetracio\u0301n-Menor-Afrodescendencia.png\" sizes=\"auto, (max-width: 648px) 100vw, 648px\" srcset=\"https:\/\/generales.uprrp.edu\/programa-bachillerato\/wp-content\/uploads\/sites\/9\/2023\/05\/Concetracio\u0301n-Menor-Afrodescendencia.png 648w, https:\/\/generales.uprrp.edu\/programa-bachillerato\/wp-content\/uploads\/sites\/9\/2023\/05\/Concetracio\u0301n-Menor-Afrodescendencia-194x300.png 194w, https:\/\/generales.uprrp.edu\/programa-bachillerato\/wp-content\/uploads\/sites\/9\/2023\/05\/Concetracio\u0301n-Menor-Afrodescendencia-150x232.png 150w, https:\/\/generales.uprrp.edu\/programa-bachillerato\/wp-content\/uploads\/sites\/9\/2023\/05\/Concetracio\u0301n-Menor-Afrodescendencia-450x695.png 450w, https:\/\/generales.uprrp.edu\/programa-bachillerato\/wp-content\/uploads\/sites\/9\/2023\/05\/Concetracio\u0301n-Menor-Afrodescendencia-194x300@2x.png 388w\" alt=\"\" width=\"648\" height=\"1001\" \/> <\/a><\/p>\n","protected":false},"excerpt":{"rendered":"<p>La Concentraci\u00f3n Menor en Estudios e Investigaci\u00f3n Transdisciplinaria en Afrodescendencia fue aprobada en febrero de 2023 en el Senado Acad\u00e9mico, Certificaci\u00f3n # 89. La misma forma parte de los ofrecimientos del Bachillerato en Artes en Educaci\u00f3n General de la Facultad de Estudios Generales. La Concentraci\u00f3n Menor en Estudios e Investigaci\u00f3n Transdisciplinaria en Afrodescendencia del Programa<\/p>\n","protected":false},"author":11,"featured_media":0,"parent":0,"menu_order":0,"comment_status":"closed","ping_status":"closed","template":"","meta":{"footnotes":""},"class_list":["post-763","page","type-page","status-publish"],"amp_enabled":true,"_links":{"self":[{"href":"https:\/\/generales.uprrp.edu\/bachillerato\/wp-json\/wp\/v2\/pages\/763","targetHints":{"allow":["GET"]}}],"collection":[{"href":"https:\/\/generales.uprrp.edu\/bachillerato\/wp-json\/wp\/v2\/pages"}],"about":[{"href":"https:\/\/generales.uprrp.edu\/bachillerato\/wp-json\/wp\/v2\/types\/page"}],"author":[{"embeddable":true,"href":"https:\/\/generales.uprrp.edu\/bachillerato\/wp-json\/wp\/v2\/users\/11"}],"replies":[{"embeddable":true,"href":"https:\/\/generales.uprrp.edu\/bachillerato\/wp-json\/wp\/v2\/comments?post=763"}],"version-history":[{"count":37,"href":"https:\/\/generales.uprrp.edu\/bachillerato\/wp-json\/wp\/v2\/pages\/763\/revisions"}],"predecessor-version":[{"id":1426,"href":"https:\/\/generales.uprrp.edu\/bachillerato\/wp-json\/wp\/v2\/pages\/763\/revisions\/1426"}],"wp:attachment":[{"href":"https:\/\/generales.uprrp.edu\/bachillerato\/wp-json\/wp\/v2\/media?parent=763"}],"curies":[{"name":"wp","href":"https:\/\/api.w.org\/{rel}","templated":true}]}}