{"id":747,"date":"2023-04-13T17:51:55","date_gmt":"2023-04-13T17:51:55","guid":{"rendered":"https:\/\/generales.uprrp.edu\/programa-bachillerato\/?page_id=747"},"modified":"2025-11-03T17:32:20","modified_gmt":"2025-11-03T17:32:20","slug":"enlaces-importantes-para-estudiantes","status":"publish","type":"page","link":"https:\/\/generales.uprrp.edu\/bachillerato\/enlaces-importantes-para-estudiantes\/","title":{"rendered":"Enlaces importantes para ti estudiante"},"content":{"rendered":"<h5 class=\"title\"><a href=\"https:\/\/www.uprrp.edu\/oficina-registrador\/calendarios-academicos\/\" target=\"_blank\" rel=\"noopener\">Calendarios\u00a0Acad\u00e9micos<\/a><\/h5>\n<p><b><span lang=\"es-PR\"><a href=\"http:\/\/estudiantes.uprrp.edu\/\" target=\"_blank\" rel=\"noopener\">Decanato de Estudiantes:<\/a><\/span><\/b><\/p>\n<ul>\n<li><a href=\"http:\/\/estudiantes.uprrp.edu\/servicios-al-estudiante\/\" target=\"_blank\" rel=\"noopener\">Servicios al estudiante<\/a><\/li>\n<li><a href=\"http:\/\/estudiantes.uprrp.edu\/asistencia-economica\/\" target=\"_blank\" rel=\"noopener\">Asistencia Econ\u00f3mica<\/a><\/li>\n<\/ul>\n<p><a href=\"https:\/\/www.uprrp.edu\/apoyo-al-estudiante\/\" target=\"_blank\" rel=\"noopener\"><strong>Apoyo al estudiante:<\/strong><\/a><\/p>\n<ul>\n<li><a href=\"https:\/\/enlinea.uprrp.edu\/estudiantes\/\" target=\"_blank\" rel=\"noopener\">Servicios en l\u00ednea disponibles para estudiantes<\/a><\/li>\n<li><a href=\"https:\/\/online.uprrp.edu\/\" target=\"_blank\" rel=\"noopener\">Plataforma de Moodle<\/a><\/li>\n<li><a href=\"mailto:apoyo.rrp@upr.edu\" target=\"_blank\" rel=\"noopener\"><span style=\"font-size: 14px;\">Asistencia t\u00e9cnica<\/span><\/a><\/li>\n<li><a href=\"https:\/\/www.uprrp.edu\/apoyo-al-estudiante\/\" target=\"_blank\" rel=\"noopener\"><span style=\"font-size: 14px;\">Decanos de Estudiante por Unidad<\/span><\/a><\/li>\n<\/ul>\n<p class=\"elementor-heading-title elementor-size-default\"><strong>Servicios a solicitar en Registradur\u00eda (<a href=\"https:\/\/www.uprrp.edu\/registrador\/\" target=\"_blank\" rel=\"noopener\">Oficina del Registrador<\/a>):<\/strong><\/p>\n<ul>\n<li class=\"elementor-heading-title elementor-size-default\"><a href=\"https:\/\/transcript.uprrp.edu\/\" target=\"_blank\" rel=\"noopener\">Solicitud de Expediente Acad\u00e9mico \/ Academic Transcript<\/a><\/li>\n<li><a href=\"http:\/\/www.uprrp.edu\/wp-content\/uploads\/2019\/10\/SOLICITUD-DE-EXPEDIENTE-ACADEMICO-POR-CORREO-POSTAL.pdf\" target=\"_blank\" rel=\"noopener noreferrer\">Solicitud de Expediente Acad\u00e9mico por correo<\/a><\/li>\n<li><a href=\"http:\/\/www.uprrp.edu\/wp-content\/uploads\/2019\/10\/SOLICITUD-PARA-CERTIFICACI%C3%93N-DE-GRADO.pdf\" target=\"_blank\" rel=\"noopener noreferrer\">Solicitud de Certificaci\u00f3n de Grado<\/a>Enviar al PO Box 23303 San Juan, PR 00931-3303<\/li>\n<li><span style=\"font-size: 14px;\">Solicitud de readmisi\u00f3n, traslado, cambio de facultad y concentraci\u00f3n.<\/span><\/li>\n<li><a href=\"http:\/\/www.uprrp.edu\/wp-content\/uploads\/2019\/10\/ENTREGA-DE-DIPLOMAS.pdf\" target=\"_blank\" rel=\"noopener noreferrer\">Entrega de Diploma<\/a>\u00a0\u2013 Secci\u00f3n de Grados y Diplomas<\/li>\n<li><a href=\"http:\/\/www.uprrp.edu\/wp-content\/uploads\/2019\/10\/INTRUCCIONES-ENVIO-DE-DIPLOMA-POR-CORREO.pdf\" target=\"_blank\" rel=\"noopener noreferrer\">Opci\u00f3n de env\u00edo de diplomas por correo<\/a><\/li>\n<li><a href=\"http:\/\/asistenciaeconomica.uprrp.edu\/wp-content\/uploads\/2014\/05\/Solicitud-Revisi%C3%B3n-PAS1.pdf\" target=\"_blank\" rel=\"noopener\">Solicitud de Revisi\u00f3n de Progreso Acad\u00e9mico para Asistencia Econ\u00f3mica<\/a><\/li>\n<li><a href=\"https:\/\/www.uprrp.edu\/wp-content\/uploads\/2021\/01\/SOLICITUD-CERTIFICACION-ESTUDIANTE-RELACIONADA-A-PRESTAMOS-ESTUDIANTILES-VERSION-2020.pdf\" target=\"_blank\" rel=\"noopener noreferrer\">Solicitud de Certificaci\u00f3n Estudiantes con Pr\u00e9stamos Bancarios<\/a><\/li>\n<li><a href=\"http:\/\/www.uprrp.edu\/wp-content\/uploads\/2019\/10\/SOLICITUD-CERTIFICACION-ESPECIAL-SCE-OR-20190614-TEMPLATE-06-14-2019.pdf\" target=\"_blank\" rel=\"noopener\">Solicitud de Certificaci\u00f3n Especial<\/a><\/li>\n<li>Certificaciones sobre cr\u00e9ditos matriculados, aprobados y promedio acad\u00e9micoEnviar al PO Box 23303 San Juan, PR 00931-3303.<\/li>\n<li><a href=\"https:\/\/www.uprrp.edu\/wp-content\/uploads\/2020\/12\/HOJA-DE-RESPONSABILIDADES-BENEFICIARIOS-VETERANOS-1.pdf\" target=\"_blank\" rel=\"noopener\">Hoja de Responsabilidades Beneficiarios Veterano\u00a0<\/a>\/\u00a0<a href=\"https:\/\/www.uprrp.edu\/wp-content\/uploads\/2021\/01\/HOJA-DE-RESPONSABILIDADES-BENEFICIARIOS-VETERANOS.pdf\" target=\"_blank\" rel=\"noopener\">Formulario para Beneficios a Veteranos, C\u00f3nyuges, hijos y dependientes<\/a><\/li>\n<\/ul>\n<p><strong>Nota:<\/strong>\u00a0Para solicitar estos documentos aseg\u00farese de enviarlos utilizando el\u00a0<a href=\"http:\/\/www.usps.com\/zip4\" target=\"_blank\" rel=\"noopener\">formato de direcci\u00f3n federal.<\/a>\u00a0Para m\u00e1s informaci\u00f3n acceda el sitio de el Correo Federal en\u00a0<a href=\"http:\/\/www.usps.com\/zip4\" target=\"_blank\" rel=\"noopener\">http:\/\/www.usps.com\/zip4<\/a><\/p>\n","protected":false},"excerpt":{"rendered":"<p>Calendarios\u00a0Acad\u00e9micos Decanato de Estudiantes: Servicios al estudiante Asistencia Econ\u00f3mica Apoyo al estudiante: Servicios en l\u00ednea disponibles para estudiantes Plataforma de Moodle Asistencia t\u00e9cnica Decanos de Estudiante por Unidad Servicios a solicitar en Registradur\u00eda (Oficina del Registrador): Solicitud de Expediente Acad\u00e9mico \/ Academic Transcript Solicitud de Expediente Acad\u00e9mico por correo Solicitud de Certificaci\u00f3n de GradoEnviar al<\/p>\n","protected":false},"author":11,"featured_media":0,"parent":0,"menu_order":0,"comment_status":"closed","ping_status":"closed","template":"","meta":{"footnotes":""},"class_list":["post-747","page","type-page","status-publish"],"amp_enabled":true,"_links":{"self":[{"href":"https:\/\/generales.uprrp.edu\/bachillerato\/wp-json\/wp\/v2\/pages\/747","targetHints":{"allow":["GET"]}}],"collection":[{"href":"https:\/\/generales.uprrp.edu\/bachillerato\/wp-json\/wp\/v2\/pages"}],"about":[{"href":"https:\/\/generales.uprrp.edu\/bachillerato\/wp-json\/wp\/v2\/types\/page"}],"author":[{"embeddable":true,"href":"https:\/\/generales.uprrp.edu\/bachillerato\/wp-json\/wp\/v2\/users\/11"}],"replies":[{"embeddable":true,"href":"https:\/\/generales.uprrp.edu\/bachillerato\/wp-json\/wp\/v2\/comments?post=747"}],"version-history":[{"count":3,"href":"https:\/\/generales.uprrp.edu\/bachillerato\/wp-json\/wp\/v2\/pages\/747\/revisions"}],"predecessor-version":[{"id":1428,"href":"https:\/\/generales.uprrp.edu\/bachillerato\/wp-json\/wp\/v2\/pages\/747\/revisions\/1428"}],"wp:attachment":[{"href":"https:\/\/generales.uprrp.edu\/bachillerato\/wp-json\/wp\/v2\/media?parent=747"}],"curies":[{"name":"wp","href":"https:\/\/api.w.org\/{rel}","templated":true}]}}