{"id":7,"date":"2016-04-05T20:13:48","date_gmt":"2016-04-05T20:13:48","guid":{"rendered":"http:\/\/generalesdv.uprrp.edu\/programa-bachillerato\/?page_id=7"},"modified":"2025-09-10T19:52:21","modified_gmt":"2025-09-10T19:52:21","slug":"contactos","status":"publish","type":"page","link":"https:\/\/generales.uprrp.edu\/bachillerato\/programa-de-bachillerato\/contactos\/","title":{"rendered":"Contactos"},"content":{"rendered":"<p><strong>Personal Administrativo<\/strong><\/p>\n<p>Dra. Rose Marie Santiago Villafa\u00f1e<br \/>\nDirectora<br \/>\nrose.santiago@upr.edu<br \/>\nExt. 88980<\/p>\n<p>Dra. Silene C. Vargas D\u00edaz<br \/>\nAsesora Acad\u00e9mica<br \/>\nasesoria.pbeg@upr.edu<br \/>\nsilenecarolina.vargas@upr.edu<br \/>\nExts. 88984<\/p>\n<p>Sr. Kenny Robles N\u00fa\u00f1ez<br \/>\nAsistente Administrativo<br \/>\nkenny.robles@upr.edu<br \/>\nExt. 88970<\/p>\n<p>Lcda. Eli Pi\u00f1eiro Rodr\u00edguez<br \/>\nOficial de Asuntos Estudiantiles<br \/>\neli.pineiro@upr.edu<br \/>\nExt. 88974<\/p>\n<p><strong>Ubicaci\u00f3n<\/strong><\/p>\n<p>Edificio Jaime Ben\u00edtez Rexach (JBR)<br \/>\nSegundo Piso<br \/>\nFacultad de Estudios Generales<\/p>\n<p><strong>Correo-e:<\/strong> <a href=\"mailto:bachillerato.pbaeg@upr.edu\" target=\"_blank\" rel=\"noopener noreferrer\" data-auth=\"NotApplicable\" data-safelink=\"true\" data-linkindex=\"0\">bachillerato.pbaeg@upr.edu<\/a><\/p>\n<p><iframe title=\"Facultad de Estudios Generales Jaime\" src=\"https:\/\/maps.google.com\/maps?q=Facultad%20de%20Estudios%20Generales%20Jaime&amp;t=m&amp;z=10&amp;output=embed&amp;iwloc=near\" aria-label=\"Facultad de Estudios Generales Jaime\"><\/iframe><\/p>\n","protected":false},"excerpt":{"rendered":"<p>Personal Administrativo Dra. Rose Marie Santiago Villafa\u00f1e Directora rose.santiago@upr.edu Ext. 88980 Dra. Silene C. Vargas D\u00edaz Asesora Acad\u00e9mica asesoria.pbeg@upr.edu silenecarolina.vargas@upr.edu Exts. 88984 Sr. Kenny Robles N\u00fa\u00f1ez Asistente Administrativo kenny.robles@upr.edu Ext. 88970 Lcda. Eli Pi\u00f1eiro Rodr\u00edguez Oficial de Asuntos Estudiantiles eli.pineiro@upr.edu Ext. 88974 Ubicaci\u00f3n Edificio Jaime Ben\u00edtez Rexach (JBR) Segundo Piso Facultad de Estudios Generales Correo-e:<\/p>\n","protected":false},"author":2,"featured_media":0,"parent":14,"menu_order":0,"comment_status":"closed","ping_status":"closed","template":"","meta":{"footnotes":""},"class_list":["post-7","page","type-page","status-publish"],"amp_enabled":true,"_links":{"self":[{"href":"https:\/\/generales.uprrp.edu\/bachillerato\/wp-json\/wp\/v2\/pages\/7","targetHints":{"allow":["GET"]}}],"collection":[{"href":"https:\/\/generales.uprrp.edu\/bachillerato\/wp-json\/wp\/v2\/pages"}],"about":[{"href":"https:\/\/generales.uprrp.edu\/bachillerato\/wp-json\/wp\/v2\/types\/page"}],"author":[{"embeddable":true,"href":"https:\/\/generales.uprrp.edu\/bachillerato\/wp-json\/wp\/v2\/users\/2"}],"replies":[{"embeddable":true,"href":"https:\/\/generales.uprrp.edu\/bachillerato\/wp-json\/wp\/v2\/comments?post=7"}],"version-history":[{"count":32,"href":"https:\/\/generales.uprrp.edu\/bachillerato\/wp-json\/wp\/v2\/pages\/7\/revisions"}],"predecessor-version":[{"id":1333,"href":"https:\/\/generales.uprrp.edu\/bachillerato\/wp-json\/wp\/v2\/pages\/7\/revisions\/1333"}],"up":[{"embeddable":true,"href":"https:\/\/generales.uprrp.edu\/bachillerato\/wp-json\/wp\/v2\/pages\/14"}],"wp:attachment":[{"href":"https:\/\/generales.uprrp.edu\/bachillerato\/wp-json\/wp\/v2\/media?parent=7"}],"curies":[{"name":"wp","href":"https:\/\/api.w.org\/{rel}","templated":true}]}}