{"id":592,"date":"2021-09-13T17:40:22","date_gmt":"2021-09-13T17:40:22","guid":{"rendered":"https:\/\/generales.uprrp.edu\/programa-bachillerato\/?page_id=592"},"modified":"2023-05-19T13:38:08","modified_gmt":"2023-05-19T13:38:08","slug":"cursos-programados-de-la-concentracion-menor-en-conservacion-de-patrimonio-cultural-tangible-primer-semestre-2023-2024","status":"publish","type":"page","link":"https:\/\/generales.uprrp.edu\/bachillerato\/cursos-programados-de-la-concentracion-menor-en-conservacion-de-patrimonio-cultural-tangible-primer-semestre-2023-2024\/","title":{"rendered":"Cursos programados de la Concentraci\u00f3n Menor en Conservaci\u00f3n de Patrimonio Cultural Tangible Primer semestre 2023-2024 (C14) \u2013 Agosto 2023"},"content":{"rendered":"<p><strong><span lang=\"ES-PR\">CIFI 3074:<\/span><\/strong><span lang=\"ES-PR\"> Materiales en el Arte y Conservaci\u00f3n \u2013 <a href=\"https:\/\/generales.uprrp.edu\/ciencias-fisicas\/wp-content\/uploads\/sites\/8\/2021\/06\/CIFI-3074-ProntuarioFinal.pdf\" target=\"_blank\" rel=\"noopener\">prontuario<\/a><br \/>\n<\/span><strong><span lang=\"ES-PR\">Curso opcional para completar los 3 cr\u00e9ditos del componente cient\u00edfico de la CM-CPCT.<\/span><\/strong><\/p>\n<p class=\"x_xxmsonormal\"><strong><span lang=\"ES-PR\">Secciones disponibles:<br \/>\n<\/span><\/strong><span lang=\"ES-PR\">S 101 &#8211; LW 3:00 &#8211; 4:20 p.m. Lab L \u00f3 W 1:00 &#8211; 2:50 p.m. \u2013 Dr. Manuel Reyes Guzm\u00e1n<br \/>\n<\/span><span lang=\"ES-PR\">S 102 \u2013 MJ 7:00 &#8211; 8:20 a.m. Lab M \u00f3 J 9:00 &#8211; 10:50 a.m. \u2013 Prof. por asignar<br \/>\n<\/span>S 103 \u2013 MJ 9:00 a.m. &#8211; 10:20 a.m. Lab M \u00f3 J 11:00 a.m. &#8211; 12:50 p.m. \u2013 Prof. por asignar<\/p>\n<p>&nbsp;<\/p>\n<p class=\"x_xxmsonormal\"><strong><span lang=\"ES-PR\">CIFI 4074:<\/span><\/strong><span lang=\"ES-PR\"> Materiales en el Arte y Conservaci\u00f3n \u2013 <a href=\"https:\/\/generales.uprrp.edu\/ciencias-fisicas\/wp-content\/uploads\/sites\/8\/2021\/06\/CIFI-4074-ProntuarioFinal.pdf\" target=\"_blank\" rel=\"noopener\">prontuario <\/a><\/span><span lang=\"ES-PR\">(s\u00f3lo para estudiantes de la Fac. Ciencias Naturales)<br \/>\n<\/span><strong><span lang=\"ES-PR\">Curso opcional para completar los 3 cr\u00e9ditos del componente cient\u00edfico de la CM-CPCT.<\/span><\/strong><\/p>\n<p class=\"x_xxmsonormal\"><strong><span lang=\"PT-BR\">Secciones disponibles:<br \/>\n<\/span><\/strong><span lang=\"PT-BR\">S 001 &#8211; MJ 1:00 &#8211; 2:20 p.m. DMN &#8211; Dr. Estevao Rosim Fachini<br \/>\n<\/span><span lang=\"PT-BR\">S 002 &#8211; MJ 2:30 &#8211; 3:50 p.m. DMN &#8211; Dr. Estevao Rosim Fachini<\/span><\/p>\n<p class=\"x_xxmsonormal\"><span lang=\"PT-BR\">\u00a0<\/span><\/p>\n<p class=\"x_xxmsonormal\"><strong><span lang=\"ES-PR\">ESGE 3333:<\/span><\/strong><span lang=\"ES-PR\"> Introducci\u00f3n a la Conservaci\u00f3n de Artefactos \u2013 <a href=\"https:\/\/generales.uprrp.edu\/programa-bachillerato\/cursos-requisito-de-la-concentracion-menor-en-conservacion-de-patrimonio-cultural-tangible\/\">descripci\u00f3n del curso<\/a><br \/>\n<\/span><strong><span lang=\"ES-PR\">Curso requisito de la CM-CPCT.<\/span><\/strong><\/p>\n<p class=\"x_xxmsonormal\"><strong><span lang=\"ES-PR\">Secciones disponibles:<br \/>\n<\/span><\/strong><span lang=\"PT-BR\">2U1\u00a0 &#8211; LW 5:30-6:50 p.m.<\/span><span lang=\"PT-BR\">\u00a0DMN &#8211; Dr. Estevao Rosim Fachini<\/span><\/p>\n<p>&nbsp;<\/p>\n<p class=\"x_xxmsonormal\"><strong><span lang=\"ES-PR\">ESGE 4444:<\/span><\/strong><span lang=\"ES-PR\"> Proyecto Final en Conservaci\u00f3n \u2013 <a href=\"https:\/\/generales.uprrp.edu\/programa-bachillerato\/cursos-requisito-de-la-concentracion-menor-en-conservacion-de-patrimonio-cultural-tangible\/\">descripci\u00f3n del curso<\/a><br \/>\n<\/span><strong><span lang=\"ES-PR\">Curso requisito de la CM-CPCT. Horario y proyecto por acuerdo.<\/span><\/strong><\/p>\n<p class=\"x_MsoNormal\"><span lang=\"ES-PR\">\u00a0<\/span><\/p>\n","protected":false},"excerpt":{"rendered":"<p>CIFI 3074: Materiales en el Arte y Conservaci\u00f3n \u2013 prontuario Curso opcional para completar los 3 cr\u00e9ditos del componente cient\u00edfico de la CM-CPCT. Secciones disponibles: S 101 &#8211; LW 3:00 &#8211; 4:20 p.m. Lab L \u00f3 W 1:00 &#8211; 2:50 p.m. \u2013 Dr. Manuel Reyes Guzm\u00e1n S 102 \u2013 MJ 7:00 &#8211; 8:20 a.m. Lab<\/p>\n","protected":false},"author":11,"featured_media":0,"parent":0,"menu_order":0,"comment_status":"closed","ping_status":"closed","template":"","meta":{"footnotes":""},"class_list":["post-592","page","type-page","status-publish"],"amp_enabled":true,"_links":{"self":[{"href":"https:\/\/generales.uprrp.edu\/bachillerato\/wp-json\/wp\/v2\/pages\/592","targetHints":{"allow":["GET"]}}],"collection":[{"href":"https:\/\/generales.uprrp.edu\/bachillerato\/wp-json\/wp\/v2\/pages"}],"about":[{"href":"https:\/\/generales.uprrp.edu\/bachillerato\/wp-json\/wp\/v2\/types\/page"}],"author":[{"embeddable":true,"href":"https:\/\/generales.uprrp.edu\/bachillerato\/wp-json\/wp\/v2\/users\/11"}],"replies":[{"embeddable":true,"href":"https:\/\/generales.uprrp.edu\/bachillerato\/wp-json\/wp\/v2\/comments?post=592"}],"version-history":[{"count":10,"href":"https:\/\/generales.uprrp.edu\/bachillerato\/wp-json\/wp\/v2\/pages\/592\/revisions"}],"predecessor-version":[{"id":755,"href":"https:\/\/generales.uprrp.edu\/bachillerato\/wp-json\/wp\/v2\/pages\/592\/revisions\/755"}],"wp:attachment":[{"href":"https:\/\/generales.uprrp.edu\/bachillerato\/wp-json\/wp\/v2\/media?parent=592"}],"curies":[{"name":"wp","href":"https:\/\/api.w.org\/{rel}","templated":true}]}}