{"id":588,"date":"2021-09-13T17:34:30","date_gmt":"2021-09-13T17:34:30","guid":{"rendered":"https:\/\/generales.uprrp.edu\/programa-bachillerato\/?page_id=588"},"modified":"2022-08-18T12:53:00","modified_gmt":"2022-08-18T12:53:00","slug":"solicitud-segundo-bachillerato-segunda-concentracion-concentracion-menor-y-certificacion-profesional-enero-2023","status":"publish","type":"page","link":"https:\/\/generales.uprrp.edu\/bachillerato\/solicitud-segundo-bachillerato-segunda-concentracion-concentracion-menor-y-certificacion-profesional-enero-2023\/","title":{"rendered":"Solicitud segundo bachillerato, segunda concentraci\u00f3n, concentraci\u00f3n menor y certificaci\u00f3n profesional (enero 2023)"},"content":{"rendered":"<p><strong>FECHA L\u00cdMITE PARA COMENZAR EN ENERO DEL 2023: 15 DE SEPTIEMBRE DE 2022, 3:00 PM\u00a0<\/strong><\/p>\n<p><a href=\"https:\/\/form.jotform.com\/202363865795871\" target=\"_blank\" rel=\"noopener\"><strong>Llenar solicitud<\/strong><\/a><\/p>\n<p>Puede comunicarse a la Oficina del Registrador con Carmen Pol al correo electr\u00f3nico (<a href=\"mailto:carmen.pol1@upr.edu\" target=\"_blank\" rel=\"noopener\">carmen.pol1@upr.edu<\/a>)\u00a0para aclarar cualquier duda.<\/p>\n","protected":false},"excerpt":{"rendered":"<p>FECHA L\u00cdMITE PARA COMENZAR EN ENERO DEL 2023: 15 DE SEPTIEMBRE DE 2022, 3:00 PM\u00a0 Llenar solicitud Puede comunicarse a la Oficina del Registrador con Carmen Pol al correo electr\u00f3nico (carmen.pol1@upr.edu)\u00a0para aclarar cualquier duda.<\/p>\n","protected":false},"author":11,"featured_media":0,"parent":0,"menu_order":0,"comment_status":"closed","ping_status":"closed","template":"","meta":{"footnotes":""},"class_list":["post-588","page","type-page","status-publish"],"amp_enabled":true,"_links":{"self":[{"href":"https:\/\/generales.uprrp.edu\/bachillerato\/wp-json\/wp\/v2\/pages\/588","targetHints":{"allow":["GET"]}}],"collection":[{"href":"https:\/\/generales.uprrp.edu\/bachillerato\/wp-json\/wp\/v2\/pages"}],"about":[{"href":"https:\/\/generales.uprrp.edu\/bachillerato\/wp-json\/wp\/v2\/types\/page"}],"author":[{"embeddable":true,"href":"https:\/\/generales.uprrp.edu\/bachillerato\/wp-json\/wp\/v2\/users\/11"}],"replies":[{"embeddable":true,"href":"https:\/\/generales.uprrp.edu\/bachillerato\/wp-json\/wp\/v2\/comments?post=588"}],"version-history":[{"count":6,"href":"https:\/\/generales.uprrp.edu\/bachillerato\/wp-json\/wp\/v2\/pages\/588\/revisions"}],"predecessor-version":[{"id":662,"href":"https:\/\/generales.uprrp.edu\/bachillerato\/wp-json\/wp\/v2\/pages\/588\/revisions\/662"}],"wp:attachment":[{"href":"https:\/\/generales.uprrp.edu\/bachillerato\/wp-json\/wp\/v2\/media?parent=588"}],"curies":[{"name":"wp","href":"https:\/\/api.w.org\/{rel}","templated":true}]}}