{"id":573,"date":"2021-09-13T16:01:43","date_gmt":"2021-09-13T16:01:43","guid":{"rendered":"https:\/\/generales.uprrp.edu\/programa-bachillerato\/?page_id=573"},"modified":"2021-09-13T16:04:24","modified_gmt":"2021-09-13T16:04:24","slug":"cursos-electivos-de-la-concentracion-menor-en-conservacion-de-patrimonio-cultural-tangible","status":"publish","type":"page","link":"https:\/\/generales.uprrp.edu\/bachillerato\/cursos-electivos-de-la-concentracion-menor-en-conservacion-de-patrimonio-cultural-tangible\/","title":{"rendered":"Cursos electivos de la Concentraci\u00f3n Menor en Conservaci\u00f3n de Patrimonio Cultural Tangible"},"content":{"rendered":"<h5><strong>Componente cient\u00edfico:<\/strong><\/h5>\n<p><strong>CIFI 3074 \u2013 Materiales en el Arte y la Conservaci\u00f3n<\/strong> (3 cr\u00e9ditos). Curso interdisciplinario que cumple con el requisito de Ciencias Naturales de Educaci\u00f3n General; incluye laboratorios. Se introduce la relaci\u00f3n de las ciencias experimentales con artefactos del patrimonio cultural tangible, enfatizando el estudio de los materiales que los componen. Se abordan temas como la estructura de la materia, los diferentes tipos de enlaces entre \u00e1tomos y mol\u00e9culas, los compuestos qu\u00edmicos y su empleo en las artes pl\u00e1sticas seg\u00fan sus caracter\u00edsticas. El estudiante podr\u00e1 comprender c\u00f3mo el conocimiento cient\u00edfico ayuda a entender la compatibilidad entre los materiales, el deterioro de esos materiales y algunas metodolog\u00edas empleadas en el campo de la conservaci\u00f3n de artefactos. Los conceptos cient\u00edficos abordados en el desarrollo hist\u00f3rico de las interacciones entre las entidades qu\u00edmicas sirven de base para trabajar aspectos epistemol\u00f3gicos. Se favorece el m\u00e9todo dial\u00f3gico mediante el estudio de casos reales. Ofrecido en modalidad presencial o h\u00edbrida<\/p>\n<p><strong>CIFI 3075 \u2013 Ciencia en el Arte<\/strong> (3 cr\u00e9ditos). Curso interdisciplinario para cumplir con el requisito de Ciencias F\u00edsicas del componente de Ciencias Naturales de Educaci\u00f3n General. Se introduce la relaci\u00f3n de las ciencias experimentales con artefactos de inter\u00e9s cultural, enfatizando el estudio de los fen\u00f3menos \u00f3pticos. Se abordan temas como la naturaleza del color y los fen\u00f3menos lum\u00ednicos, y la caracterizaci\u00f3n de objetos y materiales mediante diferentes tipos de t\u00e9cnicas sencillas. El estudiante podr\u00e1 entender c\u00f3mo el conocimiento cient\u00edfico ayuda a conocer el artefacto, a fundamentar la autenticidad de objetos y a establecer una metodolog\u00eda para estabilizar o conservar patrimonios culturales. Los conceptos cient\u00edficos abordados y el desarrollo en el conocimiento de los fen\u00f3menos \u00f3pticos sirven de base para trabajar lo epistemol\u00f3gico. Se favorece el m\u00e9todo dial\u00f3gico mediante el estudio de casos reales. Incluye sesiones de laboratorio donde se trabajar\u00e1 con distintos materiales empleados en el arte pl\u00e1stico.<\/p>\n<p><strong>CIFI 4074 \u2013 Ciencias de Materiales en el Arte<\/strong> (3 cr\u00e9ditos). Curso interdisciplinario que cumple como componente de Educaci\u00f3n General en Ciencias a los estudiantes de la Facultad de Ciencias Naturales. Se estudia el desarrollo hist\u00f3rico del concepto de enlace e interacci\u00f3n molecular, los enfoques te\u00f3ricos para entender el comportamiento y compatibilidades de los compuestos qu\u00edmicos. Los conceptos epistemol\u00f3gicos son ejemplificados mediante las teor\u00edas de la formaci\u00f3n de enlaces e interacciones moleculares. Se abordan las caracter\u00edsticas y el uso de los materiales art\u00edsticos. El estudiante podr\u00e1 entender c\u00f3mo el conocimiento cient\u00edfico explica la compatibilidad y el deterioro de los materiales, o aspectos ambientales que aceleran su degradaci\u00f3n. Se favorece el m\u00e9todo dial\u00f3gico mediante el estudio de casos reales. Incluye un proyecto te\u00f3rico o pr\u00e1ctico de investigaci\u00f3n, relacionado con materiales empleados en el patrimonio cultural tangible. Se ofrece en modalidad presencial e h\u00edbrida.<\/p>\n<p><strong>CIFI 4075 \u2013 Ciencia y Tecnolog\u00eda en el Arte<\/strong> (3 cr\u00e9ditos). Curso Interdisciplinario que se ofrece a los estudiantes de la Facultad de Ciencias Naturales como opci\u00f3n para cumplir con el requisito de Ciencias F\u00edsicas del componente de Ciencias Naturales de Educaci\u00f3n General.\u00a0 Se enfatiza en c\u00f3mo la ciencia experimental contribuye al conocimiento y la preservaci\u00f3n de los objetos de inter\u00e9s art\u00edstico o hist\u00f3rico.\u00a0 Se elegir\u00e1 al menos un fen\u00f3meno f\u00edsico o qu\u00edmico en el que se estudiar\u00e1n los conceptos epistemol\u00f3gicos: las teor\u00edas sobre la luz, los fundamentos de la electroqu\u00edmica, etc.\u00a0 Se introducen algunos materiales de inter\u00e9s art\u00edstico, su caracterizaci\u00f3n y su preservaci\u00f3n.\u00a0 Todos los temas se discuten mediante el m\u00e9todo dial\u00f3gico y estudio de casos reales.\u00a0 La aprobaci\u00f3n en el curso requiere la presentaci\u00f3n de un proyecto final que trate de un estudio sobre conservaci\u00f3n o caracterizaci\u00f3n de una pieza de inter\u00e9s art\u00edstico o hist\u00f3rico.\u00a0 El curso podr\u00eda incluir visitas a instalaciones fuera del sal\u00f3n de clases.<\/p>\n<p><strong>ANTR 4096 \u2013 An\u00e1lisis de Materiales Arqueol\u00f3gicos<\/strong><\/p>\n<p>&nbsp;<\/p>\n<h5><strong>Componente de habilidades manuales:<\/strong><\/h5>\n<p><strong>ARTE 3936 &#8211; Medios Acuosos<\/strong>: Curso de taller intermedio que explora el potencial conceptual, expresivo y t\u00e9cnico de varios medios acuosos sobre diversos soportes de papel tradicionales y contempor\u00e1neos.<\/p>\n<p>Prerrequisitos: (sugerido) uno entre Fundamentos I &#8211; Procesos de pintura I &#8211; Dibujo I o II<\/p>\n<p><strong>ARTE 4926 &#8211; Taller Experimental en Papel I<\/strong><\/p>\n<p><strong>ARTE 3615 &#8211; Procesos de Escultura I<\/strong><\/p>\n<p><strong>ARTE 3711-12 &#8211; Procesos de Fotograf\u00eda I<\/strong><\/p>\n<p><strong>ARTE 3815 &#8211; Procesos de Pintura I<\/strong><\/p>\n<p><strong>COMA 4011 \u2013 Fotograf\u00eda b\u00e1sica I &#8211;<\/strong> En este curso los estudiantes aprender\u00e1n sobre la fotograf\u00eda desde lo m\u00e1s b\u00e1sico, con una breve historia de la fotograf\u00eda, hasta como se trabaja la fotograf\u00eda digital correctamente discutiendo sobre la composici\u00f3n y la realizaci\u00f3n de ejercicios fotogr\u00e1ficos para poner en pr\u00e1ctica lo discutido.<\/p>\n<p><strong>BEOF XXXX<\/strong> \u2013 el m\u00e1ximo de 3 cr\u00e9ditos en cualquiera de los cursos ofrecidos bajo codificaci\u00f3n BEOF (cer\u00e1mica, tejido, dibujo, tejidos, caligraf\u00eda, orfebrer\u00eda, seminarios de conservaci\u00f3n, etc.).<\/p>\n","protected":false},"excerpt":{"rendered":"<p>Componente cient\u00edfico: CIFI 3074 \u2013 Materiales en el Arte y la Conservaci\u00f3n (3 cr\u00e9ditos). Curso interdisciplinario que cumple con el requisito de Ciencias Naturales de Educaci\u00f3n General; incluye laboratorios. Se introduce la relaci\u00f3n de las ciencias experimentales con artefactos del patrimonio cultural tangible, enfatizando el estudio de los materiales que los componen. Se abordan temas<\/p>\n","protected":false},"author":11,"featured_media":0,"parent":0,"menu_order":0,"comment_status":"closed","ping_status":"closed","template":"","meta":{"footnotes":""},"class_list":["post-573","page","type-page","status-publish"],"amp_enabled":true,"_links":{"self":[{"href":"https:\/\/generales.uprrp.edu\/bachillerato\/wp-json\/wp\/v2\/pages\/573","targetHints":{"allow":["GET"]}}],"collection":[{"href":"https:\/\/generales.uprrp.edu\/bachillerato\/wp-json\/wp\/v2\/pages"}],"about":[{"href":"https:\/\/generales.uprrp.edu\/bachillerato\/wp-json\/wp\/v2\/types\/page"}],"author":[{"embeddable":true,"href":"https:\/\/generales.uprrp.edu\/bachillerato\/wp-json\/wp\/v2\/users\/11"}],"replies":[{"embeddable":true,"href":"https:\/\/generales.uprrp.edu\/bachillerato\/wp-json\/wp\/v2\/comments?post=573"}],"version-history":[{"count":2,"href":"https:\/\/generales.uprrp.edu\/bachillerato\/wp-json\/wp\/v2\/pages\/573\/revisions"}],"predecessor-version":[{"id":577,"href":"https:\/\/generales.uprrp.edu\/bachillerato\/wp-json\/wp\/v2\/pages\/573\/revisions\/577"}],"wp:attachment":[{"href":"https:\/\/generales.uprrp.edu\/bachillerato\/wp-json\/wp\/v2\/media?parent=573"}],"curies":[{"name":"wp","href":"https:\/\/api.w.org\/{rel}","templated":true}]}}