{"id":562,"date":"2021-09-13T15:48:49","date_gmt":"2021-09-13T15:48:49","guid":{"rendered":"https:\/\/generales.uprrp.edu\/programa-bachillerato\/?page_id=562"},"modified":"2022-02-09T13:10:54","modified_gmt":"2022-02-09T13:10:54","slug":"requisitos-de-la-concentracion-menor-en-conservacion-de-patrimonio-cultural-tangible","status":"publish","type":"page","link":"https:\/\/generales.uprrp.edu\/bachillerato\/requisitos-de-la-concentracion-menor-en-conservacion-de-patrimonio-cultural-tangible\/","title":{"rendered":"Requisitos generales de la Concentraci\u00f3n Menor en Conservaci\u00f3n de Patrimonio Cultural Tangible"},"content":{"rendered":"<ol>\n<li>Tener un \u00edndice acad\u00e9mico de 2.50<\/li>\n<li>Llenar la solicitud correspondiente <span style=\"color: #ff0000\"><a style=\"color: #ff0000\" href=\"https:\/\/generales.uprrp.edu\/programa-bachillerato\/wp-content\/uploads\/sites\/9\/2022\/02\/FORMULARIO-CONCENTRACION-MENOR.pdf\" target=\"_blank\" rel=\"noopener\">(ver forma anexada)<\/a><\/span><\/li>\n<li>Acceder a una entrevista con el Coordinador o Asesor Acad\u00e9mico de la Concentraci\u00f3n<\/li>\n<li>Tomar ESGE 3333 (3 cr\u00e9ditos), ESGE 4444 (1 a 4 cr\u00e9ditos, depende del tiempo que le lleve a completar el proyecto final) y seleccionar 2 cursos electivos libres (6 cr\u00e9ditos) de la lista abajo, que se pueden tomar sin secuencia, para un total de 10 a 13 cr\u00e9ditos.<\/li>\n<li>Uno de estos cursos (componente cient\u00edfico):\n<ul>\n<li>CIFI 4075 \u2013 Ciencia y Tecnolog\u00eda en el Arte (3 cr\u00e9ditos)<\/li>\n<li>CIFI 3075 \u2013 Ciencia en el Arte (3 cr\u00e9ditos)<\/li>\n<li>CIFI 3074 \u2013 Materiales en el Arte y la Conservaci\u00f3n (3 cr\u00e9ditos)<\/li>\n<li>CIFI 4074 \u2013 Ciencias de Materiales en el Arte (3 cr\u00e9ditos)<\/li>\n<li>ANTR 4096 \u2013 An\u00e1lisis de Materiales Arqueol\u00f3gicos<\/li>\n<\/ul>\n<\/li>\n<li>Un segundo curso entre estos (componente de habilidades manuales):\n<ul>\n<li>ARTE 3936 &#8211; Medios Acuosos<\/li>\n<li>ARTE 4926 &#8211; Taller Experimental en Papel I<\/li>\n<li>ARTE 3615 &#8211; Procesos de Escultura I<\/li>\n<li>ARTE 3711-12 &#8211; Procesos de Fotograf\u00eda I<\/li>\n<li>ARTE 3815 &#8211; Procesos de Pintura I<\/li>\n<li>COMA 4011 \u2013 Fotograf\u00eda b\u00e1sica I<\/li>\n<li>BEOF XXXX \u2013 el m\u00e1ximo de 3 cr\u00e9ditos en cualquiera de los cursos ofrecidos bajo codificaci\u00f3n BEOF (cer\u00e1mica, tejido, dibujo, tejidos, caligraf\u00eda, orfebrer\u00eda, seminarios de conservaci\u00f3n, etc.)<\/li>\n<\/ul>\n<\/li>\n<\/ol>\n","protected":false},"excerpt":{"rendered":"<p>Tener un \u00edndice acad\u00e9mico de 2.50 Llenar la solicitud correspondiente (ver forma anexada) Acceder a una entrevista con el Coordinador o Asesor Acad\u00e9mico de la Concentraci\u00f3n Tomar ESGE 3333 (3 cr\u00e9ditos), ESGE 4444 (1 a 4 cr\u00e9ditos, depende del tiempo que le lleve a completar el proyecto final) y seleccionar 2 cursos electivos libres (6<\/p>\n","protected":false},"author":11,"featured_media":0,"parent":0,"menu_order":0,"comment_status":"closed","ping_status":"closed","template":"","meta":{"footnotes":""},"class_list":["post-562","page","type-page","status-publish"],"amp_enabled":true,"_links":{"self":[{"href":"https:\/\/generales.uprrp.edu\/bachillerato\/wp-json\/wp\/v2\/pages\/562","targetHints":{"allow":["GET"]}}],"collection":[{"href":"https:\/\/generales.uprrp.edu\/bachillerato\/wp-json\/wp\/v2\/pages"}],"about":[{"href":"https:\/\/generales.uprrp.edu\/bachillerato\/wp-json\/wp\/v2\/types\/page"}],"author":[{"embeddable":true,"href":"https:\/\/generales.uprrp.edu\/bachillerato\/wp-json\/wp\/v2\/users\/11"}],"replies":[{"embeddable":true,"href":"https:\/\/generales.uprrp.edu\/bachillerato\/wp-json\/wp\/v2\/comments?post=562"}],"version-history":[{"count":7,"href":"https:\/\/generales.uprrp.edu\/bachillerato\/wp-json\/wp\/v2\/pages\/562\/revisions"}],"predecessor-version":[{"id":646,"href":"https:\/\/generales.uprrp.edu\/bachillerato\/wp-json\/wp\/v2\/pages\/562\/revisions\/646"}],"wp:attachment":[{"href":"https:\/\/generales.uprrp.edu\/bachillerato\/wp-json\/wp\/v2\/media?parent=562"}],"curies":[{"name":"wp","href":"https:\/\/api.w.org\/{rel}","templated":true}]}}