{"id":308,"date":"2020-12-07T16:59:53","date_gmt":"2020-12-07T16:59:53","guid":{"rendered":"http:\/\/generales.uprrp.edu\/programa-bachillerato\/?page_id=308"},"modified":"2023-02-22T13:20:42","modified_gmt":"2023-02-22T13:20:42","slug":"solicitud-segundo-bachillerato-segunda-concentracion-concentracion-menor-cert-prof","status":"publish","type":"page","link":"https:\/\/generales.uprrp.edu\/bachillerato\/solicitud-segundo-bachillerato-segunda-concentracion-concentracion-menor-cert-prof\/","title":{"rendered":"Solicitud segundo bachillerato, segunda concentraci\u00f3n, concentraci\u00f3n menor y certificaci\u00f3n profesional"},"content":{"rendered":"<div class=\"page\" title=\"Page 2\">\n<div class=\"layoutArea\">\n<p><strong>FAVOR LEER ESTAS INSTRUCCIONES ANTES DE LLENAR\u00a0LA SOLICITUD:<\/strong><\/p>\n<ul>\n<li><span class=\"x_ContentPasted1\" lang=\"ES-US\">Este formulario tiene un costo de $1.35 pagadero en esta solicitud.\u00a0<\/span><\/li>\n<li><span class=\"x_ContentPasted1\" lang=\"ES-US\">Este formulario solamente aplica a estudiantes activos subgraduados del Recinto de R\u00edo Piedras.\u00a0<\/span><\/li>\n<li><span class=\"x_ContentPasted1\" lang=\"ES-US\">Si no est\u00e1 estudiando actualmente, debe llenar el formulario de Readmisi\u00f3n.\u00a0<\/span><\/li>\n<li><span class=\"x_ContentPasted1\" lang=\"ES-US\"><a href=\"https:\/\/generales.uprrp.edu\/programa-bachillerato\/wp-content\/uploads\/sites\/9\/2022\/02\/FORMULARIO-CONCENTRACION-MENOR.pdf\" target=\"_blank\" rel=\"noopener\">Llenar solicitud<\/a> \u00a0<\/span><\/li>\n<\/ul>\n<p>&nbsp;<\/p>\n<p><span style=\"font-size: 14px\">Puede comunicarse a la Oficina del Registrador con Carmen Pol al correo electr\u00f3nico (<\/span><a style=\"font-size: 14px\" href=\"mailto:carmen.pol1@upr.edu\" target=\"_blank\" rel=\"nofollow noopener\">carmen.pol1@upr.edu<\/a><span style=\"font-size: 14px\">)\u00a0para aclarar cualquier duda.<\/span><\/p>\n<\/div>\n<\/div>\n","protected":false},"excerpt":{"rendered":"<p>FAVOR LEER ESTAS INSTRUCCIONES ANTES DE LLENAR\u00a0LA SOLICITUD: Este formulario tiene un costo de $1.35 pagadero en esta solicitud.\u00a0 Este formulario solamente aplica a estudiantes activos subgraduados del Recinto de R\u00edo Piedras.\u00a0 Si no est\u00e1 estudiando actualmente, debe llenar el formulario de Readmisi\u00f3n.\u00a0 Llenar solicitud \u00a0 &nbsp; Puede comunicarse a la Oficina del Registrador con<\/p>\n","protected":false},"author":11,"featured_media":0,"parent":0,"menu_order":0,"comment_status":"closed","ping_status":"closed","template":"","meta":{"footnotes":""},"class_list":["post-308","page","type-page","status-publish"],"amp_enabled":true,"_links":{"self":[{"href":"https:\/\/generales.uprrp.edu\/bachillerato\/wp-json\/wp\/v2\/pages\/308","targetHints":{"allow":["GET"]}}],"collection":[{"href":"https:\/\/generales.uprrp.edu\/bachillerato\/wp-json\/wp\/v2\/pages"}],"about":[{"href":"https:\/\/generales.uprrp.edu\/bachillerato\/wp-json\/wp\/v2\/types\/page"}],"author":[{"embeddable":true,"href":"https:\/\/generales.uprrp.edu\/bachillerato\/wp-json\/wp\/v2\/users\/11"}],"replies":[{"embeddable":true,"href":"https:\/\/generales.uprrp.edu\/bachillerato\/wp-json\/wp\/v2\/comments?post=308"}],"version-history":[{"count":10,"href":"https:\/\/generales.uprrp.edu\/bachillerato\/wp-json\/wp\/v2\/pages\/308\/revisions"}],"predecessor-version":[{"id":732,"href":"https:\/\/generales.uprrp.edu\/bachillerato\/wp-json\/wp\/v2\/pages\/308\/revisions\/732"}],"wp:attachment":[{"href":"https:\/\/generales.uprrp.edu\/bachillerato\/wp-json\/wp\/v2\/media?parent=308"}],"curies":[{"name":"wp","href":"https:\/\/api.w.org\/{rel}","templated":true}]}}