{"id":305,"date":"2020-12-07T16:44:45","date_gmt":"2020-12-07T16:44:45","guid":{"rendered":"http:\/\/generales.uprrp.edu\/programa-bachillerato\/?page_id=305"},"modified":"2021-03-15T22:20:29","modified_gmt":"2021-03-15T22:20:29","slug":"objetivos-de-la-concentracion-menor-en-derechos-humanos","status":"publish","type":"page","link":"https:\/\/generales.uprrp.edu\/bachillerato\/objetivos-de-la-concentracion-menor-en-derechos-humanos\/","title":{"rendered":"Objetivos de la Concentraci\u00f3n Menor en Derechos Humanos"},"content":{"rendered":"<p>Luego de completar la concentraci\u00f3n menor en derechos humanos todo estudiante deber\u00e1:<\/p>\n<ol>\n<li>Explicar lo que constituyen los derechos humanos, c\u00f3mo se constituyen y la importancia de la dignidad humana y el desarrollo pleno de la personalidad humana como criterios normativos esenciales.<\/li>\n<li>Distinguir aspectos hist\u00f3ricos esenciales de los derechos humanos y su evoluci\u00f3n hasta nuestros d\u00edas.<\/li>\n<li>Comparar los principales derechos humanos reconocidos en el contexto internacional y en el contexto pol\u00edtico y constitucional de Puerto Rico.<\/li>\n<li>Aplicar las destrezas necesarias para realizar investigaciones sobre los derechos humanos desde perspectivas interdisciplinarias.<\/li>\n<li>Desarrollar una perspectiva informada sobre \u00e1reas de limitado cumplimiento en \u00e1reas claves de los derechos humanos como la protecci\u00f3n del ambiente y los derechos de la ni\u00f1ez.<\/li>\n<li>Integrar un amplio espectro de disciplinas desde las cuales se puede contribuir al cumplimiento de los derechos humanos y en los cuales existe un v\u00ednculo con la tem\u00e1tica.<\/li>\n<li>Evaluar la dimensi\u00f3n \u00e9tica que implica el fomento de la dignidad humana como eje de la acci\u00f3n gubernamental.<\/li>\n<li>Integrar el conocimiento para debatir sobre temas relevantes a los derechos humanos y sus dimensiones locales y globales.<\/li>\n<li>Fortalecer la responsabilidad social a trav\u00e9s del servicio comunitario.<\/li>\n<\/ol>\n<p>&nbsp;<\/p>\n","protected":false},"excerpt":{"rendered":"<p>Luego de completar la concentraci\u00f3n menor en derechos humanos todo estudiante deber\u00e1: Explicar lo que constituyen los derechos humanos, c\u00f3mo se constituyen y la importancia de la dignidad humana y el desarrollo pleno de la personalidad humana como criterios normativos esenciales. Distinguir aspectos hist\u00f3ricos esenciales de los derechos humanos y su evoluci\u00f3n hasta nuestros d\u00edas.<\/p>\n","protected":false},"author":11,"featured_media":0,"parent":0,"menu_order":0,"comment_status":"closed","ping_status":"closed","template":"","meta":{"footnotes":""},"class_list":["post-305","page","type-page","status-publish"],"amp_enabled":true,"_links":{"self":[{"href":"https:\/\/generales.uprrp.edu\/bachillerato\/wp-json\/wp\/v2\/pages\/305","targetHints":{"allow":["GET"]}}],"collection":[{"href":"https:\/\/generales.uprrp.edu\/bachillerato\/wp-json\/wp\/v2\/pages"}],"about":[{"href":"https:\/\/generales.uprrp.edu\/bachillerato\/wp-json\/wp\/v2\/types\/page"}],"author":[{"embeddable":true,"href":"https:\/\/generales.uprrp.edu\/bachillerato\/wp-json\/wp\/v2\/users\/11"}],"replies":[{"embeddable":true,"href":"https:\/\/generales.uprrp.edu\/bachillerato\/wp-json\/wp\/v2\/comments?post=305"}],"version-history":[{"count":1,"href":"https:\/\/generales.uprrp.edu\/bachillerato\/wp-json\/wp\/v2\/pages\/305\/revisions"}],"predecessor-version":[{"id":306,"href":"https:\/\/generales.uprrp.edu\/bachillerato\/wp-json\/wp\/v2\/pages\/305\/revisions\/306"}],"wp:attachment":[{"href":"https:\/\/generales.uprrp.edu\/bachillerato\/wp-json\/wp\/v2\/media?parent=305"}],"curies":[{"name":"wp","href":"https:\/\/api.w.org\/{rel}","templated":true}]}}