{"id":288,"date":"2020-12-07T16:01:00","date_gmt":"2020-12-07T16:01:00","guid":{"rendered":"http:\/\/generales.uprrp.edu\/programa-bachillerato\/?page_id=288"},"modified":"2021-03-15T22:20:59","modified_gmt":"2021-03-15T22:20:59","slug":"curso-requisito-de-la-concentracion-menor-en-derechos-humanos","status":"publish","type":"page","link":"https:\/\/generales.uprrp.edu\/bachillerato\/curso-requisito-de-la-concentracion-menor-en-derechos-humanos\/","title":{"rendered":"Curso requisito de la Concentraci\u00f3n Menor en Derechos Humanos"},"content":{"rendered":"<p><strong>ESGE 4077 Los derechos humanos en el mundo contempor\u00e1neo<\/strong> En el curso se estudia el origen hist\u00f3rico de los derechos humanos, su evoluci\u00f3n y su importancia en el contexto del mundo contempor\u00e1neo, a partir de los grandes debates de nuestro tiempo. Este curso est\u00e1 dise\u00f1ado para estudiantes de tercer a\u00f1o en adelante. Desde la perspectiva interdisciplinaria, se examinan diversas posturas del mundo occidental (burguesa-idealista y materialista), los derechos individuales, civiles y pol\u00edticos (Revoluci\u00f3n burguesa en Inglaterra y Carta Magna-Bill of Rights), el constitucionalismo norteamericano; Declaraci\u00f3n Universal y Revoluci\u00f3n Francesa; y colectivos (econ\u00f3micos, sociales y culturales); y los derechos humanos en Am\u00e9rica Latina (dominaci\u00f3n colonial, neocolonialismo, etc.) y Puerto Rico.<\/p>\n","protected":false},"excerpt":{"rendered":"<p>ESGE 4077 Los derechos humanos en el mundo contempor\u00e1neo En el curso se estudia el origen hist\u00f3rico de los derechos humanos, su evoluci\u00f3n y su importancia en el contexto del mundo contempor\u00e1neo, a partir de los grandes debates de nuestro tiempo. Este curso est\u00e1 dise\u00f1ado para estudiantes de tercer a\u00f1o en adelante. Desde la perspectiva<\/p>\n","protected":false},"author":11,"featured_media":0,"parent":0,"menu_order":0,"comment_status":"closed","ping_status":"closed","template":"","meta":{"footnotes":""},"class_list":["post-288","page","type-page","status-publish"],"amp_enabled":true,"_links":{"self":[{"href":"https:\/\/generales.uprrp.edu\/bachillerato\/wp-json\/wp\/v2\/pages\/288","targetHints":{"allow":["GET"]}}],"collection":[{"href":"https:\/\/generales.uprrp.edu\/bachillerato\/wp-json\/wp\/v2\/pages"}],"about":[{"href":"https:\/\/generales.uprrp.edu\/bachillerato\/wp-json\/wp\/v2\/types\/page"}],"author":[{"embeddable":true,"href":"https:\/\/generales.uprrp.edu\/bachillerato\/wp-json\/wp\/v2\/users\/11"}],"replies":[{"embeddable":true,"href":"https:\/\/generales.uprrp.edu\/bachillerato\/wp-json\/wp\/v2\/comments?post=288"}],"version-history":[{"count":1,"href":"https:\/\/generales.uprrp.edu\/bachillerato\/wp-json\/wp\/v2\/pages\/288\/revisions"}],"predecessor-version":[{"id":289,"href":"https:\/\/generales.uprrp.edu\/bachillerato\/wp-json\/wp\/v2\/pages\/288\/revisions\/289"}],"wp:attachment":[{"href":"https:\/\/generales.uprrp.edu\/bachillerato\/wp-json\/wp\/v2\/media?parent=288"}],"curies":[{"name":"wp","href":"https:\/\/api.w.org\/{rel}","templated":true}]}}