{"id":286,"date":"2020-12-07T15:59:17","date_gmt":"2020-12-07T15:59:17","guid":{"rendered":"http:\/\/generales.uprrp.edu\/programa-bachillerato\/?page_id=286"},"modified":"2021-03-15T22:03:02","modified_gmt":"2021-03-15T22:03:02","slug":"requisitos-generales-de-la-concentracion-menor-en-derechos-humanos","status":"publish","type":"page","link":"https:\/\/generales.uprrp.edu\/bachillerato\/requisitos-generales-de-la-concentracion-menor-en-derechos-humanos\/","title":{"rendered":"Requisitos generales de la Concentraci\u00f3n Menor en Derechos Humanos"},"content":{"rendered":"<ol>\n<li>Tener un \u00edndice acad\u00e9mico de 2.50<\/li>\n<li>Llenar el formulario correspondiente<\/li>\n<li>Tomar ESGE 4077 (3 cr\u00e9ditos) y seleccionar 3 cursos electivos libres (9 cr\u00e9ditos) de la lista aqu\u00ed incluida, que se pueden tomar sin secuencia, para un total de 12 cr\u00e9ditos.<\/li>\n<\/ol>\n","protected":false},"excerpt":{"rendered":"<p>Tener un \u00edndice acad\u00e9mico de 2.50 Llenar el formulario correspondiente Tomar ESGE 4077 (3 cr\u00e9ditos) y seleccionar 3 cursos electivos libres (9 cr\u00e9ditos) de la lista aqu\u00ed incluida, que se pueden tomar sin secuencia, para un total de 12 cr\u00e9ditos.<\/p>\n","protected":false},"author":11,"featured_media":0,"parent":0,"menu_order":0,"comment_status":"closed","ping_status":"closed","template":"","meta":{"footnotes":""},"class_list":["post-286","page","type-page","status-publish"],"amp_enabled":true,"_links":{"self":[{"href":"https:\/\/generales.uprrp.edu\/bachillerato\/wp-json\/wp\/v2\/pages\/286","targetHints":{"allow":["GET"]}}],"collection":[{"href":"https:\/\/generales.uprrp.edu\/bachillerato\/wp-json\/wp\/v2\/pages"}],"about":[{"href":"https:\/\/generales.uprrp.edu\/bachillerato\/wp-json\/wp\/v2\/types\/page"}],"author":[{"embeddable":true,"href":"https:\/\/generales.uprrp.edu\/bachillerato\/wp-json\/wp\/v2\/users\/11"}],"replies":[{"embeddable":true,"href":"https:\/\/generales.uprrp.edu\/bachillerato\/wp-json\/wp\/v2\/comments?post=286"}],"version-history":[{"count":1,"href":"https:\/\/generales.uprrp.edu\/bachillerato\/wp-json\/wp\/v2\/pages\/286\/revisions"}],"predecessor-version":[{"id":287,"href":"https:\/\/generales.uprrp.edu\/bachillerato\/wp-json\/wp\/v2\/pages\/286\/revisions\/287"}],"wp:attachment":[{"href":"https:\/\/generales.uprrp.edu\/bachillerato\/wp-json\/wp\/v2\/media?parent=286"}],"curies":[{"name":"wp","href":"https:\/\/api.w.org\/{rel}","templated":true}]}}