{"id":198,"date":"2018-04-26T14:38:40","date_gmt":"2018-04-26T14:38:40","guid":{"rendered":"http:\/\/generales.uprrp.edu\/programa-bachillerato\/?page_id=198"},"modified":"2026-02-04T19:52:37","modified_gmt":"2026-02-04T19:52:37","slug":"concentracion-menor-en-derechos-humanos","status":"publish","type":"page","link":"https:\/\/generales.uprrp.edu\/bachillerato\/concentracion-menor-en-derechos-humanos\/","title":{"rendered":"Concentraci\u00f3n Menor en Derechos Humanos"},"content":{"rendered":"<p><a href=\"https:\/\/generales.uprrp.edu\/programa-bachillerato\/wp-content\/uploads\/sites\/9\/2020\/12\/IMG_0865.jpg\"><img loading=\"lazy\" decoding=\"async\" src=\"https:\/\/generales.uprrp.edu\/programa-bachillerato\/wp-content\/uploads\/sites\/9\/2020\/12\/IMG_0865.jpg\" alt=\"\" width=\"700\" height=\"354\" \/><\/a><\/p>\n<p>La Concentraci\u00f3n Menor en Derechos Humanos (CMDH) promueve la integraci\u00f3n de cursos especializados en esta tem\u00e1tica, cumpliendo, as\u00ed, con los principios b\u00e1sicos de la Declaraci\u00f3n Universal de Derechos Humanos de la Organizaci\u00f3n de Naciones Unidas (ONU). La concentraci\u00f3n, la cual est\u00e1 adscrita al <a href=\"https:\/\/generales.uprrp.edu\/bachillerato\/\"><span data-olk-copy-source=\"MessageBody\">Programa de Bachillerato en Artes en Estudios Generales de la<\/span>\u00a0Facultad de Estudios Generales<\/a>, es dise\u00f1ada para estudiantes subgraduados y forma parte de la nueva oferta curricular de la Facultad. Busca ofrecer a los alumnos una educaci\u00f3n de excelencia, a trav\u00e9s de un curr\u00edculo interdisciplinario en el cual se integran las humanidades, las ciencias sociales, las ciencias naturales y la educaci\u00f3n, entre otras materias. (Fuente: <a href=\"https:\/\/www.uprrp.edu\/2018\/11\/facultad-de-estudios-generales-desarrolla-concentracion-menor-en-derechos-humanos\/\" target=\"_blank\" rel=\"noopener noreferrer\">Facultad de Estudios Generales desarrolla concentraci\u00f3n menor en derechos humanos<\/a>)<\/p>\n<p>La Concentraci\u00f3n Menor en Derechos Humanos fue aprobada por el Senado Acad\u00e9mico de la UPRRP, mediante la CERTIFICACI\u00d3N 39 (2016-2017).<\/p>\n<p><a href=\"http:\/\/senado.uprrp.edu\/wp-content\/uploads\/2018\/11\/CSA-39-2016-2017.pdf\" target=\"_blank\" rel=\"noopener nofollow noreferrer\">http:\/\/senado.uprrp.edu\/\u2026\/Cert2016-2017\/CSA-39-2016-2017.pdf<\/a><\/p>\n<p><a href=\"https:\/\/generales.uprrp.edu\/bachillerato\/wp-content\/uploads\/sites\/9\/2026\/02\/FOLLETO-CMDH-2026-.pdf\" target=\"_blank\" rel=\"noopener noreferrer\">Ver op\u00fasculo informativo de la concentraci\u00f3n<\/a>.<\/p>\n<p><strong>Cursos programados para el Segundo Semestre 2025-2026<br \/>\n<\/strong><code><a href=\"https:\/\/generales.uprrp.edu\/bachillerato\/wp-content\/uploads\/sites\/9\/2025\/11\/Cursos-CM-Derechos-Humanos.pdf\" class=\"pdfemb-viewer\" style=\"\" data-width=\"max\" data-height=\"max\" data-toolbar=\"bottom\" data-toolbar-fixed=\"on\">Cursos-CM-Derechos-Humanos<\/a><\/code><\/p>\n","protected":false},"excerpt":{"rendered":"<p>La Concentraci\u00f3n Menor en Derechos Humanos (CMDH) promueve la integraci\u00f3n de cursos especializados en esta tem\u00e1tica, cumpliendo, as\u00ed, con los principios b\u00e1sicos de la Declaraci\u00f3n Universal de Derechos Humanos de la Organizaci\u00f3n de Naciones Unidas (ONU). La concentraci\u00f3n, la cual est\u00e1 adscrita al Programa de Bachillerato en Artes en Estudios Generales de la\u00a0Facultad de Estudios<\/p>\n","protected":false},"author":2,"featured_media":0,"parent":0,"menu_order":0,"comment_status":"closed","ping_status":"closed","template":"","meta":{"footnotes":""},"class_list":["post-198","page","type-page","status-publish"],"amp_enabled":true,"_links":{"self":[{"href":"https:\/\/generales.uprrp.edu\/bachillerato\/wp-json\/wp\/v2\/pages\/198","targetHints":{"allow":["GET"]}}],"collection":[{"href":"https:\/\/generales.uprrp.edu\/bachillerato\/wp-json\/wp\/v2\/pages"}],"about":[{"href":"https:\/\/generales.uprrp.edu\/bachillerato\/wp-json\/wp\/v2\/types\/page"}],"author":[{"embeddable":true,"href":"https:\/\/generales.uprrp.edu\/bachillerato\/wp-json\/wp\/v2\/users\/2"}],"replies":[{"embeddable":true,"href":"https:\/\/generales.uprrp.edu\/bachillerato\/wp-json\/wp\/v2\/comments?post=198"}],"version-history":[{"count":39,"href":"https:\/\/generales.uprrp.edu\/bachillerato\/wp-json\/wp\/v2\/pages\/198\/revisions"}],"predecessor-version":[{"id":1455,"href":"https:\/\/generales.uprrp.edu\/bachillerato\/wp-json\/wp\/v2\/pages\/198\/revisions\/1455"}],"wp:attachment":[{"href":"https:\/\/generales.uprrp.edu\/bachillerato\/wp-json\/wp\/v2\/media?parent=198"}],"curies":[{"name":"wp","href":"https:\/\/api.w.org\/{rel}","templated":true}]}}