{"id":181,"date":"2017-09-13T21:31:50","date_gmt":"2017-09-13T21:31:50","guid":{"rendered":"http:\/\/generalesdv.uprrp.edu\/programa-bachillerato\/?page_id=181"},"modified":"2025-10-03T15:23:46","modified_gmt":"2025-10-03T15:23:46","slug":"preguntas-frecuentes","status":"publish","type":"page","link":"https:\/\/generales.uprrp.edu\/bachillerato\/preguntas-frecuentes\/","title":{"rendered":"Preguntas frecuentes"},"content":{"rendered":"<h5><span style=\"color: #000000;\"><em>\u00bfLa Facultad de Estudios Generales (FEG) y el Programa de Bachillerato en Artes en Estudios Generales son lo mismo?<\/em><\/span><\/h5>\n<p><span style=\"color: #000000;\"><span class=\"x_ContentPasted1 x_ContentPasted2\"><span class=\"x_ContentPasted2\">S\u00cd y\u00a0<\/span>NO.<\/span><span class=\"x_ContentPasted1 x_ContentPasted2\"><span class=\"x_ContentPasted2\">\u00a0<\/span>Esta aparente ambig\u00fcedad se explica f\u00e1cil: El Programa de Bachillerato est\u00e1 al interior de la FEG, o si se prefiere: La FEG cobija el Programa de Bachillerato.<\/span> La <strong>Facultad de Estudios Generales<\/strong> ofrece cursos de educaci\u00f3n general para todos los estudiantes admitidos en el Recinto en los diferentes programas acad\u00e9micos de las diversas facultades. El <strong><span class=\"x_ContentPasted1 x_ContentPasted2\">Programa<\/span>\u00a0de Bachillerato<\/strong>, por otra parte, es el \u00fanico p<span class=\"x_ContentPasted1 x_ContentPasted2\">rograma<\/span> acad\u00e9mico de la Facultad de Estudios Generales que otorga un grado de bachillerato. Por tanto, los estudiantes admitidos inician su experiencia universitaria tomando los cursos de educaci\u00f3n general como el resto del estudiantado de nuevo ingreso del Recinto; pero luego contin\u00faan su progreso acad\u00e9mico siguiendo un plan de estudios individualizado, el cual se dise\u00f1a combinando cursos de educaci\u00f3n general, cursos medulares de la secuencia curricular del programa y otros electivos.<\/span><\/p>\n<p>La\u00a0<strong>Facultad de Estudios Generales<\/strong>\u00a0ofrece los\u00a042 cr\u00e9ditos que son requisitos\u00a0de\u00a0<strong>educaci\u00f3n general<\/strong> para todos los estudiantes admitidos en el Recinto en los diferentes programas acad\u00e9micos de las diversas facultades. El <strong><span style=\"color: #000000;\"><span class=\"x_ContentPasted1 x_ContentPasted2\">Programa<\/span><\/span>\u00a0de Bachillerato en Artes en Estudios Generales<\/strong>, por su parte, es el &#8216;<span style=\"color: #000000;\"><span class=\"x_ContentPasted1 x_ContentPasted2\">Programa<\/span><\/span>&#8216; acad\u00e9mico de la Facultad de Estudios Generales que <strong>otorga un grado de bachillerato.\u00a0<\/strong>Pr\u00f3ximamente tiene en planes una Maestr\u00eda y un Grado combinado, acelerado, bajo un nuevo &#8216;paradigma&#8217;: dos grados en cinco a\u00f1os. Tambi\u00e9n cobija cuatro (4) Concentraciones Menores en \u00e1reas del saber transversales y de punta; as\u00ed como un \u00c1rea de \u00c9nfasis, \u00fanica en su clase en el sistema.<\/p>\n<p>En rigor, los estudiantes admitidos inician su experiencia universitaria tomando los cursos de educaci\u00f3n general como el conjunto del estudiantado de nuevo ingreso del Recinto.\u00a0 Empero, luego contin\u00faan su progreso acad\u00e9mico siguiendo un plan de estudios bastante individualizado y flexible, pero estructurado y asesorado. Este se dise\u00f1a combinando cursos de educaci\u00f3n general, con cursos medulares de la secuencia curricular del Programa, y con otras experiencias electivas integrativas.<\/p>\n<h5><span style=\"color: #000000;\"><em>\u00bfEl <span class=\"x_ContentPasted1 x_ContentPasted2\">Programa<\/span> de Bachillerato tiene una concentraci\u00f3n?<\/em><\/span><\/h5>\n<p><span style=\"color: #000000;\">S\u00cd. Todo estudiante graduado del <span class=\"x_ContentPasted1 x_ContentPasted2\">Programa<\/span> tiene un Bachillerato en Artes en Estudios Generales con concentraci\u00f3n en Educaci\u00f3n General. <\/span><\/p>\n<h5><span style=\"color: #000000;\"><em>\u00bfSe pueden tomar prerrequisitos para cumplir con los criterios de programas graduados?<\/em><\/span><\/h5>\n<p><span style=\"color: #000000;\">S\u00cd. La propuesta curricular del <span class=\"x_ContentPasted1 x_ContentPasted2\">Programa<\/span> de Bachillerato tiene un conjunto estructurado de 15 cr\u00e9ditos y un componente de electivas de 18 cr\u00e9ditos que le permite al estudiantado tomar los cursos requeridos para solicitar programas graduados en diversas disciplinas. Con el apoyo de la asesor\u00eda acad\u00e9mica, todo estudiante dise\u00f1a un plan de estudios individualizado que responde a sus intereses y metas profesionales.<\/span><\/p>\n<p><span style=\"color: #000000;\">Para aclarar cualquier duda puedes llamar o escribir al <span class=\"x_ContentPasted1 x_ContentPasted2\">Programa<\/span>.<\/span><\/p>\n","protected":false},"excerpt":{"rendered":"<p>\u00bfLa Facultad de Estudios Generales (FEG) y el Programa de Bachillerato en Artes en Estudios Generales son lo mismo? S\u00cd y\u00a0NO.\u00a0Esta aparente ambig\u00fcedad se explica f\u00e1cil: El Programa de Bachillerato est\u00e1 al interior de la FEG, o si se prefiere: La FEG cobija el Programa de Bachillerato. La Facultad de Estudios Generales ofrece cursos de<\/p>\n","protected":false},"author":16,"featured_media":0,"parent":0,"menu_order":0,"comment_status":"closed","ping_status":"closed","template":"","meta":{"footnotes":""},"class_list":["post-181","page","type-page","status-publish"],"amp_enabled":true,"_links":{"self":[{"href":"https:\/\/generales.uprrp.edu\/bachillerato\/wp-json\/wp\/v2\/pages\/181","targetHints":{"allow":["GET"]}}],"collection":[{"href":"https:\/\/generales.uprrp.edu\/bachillerato\/wp-json\/wp\/v2\/pages"}],"about":[{"href":"https:\/\/generales.uprrp.edu\/bachillerato\/wp-json\/wp\/v2\/types\/page"}],"author":[{"embeddable":true,"href":"https:\/\/generales.uprrp.edu\/bachillerato\/wp-json\/wp\/v2\/users\/16"}],"replies":[{"embeddable":true,"href":"https:\/\/generales.uprrp.edu\/bachillerato\/wp-json\/wp\/v2\/comments?post=181"}],"version-history":[{"count":9,"href":"https:\/\/generales.uprrp.edu\/bachillerato\/wp-json\/wp\/v2\/pages\/181\/revisions"}],"predecessor-version":[{"id":1401,"href":"https:\/\/generales.uprrp.edu\/bachillerato\/wp-json\/wp\/v2\/pages\/181\/revisions\/1401"}],"wp:attachment":[{"href":"https:\/\/generales.uprrp.edu\/bachillerato\/wp-json\/wp\/v2\/media?parent=181"}],"curies":[{"name":"wp","href":"https:\/\/api.w.org\/{rel}","templated":true}]}}