{"id":175,"date":"2017-09-13T21:26:32","date_gmt":"2017-09-13T21:26:32","guid":{"rendered":"http:\/\/generalesdv.uprrp.edu\/programa-bachillerato\/?page_id=175"},"modified":"2025-10-03T15:24:54","modified_gmt":"2025-10-03T15:24:54","slug":"leccion-inaugural","status":"publish","type":"page","link":"https:\/\/generales.uprrp.edu\/bachillerato\/leccion-inaugural\/","title":{"rendered":"XXXVI Lecci\u00f3n Inaugural"},"content":{"rendered":"<p>XXXVI Lecci\u00f3n Inaugural del <span style=\"color: #000000;\"><span class=\"x_ContentPasted1 x_ContentPasted2\">Programa<\/span><\/span> de Bachillerato en Artes en Estudios Generales celebrada el mi\u00e9rcoles, 25 de septiembre de 2024. Dicha lecci\u00f3n, titulada <em>&#8220;Ni pena, ni miedo: Jornadas entre la Universidad y la c\u00e1rcel&#8221;<\/em>, fue impartida por la Dra. Edna Ben\u00edtez Laborde.<\/p>\n<p>&nbsp;<\/p>\n<p><iframe loading=\"lazy\" title=\"XXXVI Lecci\u00f3n Inaugural:  Ni pena, ni miedo.\" width=\"708\" height=\"398\" src=\"https:\/\/www.youtube.com\/embed\/Dz3DSFAouQA?feature=oembed\" frameborder=\"0\" allow=\"accelerometer; autoplay; clipboard-write; encrypted-media; gyroscope; picture-in-picture; web-share\" referrerpolicy=\"strict-origin-when-cross-origin\" allowfullscreen><\/iframe><\/p>\n","protected":false},"excerpt":{"rendered":"<p>XXXVI Lecci\u00f3n Inaugural del Programa de Bachillerato en Artes en Estudios Generales celebrada el mi\u00e9rcoles, 25 de septiembre de 2024. Dicha lecci\u00f3n, titulada &#8220;Ni pena, ni miedo: Jornadas entre la Universidad y la c\u00e1rcel&#8221;, fue impartida por la Dra. Edna Ben\u00edtez Laborde. &nbsp;<\/p>\n","protected":false},"author":16,"featured_media":0,"parent":0,"menu_order":0,"comment_status":"closed","ping_status":"closed","template":"page-blocks.php","meta":{"footnotes":""},"class_list":["post-175","page","type-page","status-publish"],"amp_enabled":true,"_links":{"self":[{"href":"https:\/\/generales.uprrp.edu\/bachillerato\/wp-json\/wp\/v2\/pages\/175","targetHints":{"allow":["GET"]}}],"collection":[{"href":"https:\/\/generales.uprrp.edu\/bachillerato\/wp-json\/wp\/v2\/pages"}],"about":[{"href":"https:\/\/generales.uprrp.edu\/bachillerato\/wp-json\/wp\/v2\/types\/page"}],"author":[{"embeddable":true,"href":"https:\/\/generales.uprrp.edu\/bachillerato\/wp-json\/wp\/v2\/users\/16"}],"replies":[{"embeddable":true,"href":"https:\/\/generales.uprrp.edu\/bachillerato\/wp-json\/wp\/v2\/comments?post=175"}],"version-history":[{"count":25,"href":"https:\/\/generales.uprrp.edu\/bachillerato\/wp-json\/wp\/v2\/pages\/175\/revisions"}],"predecessor-version":[{"id":1403,"href":"https:\/\/generales.uprrp.edu\/bachillerato\/wp-json\/wp\/v2\/pages\/175\/revisions\/1403"}],"wp:attachment":[{"href":"https:\/\/generales.uprrp.edu\/bachillerato\/wp-json\/wp\/v2\/media?parent=175"}],"curies":[{"name":"wp","href":"https:\/\/api.w.org\/{rel}","templated":true}]}}