{"id":148,"date":"2017-09-13T20:33:44","date_gmt":"2017-09-13T20:33:44","guid":{"rendered":"http:\/\/generalesdv.uprrp.edu\/programa-bachillerato\/?page_id=148"},"modified":"2025-10-21T15:47:02","modified_gmt":"2025-10-21T15:47:02","slug":"secuencia-curricular","status":"publish","type":"page","link":"https:\/\/generales.uprrp.edu\/bachillerato\/secuencia-curricular\/","title":{"rendered":"Secuencia curricular"},"content":{"rendered":"<p>La secuencia curricular o plan de estudio (<a href=\"https:\/\/generales.uprrp.edu\/bachillerato\/infograficos-secuencia-curricular\/\">ver infogr\u00e1ficos<\/a>) del Programa de Bachillerato en Artes en Estudios Generales es una gu\u00eda organizada y progresiva de los cursos que el estudiante matriculado debe tomar para poder avanzar en la carrera y lograr progreso acad\u00e9mico. La secuencia curricular va de la mano con la Asesor\u00eda Acad\u00e9mica, buscando el \u00e9xito con base en las habilidades, actitudes e intereses particulares del estudiantado del Programa de Bachillerato de la Facultad de Estudios Generales (PBAEG).<\/p>\n<p><strong>Plan de Estudio\/ Secuencia Curricular<br \/>\nPrograma de Bachillerato en Artes en Estudios Generales<br \/>\n<\/strong><\/p>\n<ul>\n<li>42 cr\u00e9ditos Educaci\u00f3n General<\/li>\n<li>51 cr\u00e9ditos Concentraci\u00f3n (ESGE)<\/li>\n<li>15 cr\u00e9ditos Conjunto Estructurado (\u00e1rea de inter\u00e9s)<\/li>\n<li>18 cr\u00e9ditos Electivas Libres<\/li>\n<\/ul>\n<p class=\"p2\" style=\"text-align: center;\"><span class=\"s1\"><span class=\"Apple-converted-space\">\u00a0<\/span><\/span><b>Tabla de secuencia curricular por semestre, resaltando los cursos requisitos<\/b><\/p>\n\n<table id=\"tablepress-3\" class=\"tablepress tablepress-id-3\">\n<thead>\n<tr class=\"row-1\">\n\t<th class=\"column-1\"><strong>Semestre 1<\/strong><\/th><th class=\"column-2\"><strong>Crs.<\/strong><\/th><td class=\"column-3\"><\/td><th class=\"column-4\"><strong>Semestre 2<\/strong><\/th><th class=\"column-5\"><strong>Crs.<\/strong><\/th><td class=\"column-6\"><\/td><th class=\"column-7\"><strong>Semestre 3<\/strong><\/th><th class=\"column-8\"><strong>Crs.<\/strong><\/th><td class=\"column-9\"><\/td><th class=\"column-10\"><strong>Semestre 4<\/strong><\/th><th class=\"column-11\"><strong>Crs.<\/strong><\/th><td class=\"column-12\"><\/td>\n<\/tr>\n<\/thead>\n<tbody class=\"row-striping row-hover\">\n<tr class=\"row-2\">\n\t<td class=\"column-1\">ESPA (Seg\u00fan el nivel)<\/td><td class=\"column-2\">3<\/td><td class=\"column-3\"><\/td><td class=\"column-4\">ESPA (Continuaci\u00f3n)<\/td><td class=\"column-5\">3<\/td><td class=\"column-6\"><\/td><td class=\"column-7\">INGL (Seg\u00fan el<br \/>\nnivel)<\/td><td class=\"column-8\">3<\/td><td class=\"column-9\"><\/td><td class=\"column-10\">INGL (Continuaci\u00f3n)<\/td><td class=\"column-11\">3<\/td><td class=\"column-12\"><\/td>\n<\/tr>\n<tr class=\"row-3\">\n\t<td class=\"column-1\">HUMA<\/td><td class=\"column-2\">3<\/td><td class=\"column-3\"><\/td><td class=\"column-4\">HUMA<\/td><td class=\"column-5\">3<\/td><td class=\"column-6\"><\/td><td class=\"column-7\">ARTES<\/td><td class=\"column-8\">3<\/td><td class=\"column-9\"><\/td><td class=\"column-10\">ESGE 3038<\/td><td class=\"column-11\">3<\/td><td class=\"column-12\"><\/td>\n<\/tr>\n<tr class=\"row-4\">\n\t<td class=\"column-1\">CIBI O CIFI<\/td><td class=\"column-2\">3<\/td><td class=\"column-3\"><\/td><td class=\"column-4\">CIBI O CIFI<\/td><td class=\"column-5\">3<\/td><td class=\"column-6\"><\/td><td class=\"column-7\">LITERATURA<\/td><td class=\"column-8\">3<\/td><td class=\"column-9\"><\/td><td class=\"column-10\">ESGE 3162<\/td><td class=\"column-11\">3<\/td><td class=\"column-12\"><\/td>\n<\/tr>\n<tr class=\"row-5\">\n\t<td class=\"column-1\">CISO<\/td><td class=\"column-2\">3<\/td><td class=\"column-3\"><\/td><td class=\"column-4\">CISO<\/td><td class=\"column-5\">3<\/td><td class=\"column-6\"><\/td><td class=\"column-7\">ESGE 3130<\/td><td class=\"column-8\">3<\/td><td class=\"column-9\"><\/td><td class=\"column-10\">ESGE 3305<\/td><td class=\"column-11\">3<\/td><td class=\"column-12\"><\/td>\n<\/tr>\n<tr class=\"row-6\">\n\t<td class=\"column-1\">ESGE 4141<\/td><td class=\"column-2\">3<\/td><td class=\"column-3\"><\/td><td class=\"column-4\">ESGE 4142<\/td><td class=\"column-5\">3<\/td><td class=\"column-6\"><\/td><td class=\"column-7\">ESGE 3161<\/td><td class=\"column-8\">3<\/td><td class=\"column-9\"><\/td><td class=\"column-10\">\u00c1REA DE \u00c9NFASIS\/<br \/>\nCONCENTRACI\u00d3N<\/td><td class=\"column-11\">3<\/td><td class=\"column-12\"><\/td>\n<\/tr>\n<tr class=\"row-7\">\n\t<td class=\"column-1\"><\/td><td class=\"column-2\"><\/td><td class=\"column-3\"><\/td><td class=\"column-4\">ESGE 3008<\/td><td class=\"column-5\">3<\/td><td class=\"column-6\"><\/td><td class=\"column-7\">\u00c1REA DE \u00c9NFASIS\/<br \/>\nCONCENTRACI\u00d3N<\/td><td class=\"column-8\">3<\/td><td class=\"column-9\"><\/td><td class=\"column-10\"><\/td><td class=\"column-11\"><\/td><td class=\"column-12\"><\/td>\n<\/tr>\n<tr class=\"row-8\">\n\t<td class=\"column-1\"><strong>TOTAL<\/strong><\/td><td class=\"column-2\"><strong>15<\/strong><\/td><td class=\"column-3\"><\/td><td class=\"column-4\"><\/td><td class=\"column-5\"><strong>18<\/strong><\/td><td class=\"column-6\"><\/td><td class=\"column-7\"><\/td><td class=\"column-8\"><strong>18<\/strong><\/td><td class=\"column-9\"><\/td><td class=\"column-10\"><\/td><td class=\"column-11\"><strong>15<\/strong><\/td><td class=\"column-12\"><\/td>\n<\/tr>\n<\/tbody>\n<\/table>\n<!-- #tablepress-3 from cache -->\n\n<table id=\"tablepress-4\" class=\"tablepress tablepress-id-4\">\n<thead>\n<tr class=\"row-1\">\n\t<th class=\"column-1\"><strong>Semestre 5<\/strong><\/th><th class=\"column-2\"><strong>Crs.<\/strong><\/th><td class=\"column-3\"><\/td><th class=\"column-4\"><strong>Semestre 6<\/strong><\/th><th class=\"column-5\"><strong>Crs.<\/strong><\/th><td class=\"column-6\"><\/td><th class=\"column-7\"><strong>Semestre 7<\/strong><\/th><th class=\"column-8\"><strong>Crs.<\/strong><\/th><td class=\"column-9\"><\/td><th class=\"column-10\"><strong>Semestre 8<\/strong><\/th><th class=\"column-11\"><strong>Crs.<\/strong><\/th><td class=\"column-12\"><\/td>\n<\/tr>\n<\/thead>\n<tbody class=\"row-striping row-hover\">\n<tr class=\"row-2\">\n\t<td class=\"column-1\">ESGE 4121<\/td><td class=\"column-2\">3<\/td><td class=\"column-3\"><\/td><td class=\"column-4\">ESGE 4122<\/td><td class=\"column-5\">3<\/td><td class=\"column-6\"><\/td><td class=\"column-7\">ESGE 4102<\/td><td class=\"column-8\">3<\/td><td class=\"column-9\"><\/td><td class=\"column-10\">ESGE 4186<\/td><td class=\"column-11\">3<\/td><td class=\"column-12\"><\/td>\n<\/tr>\n<tr class=\"row-3\">\n\t<td class=\"column-1\">ESGE 4161<\/td><td class=\"column-2\">3<\/td><td class=\"column-3\"><\/td><td class=\"column-4\">ESGE 4162<\/td><td class=\"column-5\">3<\/td><td class=\"column-6\"><\/td><td class=\"column-7\">ESGE 4185<\/td><td class=\"column-8\">3<\/td><td class=\"column-9\"><\/td><td class=\"column-10\">ELECTIVA<\/td><td class=\"column-11\">3<\/td><td class=\"column-12\"><\/td>\n<\/tr>\n<tr class=\"row-4\">\n\t<td class=\"column-1\">ESGE 3163<\/td><td class=\"column-2\">3<\/td><td class=\"column-3\"><\/td><td class=\"column-4\">ESGE 4305<\/td><td class=\"column-5\">3<\/td><td class=\"column-6\"><\/td><td class=\"column-7\">ELECTIVA<\/td><td class=\"column-8\">3<\/td><td class=\"column-9\"><\/td><td class=\"column-10\">ELECTIVA<\/td><td class=\"column-11\">3<\/td><td class=\"column-12\"><\/td>\n<\/tr>\n<tr class=\"row-5\">\n\t<td class=\"column-1\">LITERATURA<\/td><td class=\"column-2\">3<\/td><td class=\"column-3\"><\/td><td class=\"column-4\">ELECTIVA<\/td><td class=\"column-5\">3<\/td><td class=\"column-6\"><\/td><td class=\"column-7\">ELECTIVA<\/td><td class=\"column-8\">3<\/td><td class=\"column-9\"><\/td><td class=\"column-10\">ELECTIVA<\/td><td class=\"column-11\">3<\/td><td class=\"column-12\"><\/td>\n<\/tr>\n<tr class=\"row-6\">\n\t<td class=\"column-1\">ESGE 4101<\/td><td class=\"column-2\">3<\/td><td class=\"column-3\"><\/td><td class=\"column-4\">\u00c1REA DE<br \/>\n\u00c9NFASIS\/<br \/>\nCONCENTRACI\u00d3N<\/td><td class=\"column-5\">3<\/td><td class=\"column-6\"><\/td><td class=\"column-7\">\u00c1REA DE<br \/>\n\u00c9NFASIS\/<br \/>\nCONCENTRACI\u00d3N<\/td><td class=\"column-8\">3<\/td><td class=\"column-9\"><\/td><td class=\"column-10\">\u00c1REA DE<br \/>\n\u00c9NFASIS\/<br \/>\nCONCENTRACI\u00d3N<\/td><td class=\"column-11\">3<\/td><td class=\"column-12\"><\/td>\n<\/tr>\n<tr class=\"row-7\">\n\t<td class=\"column-1\"><strong>TOTAL<\/strong><\/td><td class=\"column-2\"><strong>15<\/strong><\/td><td class=\"column-3\"><\/td><td class=\"column-4\"><\/td><td class=\"column-5\"><strong>15<\/strong><\/td><td class=\"column-6\"><\/td><td class=\"column-7\"><\/td><td class=\"column-8\"><strong>15<\/strong><\/td><td class=\"column-9\"><\/td><td class=\"column-10\"><\/td><td class=\"column-11\"><strong>15<\/strong><\/td><td class=\"column-12\"><\/td>\n<\/tr>\n<\/tbody>\n<\/table>\n<!-- #tablepress-4 from cache -->\n","protected":false},"excerpt":{"rendered":"<p>La secuencia curricular o plan de estudio (ver infogr\u00e1ficos) del Programa de Bachillerato en Artes en Estudios Generales es una gu\u00eda organizada y progresiva de los cursos que el estudiante matriculado debe tomar para poder avanzar en la carrera y lograr progreso acad\u00e9mico. La secuencia curricular va de la mano con la Asesor\u00eda Acad\u00e9mica, buscando<\/p>\n","protected":false},"author":16,"featured_media":0,"parent":0,"menu_order":0,"comment_status":"closed","ping_status":"closed","template":"","meta":{"footnotes":""},"class_list":["post-148","page","type-page","status-publish"],"amp_enabled":true,"_links":{"self":[{"href":"https:\/\/generales.uprrp.edu\/bachillerato\/wp-json\/wp\/v2\/pages\/148","targetHints":{"allow":["GET"]}}],"collection":[{"href":"https:\/\/generales.uprrp.edu\/bachillerato\/wp-json\/wp\/v2\/pages"}],"about":[{"href":"https:\/\/generales.uprrp.edu\/bachillerato\/wp-json\/wp\/v2\/types\/page"}],"author":[{"embeddable":true,"href":"https:\/\/generales.uprrp.edu\/bachillerato\/wp-json\/wp\/v2\/users\/16"}],"replies":[{"embeddable":true,"href":"https:\/\/generales.uprrp.edu\/bachillerato\/wp-json\/wp\/v2\/comments?post=148"}],"version-history":[{"count":12,"href":"https:\/\/generales.uprrp.edu\/bachillerato\/wp-json\/wp\/v2\/pages\/148\/revisions"}],"predecessor-version":[{"id":1417,"href":"https:\/\/generales.uprrp.edu\/bachillerato\/wp-json\/wp\/v2\/pages\/148\/revisions\/1417"}],"wp:attachment":[{"href":"https:\/\/generales.uprrp.edu\/bachillerato\/wp-json\/wp\/v2\/media?parent=148"}],"curies":[{"name":"wp","href":"https:\/\/api.w.org\/{rel}","templated":true}]}}