{"id":140,"date":"2017-09-13T20:21:46","date_gmt":"2017-09-13T20:21:46","guid":{"rendered":"http:\/\/generalesdv.uprrp.edu\/programa-bachillerato\/?page_id=140"},"modified":"2025-10-03T17:27:17","modified_gmt":"2025-10-03T17:27:17","slug":"asesoria-academica","status":"publish","type":"page","link":"https:\/\/generales.uprrp.edu\/bachillerato\/asesoria-academica\/","title":{"rendered":"Asesor\u00eda acad\u00e9mica"},"content":{"rendered":"<p>La asesor\u00eda acad\u00e9mica es un servicio que presta el Programa de Bachillerato en Artes en Estudios Generales a todos los estudiantes matriculados en nuestro departamento. Cada semestre ayuda a dise\u00f1ar el plan de estudio de acuerdo a la secuencia curricular e intereses de cada estudiante para garantizar el progreso acad\u00e9mico y la retenci\u00f3n estudiantil. Se encarga de las solicitudes de readmisi\u00f3n, reclasificaci\u00f3n, transferencias y traslados; as\u00ed como de atender las dudas acad\u00e9micas que tengan nuestra poblaci\u00f3n estudiantil.<\/p>\n<p><img loading=\"lazy\" decoding=\"async\" src=\"https:\/\/generales.uprrp.edu\/programa-bachillerato\/wp-content\/uploads\/sites\/9\/2023\/06\/Foto-Silene-215x300.png\" sizes=\"auto, (max-width: 215px) 100vw, 215px\" srcset=\"https:\/\/generales.uprrp.edu\/programa-bachillerato\/wp-content\/uploads\/sites\/9\/2023\/06\/Foto-Silene-215x300.png 215w, https:\/\/generales.uprrp.edu\/programa-bachillerato\/wp-content\/uploads\/sites\/9\/2023\/06\/Foto-Silene-733x1024.png 733w, https:\/\/generales.uprrp.edu\/programa-bachillerato\/wp-content\/uploads\/sites\/9\/2023\/06\/Foto-Silene-150x210.png 150w, https:\/\/generales.uprrp.edu\/programa-bachillerato\/wp-content\/uploads\/sites\/9\/2023\/06\/Foto-Silene-450x629.png 450w, https:\/\/generales.uprrp.edu\/programa-bachillerato\/wp-content\/uploads\/sites\/9\/2023\/06\/Foto-Silene-768x1073.png 768w, https:\/\/generales.uprrp.edu\/programa-bachillerato\/wp-content\/uploads\/sites\/9\/2023\/06\/Foto-Silene.png 936w, https:\/\/generales.uprrp.edu\/programa-bachillerato\/wp-content\/uploads\/sites\/9\/2023\/06\/Foto-Silene-215x300@2x.png 430w\" alt=\"\" width=\"215\" height=\"300\" \/><\/p>\n<p>Dra. Silene Vargas D\u00edaz<br \/>\nAsesora Acad\u00e9mica<\/p>\n<p>Citas: Lunes\u00a0a\u00a0Viernes de<br \/>\n8:00am-12:00pm y 1:00pm-4:00pm<\/p>\n<p><a href=\"mailto:asesoria.pbeg@upr.edu\" target=\"_blank\" rel=\"noopener\">asesoria.pbeg@upr.edu<\/a><br \/>\nTel. 787-764-0000, Ext. 88984<\/p>\n\n<table id=\"tablepress-2\" class=\"tablepress tablepress-id-2\">\n<thead>\n<tr class=\"row-1\">\n\t<th class=\"column-1\">Evaluaci\u00f3n Acad\u00e9mica<\/th>\n<\/tr>\n<\/thead>\n<tbody class=\"row-striping row-hover\">\n<tr class=\"row-2\">\n\t<td class=\"column-1\"><a href=\"https:\/\/generales.uprrp.edu\/bachillerato\/wp-content\/uploads\/sites\/9\/2025\/10\/Tabla-de-secuencia-curricular-por-semestre-C52.pdf\" rel=\"noopener\" target=\"_blank\">Secuencia Curricular Programa de Bachillerato en Artes en Estudios Generales<\/a><\/td>\n<\/tr>\n<tr class=\"row-3\">\n\t<td class=\"column-1\"><a href=\"https:\/\/generales.uprrp.edu\/bachillerato\/wp-content\/uploads\/sites\/9\/2025\/09\/Secuencia-curricular-continuar-estudios-Ciencias-Me\u0301dicas.pdf\" rel=\"noopener\" target=\"_blank\">Secuencia curricular sugerida para estudiantes interesados en continuar estudios graduados en Ciencias M\u00e9dicas<\/a><\/td>\n<\/tr>\n<tr class=\"row-4\">\n\t<td class=\"column-1\"><a href=\"https:\/\/generales.uprrp.edu\/bachillerato\/wp-content\/uploads\/sites\/9\/2025\/09\/Formulario-Evaluacio\u0301n-Acade\u0301mica-BAEG.pdf\" rel=\"noopener\" target=\"_blank\">Formulario para Evaluaci\u00f3n Acad\u00e9mica<\/a><\/td>\n<\/tr>\n<tr class=\"row-5\">\n\t<td class=\"column-1\"><a href=\"https:\/\/generales.uprrp.edu\/bachillerato\/wp-content\/uploads\/sites\/9\/2025\/09\/Evaluacio\u0301n-acade\u0301mica-Programa-de-Bachillerato-Medicina.pdf\" rel=\"noopener\" target=\"_blank\">Formulario para Evaluaci\u00f3n Acad\u00e9mica para continuar estudios graduados en Ciencias M\u00e9dicas<\/a><\/td>\n<\/tr>\n<\/tbody>\n<\/table>\n<!-- #tablepress-2 from cache -->\n","protected":false},"excerpt":{"rendered":"<p>La asesor\u00eda acad\u00e9mica es un servicio que presta el Programa de Bachillerato en Artes en Estudios Generales a todos los estudiantes matriculados en nuestro departamento. Cada semestre ayuda a dise\u00f1ar el plan de estudio de acuerdo a la secuencia curricular e intereses de cada estudiante para garantizar el progreso acad\u00e9mico y la retenci\u00f3n estudiantil. Se<\/p>\n","protected":false},"author":16,"featured_media":0,"parent":0,"menu_order":0,"comment_status":"closed","ping_status":"closed","template":"page-templates\/blocks.php","meta":{"footnotes":""},"class_list":["post-140","page","type-page","status-publish"],"amp_enabled":true,"_links":{"self":[{"href":"https:\/\/generales.uprrp.edu\/bachillerato\/wp-json\/wp\/v2\/pages\/140","targetHints":{"allow":["GET"]}}],"collection":[{"href":"https:\/\/generales.uprrp.edu\/bachillerato\/wp-json\/wp\/v2\/pages"}],"about":[{"href":"https:\/\/generales.uprrp.edu\/bachillerato\/wp-json\/wp\/v2\/types\/page"}],"author":[{"embeddable":true,"href":"https:\/\/generales.uprrp.edu\/bachillerato\/wp-json\/wp\/v2\/users\/16"}],"replies":[{"embeddable":true,"href":"https:\/\/generales.uprrp.edu\/bachillerato\/wp-json\/wp\/v2\/comments?post=140"}],"version-history":[{"count":37,"href":"https:\/\/generales.uprrp.edu\/bachillerato\/wp-json\/wp\/v2\/pages\/140\/revisions"}],"predecessor-version":[{"id":1412,"href":"https:\/\/generales.uprrp.edu\/bachillerato\/wp-json\/wp\/v2\/pages\/140\/revisions\/1412"}],"wp:attachment":[{"href":"https:\/\/generales.uprrp.edu\/bachillerato\/wp-json\/wp\/v2\/media?parent=140"}],"curies":[{"name":"wp","href":"https:\/\/api.w.org\/{rel}","templated":true}]}}