{"id":14,"date":"2016-04-05T20:44:32","date_gmt":"2016-04-05T20:44:32","guid":{"rendered":"http:\/\/generalesdv.uprrp.edu\/programa-bachillerato\/?page_id=14"},"modified":"2025-10-03T15:06:17","modified_gmt":"2025-10-03T15:06:17","slug":"programa-de-bachillerato","status":"publish","type":"page","link":"https:\/\/generales.uprrp.edu\/bachillerato\/","title":{"rendered":"Programa de Bachillerato"},"content":{"rendered":"<p><span data-olk-copy-source=\"MessageBody\">El Programa de Bachillerato en Artes en Estudios Generales de la<\/span> Facultad de Estudios Generales provee una educaci\u00f3n de excelencia a trav\u00e9s de un curr\u00edculo interdisciplinario hacia lo transdisciplinario, en el cual se persigue el logro de una ense\u00f1anza que involucre cuatro grandes categor\u00edas de conocimiento: las humanidades, las ciencias sociales, las ciencias naturales, y la que resulta de las experiencias en la vivencia comunitaria humana; con el objetivo medular de un aprendizaje sist\u00e9mico, cuyos elementos se constituyan como resultado de una integraci\u00f3n continua de dichos saberes.<\/p>\n<p>El curr\u00edculo establece retos, proyectos y experiencias que propician el desarrollo de las destrezas de redacci\u00f3n, investigaci\u00f3n y razonamiento en el estudiantado desde la filosof\u00eda de la educaci\u00f3n general.\u00a0\u00a0Est\u00e1 dise\u00f1ado para que adquieran un grado de Bachillerato en Artes en Estudios Generales y a la vez, puedan continuar estudios graduados de excelencia. Se provee el apoyo necesario, mediante el Plan de acompa\u00f1amiento acad\u00e9mico y la atenci\u00f3n individualizada a cada estudiante, para asegurar el logro de su grado, un plan de estudios flexible y un ambiente de estudio que a su vez estimule un sentido de comunidad y pertenencia.<\/p>\n<h3 id=\"sites-page-title-header\" align=\"left\">Directora del Programa<\/h3>\n<p><img loading=\"lazy\" decoding=\"async\" src=\"https:\/\/generales.uprrp.edu\/programa-bachillerato\/wp-content\/uploads\/sites\/9\/2025\/08\/Rose-Marie-Santiago-Villafan\u0303e-IMG_4182-Copy-2.jpg\" sizes=\"auto, (max-width: 309px) 100vw, 309px\" srcset=\"https:\/\/generales.uprrp.edu\/programa-bachillerato\/wp-content\/uploads\/sites\/9\/2025\/08\/Rose-Marie-Santiago-Villafan\u0303e-IMG_4182-Copy-2.jpg 309w, https:\/\/generales.uprrp.edu\/programa-bachillerato\/wp-content\/uploads\/sites\/9\/2025\/08\/Rose-Marie-Santiago-Villafan\u0303e-IMG_4182-Copy-2.jpg 300w, https:\/\/generales.uprrp.edu\/programa-bachillerato\/wp-content\/uploads\/sites\/9\/2025\/08\/Rose-Marie-Santiago-Villafan\u0303e-IMG_4182-Copy-2.jpg 150w\" alt=\"\" width=\"309\" height=\"288\" \/><\/p>\n<p><strong>Dra. Rose Marie Santiago Villafa\u00f1e<\/strong><br \/>\n<span data-olk-copy-source=\"MessageBody\">Directora del Programa de Bachillerato en Artes en Estudios Generales<\/span><br \/>\nExt. 88980<\/p>\n","protected":false},"excerpt":{"rendered":"<p>El Programa de Bachillerato en Artes en Estudios Generales de la Facultad de Estudios Generales provee una educaci\u00f3n de excelencia a trav\u00e9s de un curr\u00edculo interdisciplinario hacia lo transdisciplinario, en el cual se persigue el logro de una ense\u00f1anza que involucre cuatro grandes categor\u00edas de conocimiento: las humanidades, las ciencias sociales, las ciencias naturales, y<\/p>\n","protected":false},"author":2,"featured_media":0,"parent":0,"menu_order":0,"comment_status":"closed","ping_status":"closed","template":"","meta":{"footnotes":""},"class_list":["post-14","page","type-page","status-publish"],"amp_enabled":false,"_links":{"self":[{"href":"https:\/\/generales.uprrp.edu\/bachillerato\/wp-json\/wp\/v2\/pages\/14","targetHints":{"allow":["GET"]}}],"collection":[{"href":"https:\/\/generales.uprrp.edu\/bachillerato\/wp-json\/wp\/v2\/pages"}],"about":[{"href":"https:\/\/generales.uprrp.edu\/bachillerato\/wp-json\/wp\/v2\/types\/page"}],"author":[{"embeddable":true,"href":"https:\/\/generales.uprrp.edu\/bachillerato\/wp-json\/wp\/v2\/users\/2"}],"replies":[{"embeddable":true,"href":"https:\/\/generales.uprrp.edu\/bachillerato\/wp-json\/wp\/v2\/comments?post=14"}],"version-history":[{"count":43,"href":"https:\/\/generales.uprrp.edu\/bachillerato\/wp-json\/wp\/v2\/pages\/14\/revisions"}],"predecessor-version":[{"id":1397,"href":"https:\/\/generales.uprrp.edu\/bachillerato\/wp-json\/wp\/v2\/pages\/14\/revisions\/1397"}],"wp:attachment":[{"href":"https:\/\/generales.uprrp.edu\/bachillerato\/wp-json\/wp\/v2\/media?parent=14"}],"curies":[{"name":"wp","href":"https:\/\/api.w.org\/{rel}","templated":true}]}}