{"id":133,"date":"2017-09-13T20:17:03","date_gmt":"2017-09-13T20:17:03","guid":{"rendered":"http:\/\/generalesdv.uprrp.edu\/programa-bachillerato\/?page_id=133"},"modified":"2025-11-03T17:54:05","modified_gmt":"2025-11-03T17:54:05","slug":"plan-de-estudio","status":"publish","type":"page","link":"https:\/\/generales.uprrp.edu\/bachillerato\/plan-de-estudio\/","title":{"rendered":"Plan de estudio"},"content":{"rendered":"<p><span style=\"color: #000000;\"><img loading=\"lazy\" decoding=\"async\" class=\" wp-image-135 alignright\" src=\"https:\/\/generales.uprrp.edu\/programa-bachillerato\/wp-content\/uploads\/sites\/9\/2017\/09\/Foto-JBR-FEG-300x201.jpg\" alt=\"\" width=\"340\" height=\"228\" srcset=\"https:\/\/generales.uprrp.edu\/bachillerato\/wp-content\/uploads\/sites\/9\/2017\/09\/Foto-JBR-FEG-300x201.jpg 300w, https:\/\/generales.uprrp.edu\/bachillerato\/wp-content\/uploads\/sites\/9\/2017\/09\/Foto-JBR-FEG.jpg 399w\" sizes=\"auto, (max-width: 340px) 100vw, 340px\" \/>El estudiantado admitido en el Departamento de Bachillerato tendr\u00e1 la oportunidad de dise\u00f1ar su propio plan de estudios con el apoyo de la asesor\u00eda acad\u00e9mica. Por tanto, durante el per\u00edodo de matr\u00edcula, el Programa asistir\u00e1 al estu<\/span><span style=\"color: #000000;\">diantado en la creaci\u00f3n de sus programas de clases. Dos aspectos se considerar\u00e1n en el dise\u00f1o de los planes de estudios: el balance efectivo entre los requisitos de concentraci\u00f3n, de educaci\u00f3n general y las electivas, de manera que se promueva el progreso acad\u00e9mico de cada estudiante; y la diversidad de intereses que caracteriza a nuestra poblaci\u00f3n estudiantil. La coordinaci\u00f3n de reuniones individuales y orientaciones grupales todos los semestres fortalecer\u00e1 nuestra red de apoyo.<\/span><\/p>\n<p><a href=\"https:\/\/generales.uprrp.edu\/bachillerato\/wp-content\/uploads\/sites\/9\/2024\/03\/Plan-de-estudio-Programa-de-Bachillerato.pdf\" target=\"_blank\" rel=\"noopener\">Oprime para ver el Plan de estudios del Departamento de Bachillerato.<\/a><\/p>\n<p><span style=\"color: #000000;\">Visita la secci\u00f3n de <a href=\"https:\/\/generales.uprrp.edu\/bachillerato\/asesoria-academica\/\">Asesor\u00eda Acad\u00e9mica<\/a> para obtener m\u00e1s informaci\u00f3n.<\/span><\/p>\n","protected":false},"excerpt":{"rendered":"<p>El estudiantado admitido en el Departamento de Bachillerato tendr\u00e1 la oportunidad de dise\u00f1ar su propio plan de estudios con el apoyo de la asesor\u00eda acad\u00e9mica. Por tanto, durante el per\u00edodo de matr\u00edcula, el Programa asistir\u00e1 al estudiantado en la creaci\u00f3n de sus programas de clases. Dos aspectos se considerar\u00e1n en el dise\u00f1o de los planes<\/p>\n","protected":false},"author":16,"featured_media":0,"parent":0,"menu_order":0,"comment_status":"closed","ping_status":"closed","template":"","meta":{"footnotes":""},"class_list":["post-133","page","type-page","status-publish"],"amp_enabled":true,"_links":{"self":[{"href":"https:\/\/generales.uprrp.edu\/bachillerato\/wp-json\/wp\/v2\/pages\/133","targetHints":{"allow":["GET"]}}],"collection":[{"href":"https:\/\/generales.uprrp.edu\/bachillerato\/wp-json\/wp\/v2\/pages"}],"about":[{"href":"https:\/\/generales.uprrp.edu\/bachillerato\/wp-json\/wp\/v2\/types\/page"}],"author":[{"embeddable":true,"href":"https:\/\/generales.uprrp.edu\/bachillerato\/wp-json\/wp\/v2\/users\/16"}],"replies":[{"embeddable":true,"href":"https:\/\/generales.uprrp.edu\/bachillerato\/wp-json\/wp\/v2\/comments?post=133"}],"version-history":[{"count":9,"href":"https:\/\/generales.uprrp.edu\/bachillerato\/wp-json\/wp\/v2\/pages\/133\/revisions"}],"predecessor-version":[{"id":1434,"href":"https:\/\/generales.uprrp.edu\/bachillerato\/wp-json\/wp\/v2\/pages\/133\/revisions\/1434"}],"wp:attachment":[{"href":"https:\/\/generales.uprrp.edu\/bachillerato\/wp-json\/wp\/v2\/media?parent=133"}],"curies":[{"name":"wp","href":"https:\/\/api.w.org\/{rel}","templated":true}]}}