{"id":1230,"date":"2025-03-07T15:48:39","date_gmt":"2025-03-07T15:48:39","guid":{"rendered":"https:\/\/generales.uprrp.edu\/programa-bachillerato\/?page_id=1230"},"modified":"2025-09-12T14:04:47","modified_gmt":"2025-09-12T14:04:47","slug":"readmision-reclasificacion-traslado-transferencia-permisos-especiales","status":"publish","type":"page","link":"https:\/\/generales.uprrp.edu\/bachillerato\/readmision-reclasificacion-traslado-transferencia-permisos-especiales\/","title":{"rendered":"Requisitos readmisi\u00f3n, reclasificaci\u00f3n, traslado, transferencia y permisos especiales"},"content":{"rendered":"<p><strong>READMISI\u00d3N<\/strong><br \/>\nEstudiantes que soliciten readmisi\u00f3n, si es interno, se le aceptar\u00e1 la misma; los externos, se les requerir\u00e1:<\/p>\n<ul>\n<li>Tener aprobados un m\u00ednimo de 24 cr\u00e9ditos.<\/li>\n<li>\u00cdndice General de 2.50 o m\u00e1s.<\/li>\n<li>Entrevista con el Director del Programa.<\/li>\n<li>Radicar la Solicitud de Readmisi\u00f3n en la Oficina del Registrador en la fecha establecida seg\u00fan calendario.<\/li>\n<\/ul>\n<p><strong>RECLASIFICACI\u00d3N<\/strong><br \/>\nEstudiantes que provienen de otras facultades se les requiere:<\/p>\n<ul>\n<li>Tener aprobados un m\u00ednimo de 24 cr\u00e9ditos.<\/li>\n<li>\u00cdndice General de 2.50 o m\u00e1s.<\/li>\n<li>Entrevista con el Director del Departamento.<\/li>\n<li>Radicar la Solicitud de Reclasificaci\u00f3n en la Oficina del Registrador en la fecha establecida seg\u00fan calendario.<\/li>\n<\/ul>\n<p><strong>TRASLADO<\/strong><br \/>\nEl estudiante que solicita traslado deber\u00e1 radicar la Solicitud en la Oficina del Registrador de su unidad de procedencia.<\/p>\n<ul>\n<li>Se le requiere haber aprobado un m\u00ednimo de 30 cr\u00e9ditos.<\/li>\n<li>\u00cdndice General de 2.50 o m\u00e1s.<\/li>\n<li>Entrevista con el Director del Programa.<\/li>\n<\/ul>\n<p><strong>TRANSFERENCIA<\/strong><br \/>\nLos solicitantes a ingreso procedentes de otras universidades o colegios acreditados privados deber\u00e1n cumplir con los siguientes requisitos:<\/p>\n<ul>\n<li>Radicar la solicitud en la Oficina de Admisiones en o antes del 15 de febrero, para el Primer Semestre, o el 15 de septiembre para el Segundo Semestre.<\/li>\n<li>Haber aprobado un m\u00ednimo de 30 cr\u00e9ditos.<\/li>\n<li>\u00cdndice General de 2.50 o m\u00e1s.<\/li>\n<li>Entrevista con el Director del Programa.<\/li>\n<\/ul>\n<p><strong>PERMISOS ESPECIALES<\/strong><br \/>\nEl estudiante que solicita Permiso Especial deber\u00e1 radicar Solicitud de Autorizaci\u00f3n de laOficina del Registrador de su unidad de procedencia.<\/p>\n","protected":false},"excerpt":{"rendered":"<p>READMISI\u00d3N Estudiantes que soliciten readmisi\u00f3n, si es interno, se le aceptar\u00e1 la misma; los externos, se les requerir\u00e1: Tener aprobados un m\u00ednimo de 24 cr\u00e9ditos. \u00cdndice General de 2.50 o m\u00e1s. Entrevista con el Director del Programa. Radicar la Solicitud de Readmisi\u00f3n en la Oficina del Registrador en la fecha establecida seg\u00fan calendario. RECLASIFICACI\u00d3N Estudiantes<\/p>\n","protected":false},"author":11,"featured_media":0,"parent":0,"menu_order":0,"comment_status":"closed","ping_status":"closed","template":"","meta":{"footnotes":""},"class_list":["post-1230","page","type-page","status-publish"],"amp_enabled":true,"_links":{"self":[{"href":"https:\/\/generales.uprrp.edu\/bachillerato\/wp-json\/wp\/v2\/pages\/1230","targetHints":{"allow":["GET"]}}],"collection":[{"href":"https:\/\/generales.uprrp.edu\/bachillerato\/wp-json\/wp\/v2\/pages"}],"about":[{"href":"https:\/\/generales.uprrp.edu\/bachillerato\/wp-json\/wp\/v2\/types\/page"}],"author":[{"embeddable":true,"href":"https:\/\/generales.uprrp.edu\/bachillerato\/wp-json\/wp\/v2\/users\/11"}],"replies":[{"embeddable":true,"href":"https:\/\/generales.uprrp.edu\/bachillerato\/wp-json\/wp\/v2\/comments?post=1230"}],"version-history":[{"count":8,"href":"https:\/\/generales.uprrp.edu\/bachillerato\/wp-json\/wp\/v2\/pages\/1230\/revisions"}],"predecessor-version":[{"id":1370,"href":"https:\/\/generales.uprrp.edu\/bachillerato\/wp-json\/wp\/v2\/pages\/1230\/revisions\/1370"}],"wp:attachment":[{"href":"https:\/\/generales.uprrp.edu\/bachillerato\/wp-json\/wp\/v2\/media?parent=1230"}],"curies":[{"name":"wp","href":"https:\/\/api.w.org\/{rel}","templated":true}]}}