{"id":122,"date":"2017-09-13T18:04:57","date_gmt":"2017-09-13T18:04:57","guid":{"rendered":"http:\/\/generalesdv.uprrp.edu\/programa-bachillerato\/?page_id=122"},"modified":"2025-09-12T14:12:19","modified_gmt":"2025-09-12T14:12:19","slug":"graduacion","status":"publish","type":"page","link":"https:\/\/generales.uprrp.edu\/bachillerato\/graduacion\/","title":{"rendered":"Requisitos de graduaci\u00f3n"},"content":{"rendered":"<ul>\n<li>Promedio general m\u00ednimo de 2.00.<\/li>\n<li>Aprobar 126 cr\u00e9ditos distribuidos de la siguiente manera:\n<ul>\n<li>42 cr\u00e9ditos en cursos de Educaci\u00f3n General.<\/li>\n<li>51 cr\u00e9ditos en cursos requisitos de Bachillerato.<\/li>\n<li>18 cr\u00e9ditos en electivas libres que pueden tomarse en la Facultad de Estudios Generales y otras Facultades.<\/li>\n<li>15 cr\u00e9ditos en \u00e1rea de \u00e9nfasis o conjunto estructurado de cursos.<\/li>\n<li>Una tesina que culmina el desarrollo de las destrezas de investigaci\u00f3n e integraci\u00f3n del conocimiento.<\/li>\n<\/ul>\n<\/li>\n<\/ul>\n<p>&nbsp;<\/p>\n","protected":false},"excerpt":{"rendered":"<p>Promedio general m\u00ednimo de 2.00. Aprobar 126 cr\u00e9ditos distribuidos de la siguiente manera: 42 cr\u00e9ditos en cursos de Educaci\u00f3n General. 51 cr\u00e9ditos en cursos requisitos de Bachillerato. 18 cr\u00e9ditos en electivas libres que pueden tomarse en la Facultad de Estudios Generales y otras Facultades. 15 cr\u00e9ditos en \u00e1rea de \u00e9nfasis o conjunto estructurado de cursos.<\/p>\n","protected":false},"author":16,"featured_media":0,"parent":0,"menu_order":0,"comment_status":"closed","ping_status":"closed","template":"","meta":{"footnotes":""},"class_list":["post-122","page","type-page","status-publish"],"amp_enabled":true,"_links":{"self":[{"href":"https:\/\/generales.uprrp.edu\/bachillerato\/wp-json\/wp\/v2\/pages\/122","targetHints":{"allow":["GET"]}}],"collection":[{"href":"https:\/\/generales.uprrp.edu\/bachillerato\/wp-json\/wp\/v2\/pages"}],"about":[{"href":"https:\/\/generales.uprrp.edu\/bachillerato\/wp-json\/wp\/v2\/types\/page"}],"author":[{"embeddable":true,"href":"https:\/\/generales.uprrp.edu\/bachillerato\/wp-json\/wp\/v2\/users\/16"}],"replies":[{"embeddable":true,"href":"https:\/\/generales.uprrp.edu\/bachillerato\/wp-json\/wp\/v2\/comments?post=122"}],"version-history":[{"count":12,"href":"https:\/\/generales.uprrp.edu\/bachillerato\/wp-json\/wp\/v2\/pages\/122\/revisions"}],"predecessor-version":[{"id":1374,"href":"https:\/\/generales.uprrp.edu\/bachillerato\/wp-json\/wp\/v2\/pages\/122\/revisions\/1374"}],"wp:attachment":[{"href":"https:\/\/generales.uprrp.edu\/bachillerato\/wp-json\/wp\/v2\/media?parent=122"}],"curies":[{"name":"wp","href":"https:\/\/api.w.org\/{rel}","templated":true}]}}