{"id":102,"date":"2017-09-13T14:31:54","date_gmt":"2017-09-13T14:31:54","guid":{"rendered":"http:\/\/generalesdv.uprrp.edu\/programa-bachillerato\/?page_id=102"},"modified":"2025-10-03T15:10:09","modified_gmt":"2025-10-03T15:10:09","slug":"vision-y-mision","status":"publish","type":"page","link":"https:\/\/generales.uprrp.edu\/bachillerato\/vision-y-mision\/","title":{"rendered":"Visi\u00f3n y Misi\u00f3n"},"content":{"rendered":"<h3>Visi\u00f3n<\/h3>\n<p>El <span data-olk-copy-source=\"MessageBody\">Programa<\/span> de Bachillerato en Artes en Estudios Generales aspira a ejercer un papel de liderazgo en el desarrollo de proyectos acad\u00e9micos con \u00e9nfasis en la investigaci\u00f3n interdisciplinaria hacia la transdisciplinaria subgraduada y la preparaci\u00f3n de sus estudiantes para continuar estudios de postgrado, en el contexto de un recinto doctoral. Aspira a ejercer su liderato en el campo de la educaci\u00f3n general, nacional e internacionalmente.<\/p>\n<p><img loading=\"lazy\" decoding=\"async\" class=\"wp-image-104 aligncenter\" src=\"https:\/\/generales.uprrp.edu\/programa-bachillerato\/wp-content\/uploads\/sites\/9\/2017\/09\/DSC_0257-300x201.jpg\" alt=\"\" width=\"411\" height=\"275\" srcset=\"https:\/\/generales.uprrp.edu\/bachillerato\/wp-content\/uploads\/sites\/9\/2017\/09\/DSC_0257-300x201.jpg 300w, https:\/\/generales.uprrp.edu\/bachillerato\/wp-content\/uploads\/sites\/9\/2017\/09\/DSC_0257-1024x685.jpg 1024w, https:\/\/generales.uprrp.edu\/bachillerato\/wp-content\/uploads\/sites\/9\/2017\/09\/DSC_0257.jpg 1200w, https:\/\/generales.uprrp.edu\/bachillerato\/wp-content\/uploads\/sites\/9\/2017\/09\/DSC_0257-300x201@2x.jpg 600w\" sizes=\"auto, (max-width: 411px) 100vw, 411px\" \/><\/p>\n<h3>Misi\u00f3n<\/h3>\n<p>El <span data-olk-copy-source=\"MessageBody\">Programa<\/span> de Bachillerato en Artes en Estudios Generales es una opci\u00f3n de excelencia acad\u00e9mica entre los estudios subgraduados del Recinto de R\u00edo Piedras. Les provee a sus estudiantes la oportunidad de articular, de manera flexible, diferentes planes de estudio, haciendo \u00e9nfasis en las experiencias de investigaci\u00f3n interdisciplinaria. Propicia experiencias acad\u00e9micas para que sus estudiantes reflexionen sobre los fundamentos epistemol\u00f3gicos del conocimiento. Desarrolla sus destrezas de investigaci\u00f3n, su capacidad creativa y su habilidad para integrar el conocimiento, de manera que puedan desempe\u00f1arse en forma destacada en los estudios de postgrado y en el mundo del trabajo. Fomenta la participaci\u00f3n de sus egresados\/as en los procesos de transformaci\u00f3n de Puerto Rico.<\/p>\n","protected":false},"excerpt":{"rendered":"<p>Visi\u00f3n El Programa de Bachillerato en Artes en Estudios Generales aspira a ejercer un papel de liderazgo en el desarrollo de proyectos acad\u00e9micos con \u00e9nfasis en la investigaci\u00f3n interdisciplinaria hacia la transdisciplinaria subgraduada y la preparaci\u00f3n de sus estudiantes para continuar estudios de postgrado, en el contexto de un recinto doctoral. Aspira a ejercer su<\/p>\n","protected":false},"author":16,"featured_media":0,"parent":0,"menu_order":0,"comment_status":"closed","ping_status":"closed","template":"","meta":{"footnotes":""},"class_list":["post-102","page","type-page","status-publish"],"amp_enabled":true,"_links":{"self":[{"href":"https:\/\/generales.uprrp.edu\/bachillerato\/wp-json\/wp\/v2\/pages\/102","targetHints":{"allow":["GET"]}}],"collection":[{"href":"https:\/\/generales.uprrp.edu\/bachillerato\/wp-json\/wp\/v2\/pages"}],"about":[{"href":"https:\/\/generales.uprrp.edu\/bachillerato\/wp-json\/wp\/v2\/types\/page"}],"author":[{"embeddable":true,"href":"https:\/\/generales.uprrp.edu\/bachillerato\/wp-json\/wp\/v2\/users\/16"}],"replies":[{"embeddable":true,"href":"https:\/\/generales.uprrp.edu\/bachillerato\/wp-json\/wp\/v2\/comments?post=102"}],"version-history":[{"count":8,"href":"https:\/\/generales.uprrp.edu\/bachillerato\/wp-json\/wp\/v2\/pages\/102\/revisions"}],"predecessor-version":[{"id":1399,"href":"https:\/\/generales.uprrp.edu\/bachillerato\/wp-json\/wp\/v2\/pages\/102\/revisions\/1399"}],"wp:attachment":[{"href":"https:\/\/generales.uprrp.edu\/bachillerato\/wp-json\/wp\/v2\/media?parent=102"}],"curies":[{"name":"wp","href":"https:\/\/api.w.org\/{rel}","templated":true}]}}