{"id":1011,"date":"2024-05-06T14:07:22","date_gmt":"2024-05-06T14:07:22","guid":{"rendered":"https:\/\/generales.uprrp.edu\/programa-bachillerato\/?page_id=1011"},"modified":"2025-02-18T20:11:08","modified_gmt":"2025-02-18T20:11:08","slug":"actividades-pasadas","status":"publish","type":"page","link":"https:\/\/generales.uprrp.edu\/bachillerato\/actividades-pasadas\/","title":{"rendered":"Actividades pasadas"},"content":{"rendered":"<p><iframe loading=\"lazy\" title=\"Conversatorio con Chabela Rodr\u00edguez y Jes\u00fas (Chu) Rivera\" width=\"708\" height=\"398\" src=\"https:\/\/www.youtube.com\/embed\/SIMzuky88uc?feature=oembed\" frameborder=\"0\" allow=\"accelerometer; autoplay; clipboard-write; encrypted-media; gyroscope; picture-in-picture; web-share\" referrerpolicy=\"strict-origin-when-cross-origin\" allowfullscreen><\/iframe><br \/>\n\t\t<iframe loading=\"lazy\" title=\"Conversatorio con Jos\u00e9 (Leni) Prieto\" width=\"708\" height=\"398\" src=\"https:\/\/www.youtube.com\/embed\/XH7aNlTjwZo?feature=oembed\" frameborder=\"0\" allow=\"accelerometer; autoplay; clipboard-write; encrypted-media; gyroscope; picture-in-picture; web-share\" referrerpolicy=\"strict-origin-when-cross-origin\" allowfullscreen><\/iframe><br \/>\n\t\t\t\t\t\t\t\t\t\t\t\t\t<img loading=\"lazy\" decoding=\"async\" width=\"708\" height=\"845\" src=\"https:\/\/generales.uprrp.edu\/programa-bachillerato\/wp-content\/uploads\/sites\/9\/2024\/08\/El-Gran-Combo.png\" alt=\"\" srcset=\"https:\/\/generales.uprrp.edu\/programa-bachillerato\/wp-content\/uploads\/sites\/9\/2024\/08\/El-Gran-Combo.png 787w, https:\/\/generales.uprrp.edu\/programa-bachillerato\/wp-content\/uploads\/sites\/9\/2024\/08\/El-Gran-Combo-251x300.png 251w, https:\/\/generales.uprrp.edu\/programa-bachillerato\/wp-content\/uploads\/sites\/9\/2024\/08\/El-Gran-Combo-150x179.png 150w, https:\/\/generales.uprrp.edu\/programa-bachillerato\/wp-content\/uploads\/sites\/9\/2024\/08\/El-Gran-Combo-450x537.png 450w, https:\/\/generales.uprrp.edu\/programa-bachillerato\/wp-content\/uploads\/sites\/9\/2024\/08\/El-Gran-Combo-768x916.png 768w, https:\/\/generales.uprrp.edu\/programa-bachillerato\/wp-content\/uploads\/sites\/9\/2024\/08\/El-Gran-Combo-251x300@2x.png 502w\" sizes=\"auto, (max-width: 708px) 100vw, 708px\" \/><br \/>\n\t\t\t\t\t\t\t\t\t\t\t\t\t<img loading=\"lazy\" decoding=\"async\" width=\"708\" height=\"495\" src=\"https:\/\/generales.uprrp.edu\/programa-bachillerato\/wp-content\/uploads\/sites\/9\/2024\/08\/Rafael-Ithier-1024x716.png\" alt=\"\" srcset=\"https:\/\/generales.uprrp.edu\/programa-bachillerato\/wp-content\/uploads\/sites\/9\/2024\/08\/Rafael-Ithier-1024x716.png 1024w, https:\/\/generales.uprrp.edu\/programa-bachillerato\/wp-content\/uploads\/sites\/9\/2024\/08\/Rafael-Ithier-300x210.png 300w, https:\/\/generales.uprrp.edu\/programa-bachillerato\/wp-content\/uploads\/sites\/9\/2024\/08\/Rafael-Ithier-150x105.png 150w, https:\/\/generales.uprrp.edu\/programa-bachillerato\/wp-content\/uploads\/sites\/9\/2024\/08\/Rafael-Ithier-450x315.png 450w, https:\/\/generales.uprrp.edu\/programa-bachillerato\/wp-content\/uploads\/sites\/9\/2024\/08\/Rafael-Ithier-768x537.png 768w, https:\/\/generales.uprrp.edu\/programa-bachillerato\/wp-content\/uploads\/sites\/9\/2024\/08\/Rafael-Ithier.png 1125w, https:\/\/generales.uprrp.edu\/programa-bachillerato\/wp-content\/uploads\/sites\/9\/2024\/08\/Rafael-Ithier-300x210@2x.png 600w\" sizes=\"auto, (max-width: 708px) 100vw, 708px\" \/>\t\t\t\t\t\t\t\t\t\t\t\t\t<\/p>\n<p>El reconocido m\u00fasico Rafael Ithier Natal obtuvo el grado Doctor Honoris Causa en Estudios Generales de la Universidad de Puerto Rico, Recinto de R\u00edo Piedras, en una ceremonia que se llev\u00f3 a cabo el viernes 15 de marzo de 2024 en el emblem\u00e1tico Teatro del campus.<\/p>\n","protected":false},"excerpt":{"rendered":"<p>El reconocido m\u00fasico Rafael Ithier Natal obtuvo el grado Doctor Honoris Causa en Estudios Generales de la Universidad de Puerto Rico, Recinto de R\u00edo Piedras, en una ceremonia que se llev\u00f3 a cabo el viernes 15 de marzo de 2024 en el emblem\u00e1tico Teatro del campus.<\/p>\n","protected":false},"author":11,"featured_media":0,"parent":0,"menu_order":0,"comment_status":"closed","ping_status":"closed","template":"","meta":{"footnotes":""},"class_list":["post-1011","page","type-page","status-publish"],"amp_enabled":true,"_links":{"self":[{"href":"https:\/\/generales.uprrp.edu\/bachillerato\/wp-json\/wp\/v2\/pages\/1011","targetHints":{"allow":["GET"]}}],"collection":[{"href":"https:\/\/generales.uprrp.edu\/bachillerato\/wp-json\/wp\/v2\/pages"}],"about":[{"href":"https:\/\/generales.uprrp.edu\/bachillerato\/wp-json\/wp\/v2\/types\/page"}],"author":[{"embeddable":true,"href":"https:\/\/generales.uprrp.edu\/bachillerato\/wp-json\/wp\/v2\/users\/11"}],"replies":[{"embeddable":true,"href":"https:\/\/generales.uprrp.edu\/bachillerato\/wp-json\/wp\/v2\/comments?post=1011"}],"version-history":[{"count":13,"href":"https:\/\/generales.uprrp.edu\/bachillerato\/wp-json\/wp\/v2\/pages\/1011\/revisions"}],"predecessor-version":[{"id":1205,"href":"https:\/\/generales.uprrp.edu\/bachillerato\/wp-json\/wp\/v2\/pages\/1011\/revisions\/1205"}],"wp:attachment":[{"href":"https:\/\/generales.uprrp.edu\/bachillerato\/wp-json\/wp\/v2\/media?parent=1011"}],"curies":[{"name":"wp","href":"https:\/\/api.w.org\/{rel}","templated":true}]}}