{"id":26,"date":"2019-07-25T17:53:02","date_gmt":"2019-07-25T17:53:02","guid":{"rendered":"http:\/\/generales.uprrp.edu\/avaluodeaprendizaje\/?page_id=26"},"modified":"2020-04-21T14:11:46","modified_gmt":"2020-04-21T14:11:46","slug":"name-exoworlds-puerto-rico","status":"publish","type":"page","link":"https:\/\/generales.uprrp.edu\/avaluodeaprendizaje\/name-exoworlds-puerto-rico\/","title":{"rendered":"Name ExoWorlds Puerto Rico"},"content":{"rendered":"<p>&nbsp;<\/p>\n<p><img loading=\"lazy\" decoding=\"async\" class=\"size-full wp-image-20 aligncenter\" src=\"https:\/\/generales.uprrp.edu\/avaluodeaprendizaje\/wp-content\/uploads\/sites\/21\/2019\/07\/banner-exoplanet-PR.jpeg\" alt=\"\" width=\"842\" height=\"250\" srcset=\"https:\/\/generales.uprrp.edu\/avaluodeaprendizaje\/wp-content\/uploads\/sites\/21\/2019\/07\/banner-exoplanet-PR.jpeg 842w, https:\/\/generales.uprrp.edu\/avaluodeaprendizaje\/wp-content\/uploads\/sites\/21\/2019\/07\/banner-exoplanet-PR-300x89.jpeg 300w, https:\/\/generales.uprrp.edu\/avaluodeaprendizaje\/wp-content\/uploads\/sites\/21\/2019\/07\/banner-exoplanet-PR-768x228.jpeg 768w\" sizes=\"auto, (max-width: 842px) 100vw, 842px\" \/><\/p>\n<blockquote>\n<h1 style=\"text-align: center\">Ha concluido el proceso para la asiganci\u00f3n de los nombres de HIP 12961 Y HIP 12961b.<\/h1>\n<h1 style=\"text-align: center\">Agradecemos a todos su participaci\u00f3n.<\/h1>\n<h1>Felicitamos a la organizaci\u00f3n estudiantil Society of Women in Space Exploration \u2014 UPR-Humacao Chapter por la propuesta de nombres gana<a href=\"https:\/\/generales.uprrp.edu\/avaluodeaprendizaje\/wp-content\/uploads\/sites\/21\/2020\/04\/PEutLyui_400x400.jpg\"><img loading=\"lazy\" decoding=\"async\" class=\"wp-image-118 alignright\" src=\"https:\/\/generales.uprrp.edu\/avaluodeaprendizaje\/wp-content\/uploads\/sites\/21\/2020\/04\/PEutLyui_400x400-150x150.jpg\" alt=\"\" width=\"101\" height=\"101\" srcset=\"https:\/\/generales.uprrp.edu\/avaluodeaprendizaje\/wp-content\/uploads\/sites\/21\/2020\/04\/PEutLyui_400x400-150x150.jpg 150w, https:\/\/generales.uprrp.edu\/avaluodeaprendizaje\/wp-content\/uploads\/sites\/21\/2020\/04\/PEutLyui_400x400-300x300.jpg 300w, https:\/\/generales.uprrp.edu\/avaluodeaprendizaje\/wp-content\/uploads\/sites\/21\/2020\/04\/PEutLyui_400x400.jpg 400w\" sizes=\"auto, (max-width: 101px) 100vw, 101px\" \/><\/a>dora.<\/h1>\n<\/blockquote>\n<p><img loading=\"lazy\" decoding=\"async\" class=\"aligncenter size-large wp-image-110\" src=\"https:\/\/generales.uprrp.edu\/avaluodeaprendizaje\/wp-content\/uploads\/sites\/21\/2019\/12\/banner_88-1024x576.jpg\" alt=\"\" width=\"702\" height=\"395\" srcset=\"https:\/\/generales.uprrp.edu\/avaluodeaprendizaje\/wp-content\/uploads\/sites\/21\/2019\/12\/banner_88-1024x576.jpg 1024w, https:\/\/generales.uprrp.edu\/avaluodeaprendizaje\/wp-content\/uploads\/sites\/21\/2019\/12\/banner_88-300x169.jpg 300w, https:\/\/generales.uprrp.edu\/avaluodeaprendizaje\/wp-content\/uploads\/sites\/21\/2019\/12\/banner_88-768x432.jpg 768w, https:\/\/generales.uprrp.edu\/avaluodeaprendizaje\/wp-content\/uploads\/sites\/21\/2019\/12\/banner_88-1536x864.jpg 1536w, https:\/\/generales.uprrp.edu\/avaluodeaprendizaje\/wp-content\/uploads\/sites\/21\/2019\/12\/banner_88.jpg 1920w\" sizes=\"auto, (max-width: 702px) 100vw, 702px\" \/><\/p>\n<h2><\/h2>\n<blockquote>\n<h1 style=\"text-align: center\"><a href=\"http:\/\/www.nameexoworlds.iau.org\/\">Conoce aqu\u00ed todos resultados de la convocatoria.<\/a><\/h1>\n<\/blockquote>\n<figure id=\"attachment_112\" aria-describedby=\"caption-attachment-112\" style=\"width: 702px\" class=\"wp-caption aligncenter\"><img loading=\"lazy\" decoding=\"async\" class=\"size-large wp-image-112\" src=\"https:\/\/generales.uprrp.edu\/avaluodeaprendizaje\/wp-content\/uploads\/sites\/21\/2019\/12\/koeia-1024x827.jpg\" alt=\"Foto de la estrella HIP 12961 tambi\u00e9n conocida como Koeia, nombre ta\u00edno que significa estrella.\" width=\"702\" height=\"567\" srcset=\"https:\/\/generales.uprrp.edu\/avaluodeaprendizaje\/wp-content\/uploads\/sites\/21\/2019\/12\/koeia-1024x827.jpg 1024w, https:\/\/generales.uprrp.edu\/avaluodeaprendizaje\/wp-content\/uploads\/sites\/21\/2019\/12\/koeia-300x242.jpg 300w, https:\/\/generales.uprrp.edu\/avaluodeaprendizaje\/wp-content\/uploads\/sites\/21\/2019\/12\/koeia-768x620.jpg 768w, https:\/\/generales.uprrp.edu\/avaluodeaprendizaje\/wp-content\/uploads\/sites\/21\/2019\/12\/koeia-168x137.jpg 168w, https:\/\/generales.uprrp.edu\/avaluodeaprendizaje\/wp-content\/uploads\/sites\/21\/2019\/12\/koeia.jpg 1280w\" sizes=\"auto, (max-width: 702px) 100vw, 702px\" \/><figcaption id=\"caption-attachment-112\" class=\"wp-caption-text\">Foto de la estrella Koeia en la constelaci\u00f3n del R\u00edo. Tomada por el astrofot\u00f3grafo Efra\u00edn Morales Rivera.<\/figcaption><\/figure>\n<h1><\/h1>\n<h1>Introducci\u00f3n<\/h1>\n<p>El proyecto denominado en ingl\u00e9s &#8220;NameExoWorlds&#8221; es un proyecto global que es parte de la celebraci\u00f3n del centenario de la Uni\u00f3n Astron\u00f3mica Internacional (<a href=\"http:\/\/www.nameexoworlds.iau.org\">Name ExoWorlds Project<\/a>). &#8220;NameExoworlds&#8221; permite que todos los pa\u00edses del mundo tengan la oportunidad de nombrar un exoplaneta y la estrella que est\u00e1 orbitando. Los nombres se escoger\u00e1n mediante votaci\u00f3n del p\u00fablico en cada pa\u00eds. Los nombres escogidos ser\u00e1n reconocidos por la Uni\u00f3n Astron\u00f3mica Internacional como los nombres oficiales. La IAU le ha asignado a Puerto Rico el exoplaneta HIP 12961b y su estrella HIP 12961.<\/p>\n<h1>\u00bfQui\u00e9n puede participar?<\/h1>\n<p>Este concurso est\u00e1 abierto a <strong>escuelas, clubs de aficionados a la astronom\u00eda, clubs de ciencia, organizaciones y clubs sin fines de lucro<\/strong>.\u00a0 Las escuelas pueden enviar propuestas o los grupos en las escuelas\u00a0 (maestros con sus estudiantes, maestros como grupo, los clubs o grupos que tenga la escuela). Exhortamos a <strong>grupos de AARP, asociaciones de la edad dorada, grupos recreativos, asociaciones culturales, grupos c\u00edvicos y organizaciones comunitarios<\/strong> a participar de la convocatoria.<\/p>\n<p>Solo podr\u00e1n participar del concurso organizaciones o grupos. No se aceptar\u00e1n propuestas individuales.<\/p>\n<p>Los grupos interesados deben someter la propuesta de dos nombres, uno para la estrella y uno para el exoplaneta. Los nombres deben estar relacionados por un tema com\u00fan. Se debe escribir una justificaci\u00f3n corta con referencia (no m\u00e1s de una p\u00e1gina tama\u00f1o carta, 12pt). Toda la informaci\u00f3n se someter\u00e1 a trav\u00e9s de un formulario que estar\u00e1 disponible a partir del 1 de agosto 2019.<\/p>\n<h1>Informaci\u00f3n del exoplaneta y su estrella asignados a Puerto Rico<\/h1>\n<h2>Estrella<\/h2>\n<p>Identificaci\u00f3n: HIP 12961 (HIP se refiere al nombre del cat\u00e1logo de estrellas &#8220;Hipparcos Catalog&#8221;)<br \/>\nTipo de estrella: enana roja (tipo espectral estelar K5V, M0V)<br \/>\nConstelaci\u00f3n: Er\u00eddano (tambi\u00e9n conocida como &#8220;El R\u00edo&#8221;)<br \/>\nCoordenadas Celestes: Ascensi\u00f3n Recta = 02h46m42.89s, Declinaci\u00f3n = \u221223d05m11.8s<br \/>\nDistancia: 76 a\u00f1os luz<br \/>\nPara ver esta estrella se requiere un telescopio (la estrella es muy tenue, magnitud aparente=10.25).<\/p>\n<h2>Exoplaneta<\/h2>\n<p>Identificaci\u00f3n: HIP 12961b<br \/>\nEs un planeta gigante de 0.354 Masas de J\u00fapiter o 1.2 veces la masa de Saturno.<br \/>\nLa distancia del planeta a su estrella 0.25 Unidad Astron\u00f3mica (Mercurio se encuentra a 0.39 Unidad Astron\u00f3mica del Sol y la Tierra se encuentra a 1 Unidad Astron\u00f3mica del Sol &#8211; la Unidad Astron\u00f3mica es aproximadamente 150 millones de kil\u00f3metros).<br \/>\nEl periodo orbital del planeta es de 54 d\u00edas (este es el tiempo que tarda en darle la vuelta a su estrella HIP 12961, la Tierra tiene un periodo orbital de \u223c365 d\u00edas, Mercurio \u223c88 d\u00edas).<\/p>\n<p>Puede encontrar m\u00e1s informaci\u00f3n del exoplaneta y su estrella en este enlace: <a href=\"https:\/\/exoplanets.nasa.gov\/exoplanet-catalog\/6857\/hip-12961-b\/\"> https:\/\/exoplanets.nasa.gov\/exoplanet-catalog\/6857\/hip-12961-b\/<\/a><\/p>\n<h1>Proceso de selecci\u00f3n<\/h1>\n<p>El Comit\u00e9 Nacional anuncia el Concurso y sus Reglas el 30 de junio.<\/p>\n<p>Las escuelas, grupos y organizaciones sin fines de lucro pueden someter sus propuestas a partir del 1 de agosto 2019 hasta el 1 de octubre 2019. Las propuestas se someter\u00e1n electr\u00f3nicamente mediante un formulario.<\/p>\n<p>La propuesta debe contener el nombre de la estrella, el nombre del exoplaneta y una justificaci\u00f3n con referencia de no m\u00e1s de una p\u00e1gina tama\u00f1o carta (letra 12pt). Los nombres propuestos deben estar relacionados mediante un tema com\u00fan. <b>Los nombres propuestos deben ser de cosas, personas o lugares de larga importancia cultural, hist\u00f3rica o geogr\u00e1fica, dignos de ser recordados a trav\u00e9s de la denominaci\u00f3n de un objeto celeste.<\/b> Los nombres propuestos deben cumplir con las reglas establecidas por la IAU.<\/p>\n<p>El Comit\u00e9 Nacional evaluar\u00e1 las propuestas recibidas y realizar\u00e1 una selecci\u00f3n de hasta un m\u00e1ximo de 10 propuestas para que el p\u00fablico general pueda votar. El Comit\u00e9 Nacional podr\u00e1 declarar vac\u00eda la convocatoria si considera que ninguna de las propuestas recibidas cumple con los requerimientos y reglas de la IAU. El p\u00fablico podr\u00e1 votar por los nombres propuestos seleccionados del 16 de octubre al 30 de octubre de 2019. La propuesta con mayor n\u00famero de votos ser\u00e1 seleccionada como primera opci\u00f3n de nombres. La segunda y la tercera propuesta de nombres con mayor n\u00famero de votos ser\u00e1n seleccionadas como segunda y tercera opci\u00f3n, en caso de que la primera opci\u00f3n no sea aceptada por el Comit\u00e9 Directivo de la IAU100 Name ExoWorlds. El Comit\u00e9 Nacional validar\u00e1 los resultados de la votaci\u00f3n, preparar\u00e1 y emitir\u00e1 un documento a la IAU100 con los nombres seleccionados en Puerto Rico. <b>Todas las decisiones del Comit\u00e9 Nacional son finales e inapelables<\/b>.<\/p>\n<p>A mediados de diciembre 2019, la IAU100 y todos los pa\u00edses (NOC-Puerto Rico) presentan el Comunicado de Prensa con los nombres asignados.<\/p>\n<h1>Comit\u00e9 Nacional para Nombrar Exoplanetas<br \/>\n(&#8220;IAU100 NameExoWorlds Puerto Rico&#8221;)<\/h1>\n<ol>\n<li><b>Dra. Desiree Cotto Figueroa<\/b>, Departamento de F\u00edsica y Electr\u00f3nica , UPR-Humacao<\/li>\n<li><b>Dr. Rogelio Escudero Valent\u00edn<\/b>, Departamento de Espa\u00f1ol, FEG, UPR-R\u00edo Piedras<\/li>\n<li><b>Dra. Ivelisse Rubio Canabal<\/b>, Departamento de Ciencias de C\u00f3mputo, FCN, UPR-R\u00edo Piedras<\/li>\n<li><b>Dr. Carlos S\u00e1nchez Zambrana<\/b>, Departamento de Ciencias Sociales, FEG, UPR-R\u00edo Piedras<\/li>\n<li><b>Dra. Vivian Auffant V\u00e1zquez<\/b>, Departamento de Humanidades, FEG, UPR-R\u00edo Piedras<\/li>\n<li><b>Dr. Daniel R. Altschuler Stern<\/b>, Departamento de F\u00edsica, CN, UPR-R\u00edo Piedras<\/li>\n<li><b>Dra. Mayra E. Lebr\u00f3n Santos<\/b>, Departamento de Ciencias F\u00edsicas, FEG, UPR-R\u00edo Piedras &#8211; IAU National Outreach Coordinator (NOC)<\/li>\n<\/ol>\n<h1>Reglas para proponer los nombres del exoplaneta y su estrella<\/h1>\n<p>Se deben proponer dos nombres: uno para el exoplaneta y otro para la estrella que orbita.<\/p>\n<p>Los dos nombres deben seguir un tema de denominaci\u00f3n com\u00fan. El tema de nomenclatura que describe c\u00f3mo se relacionan los nombres de alguna manera l\u00f3gica debe resumirse en una oraci\u00f3n o dos. El tema debe ser lo suficientemente amplio como para que puedan extraerse nombres adicionales de la literatura para nombrar planetas adicionales que pudieran ser descubiertos o compa\u00f1eros estelares adicionales. De esta manera, si se descubren otros planetas o estrellas acompa\u00f1antes del sistema, esos nuevos objetos puedan tener un nombre con el mismo tema designado.<\/p>\n<p><b>Los nombres propuestos deben ser de cosas, personas o lugares de larga importancia cultural, hist\u00f3rica o geogr\u00e1fica, dignos de ser recordados a trav\u00e9s de la denominaci\u00f3n de un objeto celeste.<\/b><\/p>\n<p>Aunque no es necesario, los nombres pueden tomarse de temas relacionados con el cielo y la astronom\u00eda, o relacionados de alguna manera con la constelaci\u00f3n en la que se encuentra el sistema exoplanetario.<\/p>\n<p>Los nombres propuestos deben de ser, preferiblemente, una palabra de 4 a 16 caracteres.<\/p>\n<p>El nombre propuesto debe ser una palabra no ofensiva en ninguna lengua.<\/p>\n<p>El nombre propuesto no debe ser igual o similar a un nombre existente de un objeto astron\u00f3mico.<\/p>\n<p>No se permite lo siguiente:<\/p>\n<ul>\n<li>Nombres de car\u00e1cter pura o principalmente comercial.<\/li>\n<li>Nombres de individuos, lugares o eventos conocidos principalmente por actividades pol\u00edticas, militares o religiosas.<\/li>\n<li>Nombres de individuos que murieron hace menos de un siglo (1919).<\/li>\n<li>Nombres de individuos vivos.<\/li>\n<li>Nombres de las organizaciones relacionadas con la selecci\u00f3n.<\/li>\n<li>Nombres de mascotas.<\/li>\n<li>Nombres inventados.<\/li>\n<li>Siglas.<\/li>\n<li>Nombres que incluyen n\u00fameros o signos de puntuaci\u00f3n (los signos diacr\u00edticos son aceptables).<\/li>\n<\/ul>\n<p>Solo se pueden proponer nombres que no est\u00e9n protegidos por marcas comerciales u otras formas de reclamos de propiedad intelectual.<\/p>\n<p>Todos los nombres de las propuestas deben venir con una justificaci\u00f3n o referencia de no m\u00e1s de una p\u00e1gina tama\u00f1o carta (12pt).<\/p>\n<p>Se entiende que los nombres p\u00fablicos seleccionados no reemplazar\u00e1n las designaciones cient\u00edficas alfanum\u00e9ricas, sino que ser\u00e1n reconocidos por la IAU como el nombre p\u00fablico apropiado para el objeto, y se publicar\u00e1n como tales, junto con el debido cr\u00e9dito del proponente que realiz\u00f3 la propuesta. Este nombre p\u00fablico puede ser usado internacionalmente junto con, o en lugar de, la designaci\u00f3n cient\u00edfica, de forma permanente y sin restricciones.<\/p>\n<p>Puede encontrar m\u00e1s informaci\u00f3n del exoplaneta y su estrella en este enlace: <a href=\"https:\/\/exoplanets.nasa.gov\/exoplanet-catalog\/6857\/hip-12961-b\/\"> https:\/\/exoplanets.nasa.gov\/exoplanet-catalog\/6857\/hip-12961-b\/<\/a><\/p>\n<h1>Formulario de Participaci\u00f3n<\/h1>\n<p>Este es el <a href=\"https:\/\/generales.uprrp.edu\/avaluodeaprendizaje\/formulario-name-exoworlds-puerto-rico\" target=\"_blank\" rel=\"noopener noreferrer\">formulario Name ExoWorlds Puerto Rico.<\/a><\/p>\n<h1>Fechas Importantes<\/h1>\n<ul>\n<li><b>30 de junio 2019<\/b> El NOC-Puerto Rico publica la convocatoria de &#8220;NameExoWorlds&#8221; Puerto Rico. Se publica p\u00e1gina web<\/li>\n<li><b>1 de agosto &#8211; 20 octubre 2019<\/b> Se aceptar\u00e1n propuestas para nombres.<\/li>\n<li><b>21 de octubre &#8211; 25 de octubre 2019<\/b> Comit\u00e9 Nacional eval\u00faa las propuestas y prepara la lista corta de nombres a ser votados por el p\u00fablico.<\/li>\n<li><b>26 de octubre &#8211; 3 de noviembre 2019<\/b> Votaci\u00f3n electr\u00f3nica abierta al p\u00fablico.<\/li>\n<li><b>4 de noviembre &#8211; 15 de noviembre<\/b> Comit\u00e9 Nacional prepara y emite un documento a la IAU100 con lo nombres seleccionados en Puerto Rico.<\/li>\n<li><b>Mediados de diciembre 2019<\/b> La IAU100 y todos los pa\u00edses (NOC-Puerto Rico) presentan el comunicado de prensa con los nombres asignados.<\/li>\n<\/ul>\n<h1>Enlaces<\/h1>\n<ul>\n<li><a href=\"http:\/\/www.nameexoworlds.iau.org\">NameExoWorlds.iau.org <\/a><\/li>\n<li><a href=\"http:\/\/astrocircle.org\/index7.html\">IAU-NOC-PR<\/a><\/li>\n<li><a href=\"https:\/\/exoplanets.nasa.gov\/\" target=\"_blank\" rel=\"noopener noreferrer\">NASA Exoplanet Exploration<\/a><\/li>\n<li>Nombres existentes de asteroides: <a href=\"http:\/\/www.minorplanetcenter.net\/db_search\">http:\/\/www.minorplanetcenter.net\/db_search<\/a><\/li>\n<li>Nombres existentes de objetos gal\u00e1cticos y extragal\u00e1cticos: <a href=\"http:\/\/cds.u-strasbg.fr\/cgi-bin\/Sesame\">http:\/\/cds.u-strasbg.fr\/cgi-bin\/Sesame<\/a><\/li>\n<li>Nombres existentes para planetas, planetas enanos y sat\u00e9lites: <a href=\"https:\/\/planetarynames.wr.usgs.gov\/Page\/Planets\">https:\/\/planetarynames.wr.usgs.gov\/Page\/Planets<\/a><\/li>\n<li>Nombres existentes para estrellas: <a href=\"https:\/\/www.iau.org\/public\/themes\/naming_stars\/\">https:\/\/www.iau.org\/public\/themes\/naming_stars\/<\/a><\/li>\n<\/ul>\n<h1>Contacto<\/h1>\n<p>Dra. Mayra Lebr\u00f3n<br \/>\nIAU National Outreach Coordinator-Puerto Rico for IAU Office for Astronomy Outreach (OAO)<br \/>\nEmail: mayra.lebron3@upr.edu<br \/>\nTel: (787) 764-0000 (ext 88704)<br \/>\nFacultad de Estudios Generales<br \/>\nDepartamento de Ciencias F\u00edsicas<br \/>\nUPR-R\u00edo Piedras<\/p>\n<p>&nbsp;<\/p>\n","protected":false},"excerpt":{"rendered":"<p>&nbsp; Ha concluido el proceso para la asiganci\u00f3n de los nombres de HIP 12961 Y HIP 12961b. Agradecemos a todos su participaci\u00f3n. Felicitamos a la organizaci\u00f3n estudiantil Society of Women in Space Exploration \u2014 UPR-Humacao Chapter por la propuesta de nombres ganadora. Conoce aqu\u00ed todos resultados de la convocatoria. Introducci\u00f3n El proyecto denominado en ingl\u00e9s<\/p>\n","protected":false},"author":28,"featured_media":0,"parent":0,"menu_order":0,"comment_status":"closed","ping_status":"closed","template":"","meta":{"footnotes":""},"class_list":["post-26","page","type-page","status-publish"],"_links":{"self":[{"href":"https:\/\/generales.uprrp.edu\/avaluodeaprendizaje\/wp-json\/wp\/v2\/pages\/26","targetHints":{"allow":["GET"]}}],"collection":[{"href":"https:\/\/generales.uprrp.edu\/avaluodeaprendizaje\/wp-json\/wp\/v2\/pages"}],"about":[{"href":"https:\/\/generales.uprrp.edu\/avaluodeaprendizaje\/wp-json\/wp\/v2\/types\/page"}],"author":[{"embeddable":true,"href":"https:\/\/generales.uprrp.edu\/avaluodeaprendizaje\/wp-json\/wp\/v2\/users\/28"}],"replies":[{"embeddable":true,"href":"https:\/\/generales.uprrp.edu\/avaluodeaprendizaje\/wp-json\/wp\/v2\/comments?post=26"}],"version-history":[{"count":20,"href":"https:\/\/generales.uprrp.edu\/avaluodeaprendizaje\/wp-json\/wp\/v2\/pages\/26\/revisions"}],"predecessor-version":[{"id":54,"href":"https:\/\/generales.uprrp.edu\/avaluodeaprendizaje\/wp-json\/wp\/v2\/pages\/26\/revisions\/54"}],"wp:attachment":[{"href":"https:\/\/generales.uprrp.edu\/avaluodeaprendizaje\/wp-json\/wp\/v2\/media?parent=26"}],"curies":[{"name":"wp","href":"https:\/\/api.w.org\/{rel}","templated":true}]}}