{"id":363,"date":"2023-05-26T17:43:36","date_gmt":"2023-05-26T17:43:36","guid":{"rendered":"https:\/\/generales.uprrp.edu\/afrodescendencia\/?page_id=363"},"modified":"2023-05-26T17:47:48","modified_gmt":"2023-05-26T17:47:48","slug":"cumbre-afro-2023","status":"publish","type":"page","link":"https:\/\/generales.uprrp.edu\/afrodescendencia\/cumbre-afro-2023\/","title":{"rendered":"Cumbre Afro 2023"},"content":{"rendered":"<p>Tem\u00e1tica: Territorialidades y Cimarronajes: Comunidades, Memoria, Presencia y Afirmaci\u00f3n de la Afrodescendencia<\/p>\n<p>CumbreAfro es un evento aglutinador que aspira a convertirse en el punto de encuentro internacional para la creaci\u00f3n de alianzas y compartir de saberes afro en el mundo Afro Diasp\u00f3rico hispanoparlante y entrar en conversaciones con los acad\u00e9micos, activistas, artistas y comunidades afro diasp\u00f3ricas en el mundo.<\/p>\n<p>En esta edici\u00f3n del evento contamos con m\u00e1s de 60 panelistas, sobre 35 paneles de temas variados, 9 presentaciones de libros, 7 trabajos narrativos audiovisuales expuestos y una exhibici\u00f3n de arte llamada \u201cContemplaciones\u201d.<\/p>\n<p>Para ver los paneles de la CumbreAfro 2023 puede buscar a trav\u00e9s de nuestra p\u00e1gina de <a href=\"https:\/\/www.youtube.com\/@afrodescendenciayracialida437\" target=\"_blank\" rel=\"noopener\">youtube<\/a>.<\/p>\n<p><img loading=\"lazy\" decoding=\"async\" class=\"alignnone size-full wp-image-368\" src=\"https:\/\/generales.uprrp.edu\/afrodescendencia\/wp-content\/uploads\/sites\/27\/2023\/05\/Cumbre-2023.png\" alt=\"\" width=\"779\" height=\"518\" srcset=\"https:\/\/generales.uprrp.edu\/afrodescendencia\/wp-content\/uploads\/sites\/27\/2023\/05\/Cumbre-2023.png 779w, https:\/\/generales.uprrp.edu\/afrodescendencia\/wp-content\/uploads\/sites\/27\/2023\/05\/Cumbre-2023-300x199.png 300w, https:\/\/generales.uprrp.edu\/afrodescendencia\/wp-content\/uploads\/sites\/27\/2023\/05\/Cumbre-2023-150x100.png 150w, https:\/\/generales.uprrp.edu\/afrodescendencia\/wp-content\/uploads\/sites\/27\/2023\/05\/Cumbre-2023-450x299.png 450w, https:\/\/generales.uprrp.edu\/afrodescendencia\/wp-content\/uploads\/sites\/27\/2023\/05\/Cumbre-2023-768x511.png 768w\" sizes=\"auto, (max-width: 779px) 100vw, 779px\" \/><\/p>\n","protected":false},"excerpt":{"rendered":"<p>Tem\u00e1tica: Territorialidades y Cimarronajes: Comunidades, Memoria, Presencia y Afirmaci\u00f3n de la Afrodescendencia CumbreAfro es un evento aglutinador que aspira a convertirse en el punto de encuentro internacional para la creaci\u00f3n de alianzas y compartir de saberes afro en el mundo Afro Diasp\u00f3rico hispanoparlante y entrar en conversaciones con los acad\u00e9micos, activistas, artistas y comunidades afro<\/p>\n","protected":false},"author":11,"featured_media":0,"parent":0,"menu_order":0,"comment_status":"closed","ping_status":"closed","template":"","meta":{"footnotes":""},"class_list":["post-363","page","type-page","status-publish"],"_links":{"self":[{"href":"https:\/\/generales.uprrp.edu\/afrodescendencia\/wp-json\/wp\/v2\/pages\/363","targetHints":{"allow":["GET"]}}],"collection":[{"href":"https:\/\/generales.uprrp.edu\/afrodescendencia\/wp-json\/wp\/v2\/pages"}],"about":[{"href":"https:\/\/generales.uprrp.edu\/afrodescendencia\/wp-json\/wp\/v2\/types\/page"}],"author":[{"embeddable":true,"href":"https:\/\/generales.uprrp.edu\/afrodescendencia\/wp-json\/wp\/v2\/users\/11"}],"replies":[{"embeddable":true,"href":"https:\/\/generales.uprrp.edu\/afrodescendencia\/wp-json\/wp\/v2\/comments?post=363"}],"version-history":[{"count":2,"href":"https:\/\/generales.uprrp.edu\/afrodescendencia\/wp-json\/wp\/v2\/pages\/363\/revisions"}],"predecessor-version":[{"id":369,"href":"https:\/\/generales.uprrp.edu\/afrodescendencia\/wp-json\/wp\/v2\/pages\/363\/revisions\/369"}],"wp:attachment":[{"href":"https:\/\/generales.uprrp.edu\/afrodescendencia\/wp-json\/wp\/v2\/media?parent=363"}],"curies":[{"name":"wp","href":"https:\/\/api.w.org\/{rel}","templated":true}]}}