{"id":349,"date":"2023-05-26T15:31:53","date_gmt":"2023-05-26T15:31:53","guid":{"rendered":"https:\/\/generales.uprrp.edu\/afrodescendencia\/?page_id=349"},"modified":"2023-05-26T15:32:56","modified_gmt":"2023-05-26T15:32:56","slug":"antiracist-feminist-workshops","status":"publish","type":"page","link":"https:\/\/generales.uprrp.edu\/afrodescendencia\/antiracist-feminist-workshops\/","title":{"rendered":"Antiracist Feminist Workshops"},"content":{"rendered":"<p><img loading=\"lazy\" decoding=\"async\" class=\"size-full wp-image-350 aligncenter\" src=\"https:\/\/generales.uprrp.edu\/afrodescendencia\/wp-content\/uploads\/sites\/27\/2023\/05\/Antiracist-Feminist-Workshops.png\" alt=\"\" width=\"700\" height=\"466\" srcset=\"https:\/\/generales.uprrp.edu\/afrodescendencia\/wp-content\/uploads\/sites\/27\/2023\/05\/Antiracist-Feminist-Workshops.png 700w, https:\/\/generales.uprrp.edu\/afrodescendencia\/wp-content\/uploads\/sites\/27\/2023\/05\/Antiracist-Feminist-Workshops-300x200.png 300w, https:\/\/generales.uprrp.edu\/afrodescendencia\/wp-content\/uploads\/sites\/27\/2023\/05\/Antiracist-Feminist-Workshops-150x100.png 150w, https:\/\/generales.uprrp.edu\/afrodescendencia\/wp-content\/uploads\/sites\/27\/2023\/05\/Antiracist-Feminist-Workshops-450x300.png 450w\" sizes=\"auto, (max-width: 700px) 100vw, 700px\" \/>PRAFRO quiere seguir fortaleciendo los estudios raciales cr\u00edticos, la diversificaci\u00f3n acad\u00e9mica y la producci\u00f3n de conocimiento que conecte a la comunidad con la academia.\u00a0 Por esta raz\u00f3n, se llev\u00f3 a cabo un taller sobre Pr\u00e1cticas Feministas Antirracistas a cargo de la Dra. Chandra Talpade Mohant y la Dra. Linda Carty. Estos talleres se ofrecieron del 16 al 18 de noviembre de 2022 en diferentes espacios de la Universidad de Puerto Rico, recinto de R\u00edo Piedras. Los talleres estuvieron dirigidos principalmente a colectivos, grupos, organizaciones o individuos que trabajan o est\u00e1n interesados en temas relacionados al feminismo y las pr\u00e1cticas antirracistas.<\/p>\n<p>Estos talleres se realizaron gracias a la colaboraci\u00f3n, apoyo y alianza del Programa de G\u00e9nero y el Departamento de Ingl\u00e9s de la Facultad de Humanidades, quienes co-patrocinaron los talleres junto con el Proyecto de Diversificaci\u00f3n Acad\u00e9mica en Afrodescendencia y Racializaci\u00f3n de la Facultad de Estudios Generales.<\/p>\n<p>Sobre los recursos:<\/p>\n<p><strong><em>Chandra Talpade<br \/>\n<\/em><\/strong>Chandra Talpade Mohanty es una acad\u00e9mica, activista, feminista y educadora del Departamento de Estudios Feministas y de G\u00e9nero de la Syracuse University. Su trabajo como activista, investigadora y docente se centra en la teor\u00eda feminista transnacional, la pr\u00e1ctica feminista anticapitalista, la educaci\u00f3n antirracista y la pol\u00edtica del conocimiento. Mohanty es autora, escritora, editora y form\u00f3 parte de la delegaci\u00f3n de Solidaridad con las Mujeres Ind\u00edgenas de Color que viaj\u00f3 a Palestina en junio de 2011.<\/p>\n<p><strong><em>Linda E. Carty<br \/>\n<\/em><\/strong>Linda E. Carty es una acad\u00e9mica, activista negra y educadora del Departamento de Estudios Afroamericanos en Syracuse University.\u00a0 Su trabajo de activismo e investigaci\u00f3n abarca las luchas laborales, la migraci\u00f3n y la sexualidad en Canad\u00e1, el Caribe y Estados Unidos. Carty es editora de la antolog\u00eda \u201cAnd Still We Rise: Feminist Mobilization in Contemporary Canada\u201d (1993), coautora y colaboradora de &#8220;We&#8217;re Rooted Here:\u00a0 Essays in African Canadian Women&#8217;s History\u201d (1994) y &#8220;Unsettling Relations: The University as a Site of Feminist Struggles&#8221; (1991).<\/p>\n<p>A continuaci\u00f3n, figuran las l\u00edderes comunitarias que participaron en los talleres y que recibieron un estipendio por asistir a los mismos:<\/p>\n<ul>\n<li>Yamary S\u00e1nchez Manso<\/li>\n<li>Kanisha E. Rivera Mill\u00e1n<\/li>\n<li>Shariana Ferrer-N\u00fa\u00f1ez<\/li>\n<li>Zo\u00e1n Tan\u00eds D\u00e1vila Rold\u00e1n<\/li>\n<\/ul>\n<p><img loading=\"lazy\" decoding=\"async\" class=\"alignnone size-full wp-image-352\" src=\"https:\/\/generales.uprrp.edu\/afrodescendencia\/wp-content\/uploads\/sites\/27\/2023\/05\/Antiracist-Feminist-Workshops-grupo-taller.png\" alt=\"\" width=\"795\" height=\"529\" srcset=\"https:\/\/generales.uprrp.edu\/afrodescendencia\/wp-content\/uploads\/sites\/27\/2023\/05\/Antiracist-Feminist-Workshops-grupo-taller.png 795w, https:\/\/generales.uprrp.edu\/afrodescendencia\/wp-content\/uploads\/sites\/27\/2023\/05\/Antiracist-Feminist-Workshops-grupo-taller-300x200.png 300w, https:\/\/generales.uprrp.edu\/afrodescendencia\/wp-content\/uploads\/sites\/27\/2023\/05\/Antiracist-Feminist-Workshops-grupo-taller-150x100.png 150w, https:\/\/generales.uprrp.edu\/afrodescendencia\/wp-content\/uploads\/sites\/27\/2023\/05\/Antiracist-Feminist-Workshops-grupo-taller-450x299.png 450w, https:\/\/generales.uprrp.edu\/afrodescendencia\/wp-content\/uploads\/sites\/27\/2023\/05\/Antiracist-Feminist-Workshops-grupo-taller-768x511.png 768w\" sizes=\"auto, (max-width: 795px) 100vw, 795px\" \/><\/p>\n","protected":false},"excerpt":{"rendered":"<p>PRAFRO quiere seguir fortaleciendo los estudios raciales cr\u00edticos, la diversificaci\u00f3n acad\u00e9mica y la producci\u00f3n de conocimiento que conecte a la comunidad con la academia.\u00a0 Por esta raz\u00f3n, se llev\u00f3 a cabo un taller sobre Pr\u00e1cticas Feministas Antirracistas a cargo de la Dra. Chandra Talpade Mohant y la Dra. Linda Carty. Estos talleres se ofrecieron del<\/p>\n","protected":false},"author":11,"featured_media":0,"parent":0,"menu_order":0,"comment_status":"closed","ping_status":"closed","template":"","meta":{"footnotes":""},"class_list":["post-349","page","type-page","status-publish"],"_links":{"self":[{"href":"https:\/\/generales.uprrp.edu\/afrodescendencia\/wp-json\/wp\/v2\/pages\/349","targetHints":{"allow":["GET"]}}],"collection":[{"href":"https:\/\/generales.uprrp.edu\/afrodescendencia\/wp-json\/wp\/v2\/pages"}],"about":[{"href":"https:\/\/generales.uprrp.edu\/afrodescendencia\/wp-json\/wp\/v2\/types\/page"}],"author":[{"embeddable":true,"href":"https:\/\/generales.uprrp.edu\/afrodescendencia\/wp-json\/wp\/v2\/users\/11"}],"replies":[{"embeddable":true,"href":"https:\/\/generales.uprrp.edu\/afrodescendencia\/wp-json\/wp\/v2\/comments?post=349"}],"version-history":[{"count":2,"href":"https:\/\/generales.uprrp.edu\/afrodescendencia\/wp-json\/wp\/v2\/pages\/349\/revisions"}],"predecessor-version":[{"id":353,"href":"https:\/\/generales.uprrp.edu\/afrodescendencia\/wp-json\/wp\/v2\/pages\/349\/revisions\/353"}],"wp:attachment":[{"href":"https:\/\/generales.uprrp.edu\/afrodescendencia\/wp-json\/wp\/v2\/media?parent=349"}],"curies":[{"name":"wp","href":"https:\/\/api.w.org\/{rel}","templated":true}]}}