{"id":344,"date":"2023-05-25T20:17:33","date_gmt":"2023-05-25T20:17:33","guid":{"rendered":"https:\/\/generales.uprrp.edu\/afrodescendencia\/?page_id=344"},"modified":"2023-05-25T20:17:33","modified_gmt":"2023-05-25T20:17:33","slug":"catalogo-de-cursos","status":"publish","type":"page","link":"https:\/\/generales.uprrp.edu\/afrodescendencia\/catalogo-de-cursos\/","title":{"rendered":"Cat\u00e1logo de cursos"},"content":{"rendered":"<div align=\"justify\">\n<p><strong>CURSOS OFRECIDOS EN EL PROGRAMA DE AFRODESCENDENCIA<\/strong><\/p>\n<p><strong>CISO 5995\/DERE 7124: Intersecci\u00f3n raza, g\u00e9nero y derecho en Puerto Rico <\/strong>El curso busca promover una comprensi\u00f3n m\u00e1s profunda de las complejas interacciones entre el derecho, la raza y el g\u00e9nero para formular propuestas antirracistas interdisciplinarias. La experiencia de las mujeres negras y afrodescendientes es muy distinta en Puerto Rico por la construcci\u00f3n de identidades raciales, de g\u00e9nero y el colorismo imperante en nuestra sociedad. Al observar estos temas, se estudiar\u00e1 la intersecci\u00f3n entre la raza, el g\u00e9nero y el derecho en Puerto Rico desde una variedad de \u00e1ngulos, enfocando la atenci\u00f3n en la comprensi\u00f3n legal y la conciencia de las mujeres negras. En el curso se estudiar\u00e1n leyes, jurisprudencia y lecturas interdisciplinarias con narrativas y lecturas en primera persona de la historia, la antropolog\u00eda y la cr\u00edtica cultural.<\/p>\n<p><strong>CISO 5995: Seminario de estudios en Afrodescendencia: Epistemolog\u00edas afrodescendientes <\/strong>En este curso se estudiar\u00e1 el proceso hist\u00f3rico y social de los espacios caribe\u00f1os desde la \u00f3ptica de su desarrollo cultural y social. Se tendr\u00e1 una mejor comprensi\u00f3n de la diversidad cultural existente en esta parte del mundo a trav\u00e9s del estudio de las expresiones human\u00edsticas m\u00e1s emblem\u00e1ticas de estas culturas, adentr\u00e1ndonos en los planos caribe\u00f1os contempor\u00e1neos. Estudiaremos la gran influencia y el impacto que ha tenido el continente africano en este importante territorio. Se realizan reflexiones que enmarcan, adem\u00e1s, las caracter\u00edsticas geopol\u00edticas, manifestaciones religiosas, art\u00edsticas, musicales y tradiciones de los pa\u00edses y territorios de habla: espa\u00f1ola, inglesa, francesa, portuguesa y la influencia de otras culturas en este plano. Se desarrollar\u00e1n destrezas de pensamiento cr\u00edtico, internacionalizaci\u00f3n, comunicaci\u00f3n efectiva, conciencia global y conocimiento de nuestro entorno.<\/p>\n<p><strong>ESGE 4995: Representaciones y culturas afrodiasp\u00f3ricas: Imaginarios raciales, identidades nacionales, producciones culturales y g\u00e9nero <\/strong>Este curso explora la construcci\u00f3n de imaginarios raciales en su relaci\u00f3n con las identidades nacionales y las producciones culturales. El an\u00e1lisis cr\u00edtico de los imaginarios raciales busca descifrar c\u00f3mo se inscriben hist\u00f3ricamente las diferencias en los cuerpos de sujetos a lo largo de procesos de transformaci\u00f3n pol\u00edtica. A trav\u00e9s de lecturas, conferencias y la elaboraci\u00f3n de una propuesta de investigaci\u00f3n, se cuestionan las contingencias hist\u00f3ricas, pol\u00edticas y de g\u00e9nero que reproducen configuraciones raciales en diversos contextos coloniales y nacionales de Puerto Rico, el Caribe y Am\u00e9rica.<\/p>\n<p><strong>ESGE 4995: Perspectivas afrodescendientes en Puerto Rico sobre la interioridad <\/strong>Este curso ofrece una introducci\u00f3n b\u00e1sica al tema de la interioridad en el Puerto Rico actual desde una perspectiva afrodescendiente. Estudiaremos comparativamente la interioridad propuesta por la filosof\u00eda africana Yoruba a partir del concepto metaf\u00edsico de \u201cori\u201d, y de los trascendentales tradicionales de los Yoruba; y del culto a los ancestros propuesto por la poblaci\u00f3n conga en Puerto Rico. Para elaborar el discurso m\u00e1s coherente sobre la inevitable presencia de lo sagrado en el interior, comprendido como la presencia de algo irreductiblemente real, seg\u00fan se viene manifestando en la especie humana a trav\u00e9s de los tiempos, polinizaremos estos niveles africanos de realidad con otros niveles de percepci\u00f3n.<\/p>\n<p><strong>ESGE 4995: El Caribe desde una\u00a0 perspectiva etno-ling\u00fc\u00edstica afrodescendiente <\/strong>El aborda el debate te\u00f3rico de la raza desde diversas disciplinas (antropolog\u00eda, sociolog\u00eda, psicolog\u00eda, educaci\u00f3n y ling\u00fc\u00edstica) con el objetivo de examinar la contribuci\u00f3n ling\u00fc\u00edstica africana en el Caribe a partir del siglo XVI hasta el presente, con \u00e9nfasis en las variedades afrohisp\u00e1nicas habladas en la zona (p.e. el bozal afrocaribe\u00f1o, el palenquero y el papiamento). Examina estas variedades afrohisp\u00e1nicas desde el contacto de lenguas y la formaci\u00f3n de las variedades pidgins, semi-criollas y criollas. Analiza pormenorizadamente las fuentes extraling\u00fc\u00edsticas hist\u00f3ricas, demogr\u00e1ficas, etnogr\u00e1ficas y literarias sobre estas variedades afrohisp\u00e1nicas. Describe y analiza las huellas etno-socioling\u00fc\u00edsticas diacr\u00f3nicas y sincr\u00f3nicas a nivel fon\u00e9tico-fonol\u00f3gico, morfosint\u00e1ctico y l\u00e9xico-sem\u00e1ntico.<\/p>\n<p><strong>ESGE 4995: Racializaci\u00f3n, Estado y Censo en Afro-Latinoam\u00e9rica <\/strong>Es un curso de investigaci\u00f3n que examina las pr\u00e1cticas institucionales de racializaci\u00f3n generadas por el Estado en Latinoam\u00e9rica, particularmente las que afectan a las poblaciones afrodescendientes. Los estudiantes aprender\u00e1n c\u00f3mo las pr\u00e1cticas de racializaci\u00f3n y de racismo anti-negro se perpet\u00faan, desarrollan y debaten a trav\u00e9s del estado en pa\u00edses marcadamente influenciados por la di\u00e1spora africana y por discursos de mestizaje. Al analizar la relaci\u00f3n entre estado y racializaci\u00f3n, consideraremos el censo como un instrumento clave de gobernanza racializador utilizado para el control poblacional, la gobernanza colonial y la vigilancia racial, pero tambi\u00e9n para documentar la desigualdad racial, apoyar la justicia racial en la distribuci\u00f3n de recursos y la rendici\u00f3n de cuentas p\u00fablicas.<\/p>\n<p><strong>ESGE\u00a0 4995: Literatura Afro latinoamericana <\/strong>Estudio de movimientos literarios, autores y textos de la literatura afrolatinoamericana a partir del siglo XIX. El an\u00e1lisis de los textos examinar\u00e1 la construcci\u00f3n y funci\u00f3n de las representaciones raciales en los procesos de escritura, as\u00ed como su relaci\u00f3n con el contexto cultural, pol\u00edtico y social de las comunidades afrodescendientes en Am\u00e9rica Latina.<\/p>\n<p><strong>ESGE 4995: Equidad, racismo y salud mental <\/strong>Este curso aborda el debate te\u00f3rico del racismo individual, interpersonal e institucional desde un enfoque psico-social e interdisciplinario con el objetivo de examinar la contribuci\u00f3n de las ciencias sociales en el an\u00e1lisis del tema de la equidad, racismo y salud mental. Examina t\u00e9rminos como el impacto de la identidad racial en la salud mental, diversidad e inclusi\u00f3n en la formaci\u00f3n en psicolog\u00eda, trauma intergeneracional en varias comunidades racializadas y tratadas como &#8220;minor\u00eda&#8221; y las necesidades y experiencias de las comunidades migrantes, entre muchos otros. Analiza y ofrece destrezas espec\u00edficas para desarrollar una identidad \u00e9tnico-racial saludable desde un lenguaje antirracista y decolonial y propicia el an\u00e1lisis cr\u00edtico del racismo institucional y cultural en torno a la salud mental.<\/p>\n<p><strong>ESGE 4995: Diversidad cultural en el Caribe Afro contempor\u00e1neo <\/strong>En este curso se estudiar\u00e1 el proceso hist\u00f3rico y social de los espacios caribe\u00f1os desde la \u00f3ptica de su desarrollo cultural y social. Se tendr\u00e1 una mejor comprensi\u00f3n de la diversidad cultural existente en esta parte del mundo a trav\u00e9s del estudio de las expresiones human\u00edsticas m\u00e1s emblem\u00e1ticas de estas culturas, adentr\u00e1ndonos en los planos caribe\u00f1os contempor\u00e1neos. Estudiaremos la gran influencia y el impacto que ha tenido el continente africano en este importante territorio. Se realizar\u00e1n reflexiones que enmarquen adem\u00e1s las caracter\u00edsticas geopol\u00edticas, manifestaciones religiosas, art\u00edsticas, musicales y tradiciones de los pa\u00edses y territorios de habla: espa\u00f1ola, inglesa, francesa, portuguesa y la influencia de otras culturas en este plano. Se desarrollar\u00e1n destrezas de pensamiento cr\u00edtico, internacionalizaci\u00f3n, comunicaci\u00f3n efectiva, conciencia global y conocimiento de nuestro entorno.<\/p>\n<p><strong>ESGE 4995: Ecoliteratura desde la experiencia afrodescendiente <\/strong>El curso aborda la tem\u00e1tica de la ecolog\u00eda en la literatura producida por afrodescendientes desde una perspectiva contempor\u00e1nea e inter\/transdisciplinaria. Si bien se analizan algunos textos cl\u00e1sicos sobre ciertos dilemas ambientales, el curso se concentra en textos contempor\u00e1neos que se\u00f1alan nuevos acercamientos a la relaci\u00f3n entre los dilemas ambientales, su consonancia con la literatura y el arte producido por la comunidad afrodescendiente. Adem\u00e1s, se analizan textos fotogr\u00e1ficos\/pict\u00f3ricos\/ cinematogr\u00e1ficos que han acompa\u00f1ado el imaginario de estos dilemas y a los cuales se alude en muchos de los textos literarios. Finalmente, el curso trata temas relacionados con las pol\u00edticas de los cuerpos racializados y sexuados durante las encrucijadas ambientalistas y su representaci\u00f3n en la literatura. Por otro lado, el curso atiende varias necesidades educativas de los estudiantes: procura estimular el desarrollo de una sensibilidad est\u00e9tica racial y ambiental; promueve el ejercicio cr\u00edtico y reflexivo sobre los conflictos y su representaci\u00f3n; estimula la participaci\u00f3n a partir de la discusi\u00f3n ponderada en los textos escritos o en la expresi\u00f3n oral este curso cumple con los requisitos de Literatura del Bachillerato.<\/p>\n<p><strong>ESGE 4995: Historia, pensamiento y activismo afro en Puerto Rico <\/strong>Este curso revisa y cuestiona la historia del activismo antirracista afrodescendiente en Puerto Rico. Establece sus or\u00edgenes, conexiones con personalidades y movimientos de los derechos civiles en Estados Unidos y el Caribe. Estudia sus relaciones con el movimiento obrero y con la educaci\u00f3n antirracista. Tambi\u00e9n investiga las interseccionalidades y retroalimentaciones entre dicho movimiento y activismo con los movimientos afro-feministas, ambientalistas pol\u00edticos de base y con movimientos de naturaleza similar en Am\u00e9rica Latina y el Caribe.<\/p>\n<\/div>\n","protected":false},"excerpt":{"rendered":"<p>CURSOS OFRECIDOS EN EL PROGRAMA DE AFRODESCENDENCIA CISO 5995\/DERE 7124: Intersecci\u00f3n raza, g\u00e9nero y derecho en Puerto Rico El curso busca promover una comprensi\u00f3n m\u00e1s profunda de las complejas interacciones entre el derecho, la raza y el g\u00e9nero para formular propuestas antirracistas interdisciplinarias. La experiencia de las mujeres negras y afrodescendientes es muy distinta en<\/p>\n","protected":false},"author":11,"featured_media":0,"parent":0,"menu_order":0,"comment_status":"closed","ping_status":"closed","template":"","meta":{"footnotes":""},"class_list":["post-344","page","type-page","status-publish"],"_links":{"self":[{"href":"https:\/\/generales.uprrp.edu\/afrodescendencia\/wp-json\/wp\/v2\/pages\/344","targetHints":{"allow":["GET"]}}],"collection":[{"href":"https:\/\/generales.uprrp.edu\/afrodescendencia\/wp-json\/wp\/v2\/pages"}],"about":[{"href":"https:\/\/generales.uprrp.edu\/afrodescendencia\/wp-json\/wp\/v2\/types\/page"}],"author":[{"embeddable":true,"href":"https:\/\/generales.uprrp.edu\/afrodescendencia\/wp-json\/wp\/v2\/users\/11"}],"replies":[{"embeddable":true,"href":"https:\/\/generales.uprrp.edu\/afrodescendencia\/wp-json\/wp\/v2\/comments?post=344"}],"version-history":[{"count":1,"href":"https:\/\/generales.uprrp.edu\/afrodescendencia\/wp-json\/wp\/v2\/pages\/344\/revisions"}],"predecessor-version":[{"id":345,"href":"https:\/\/generales.uprrp.edu\/afrodescendencia\/wp-json\/wp\/v2\/pages\/344\/revisions\/345"}],"wp:attachment":[{"href":"https:\/\/generales.uprrp.edu\/afrodescendencia\/wp-json\/wp\/v2\/media?parent=344"}],"curies":[{"name":"wp","href":"https:\/\/api.w.org\/{rel}","templated":true}]}}