{"id":246,"date":"2022-02-25T17:20:39","date_gmt":"2022-02-25T17:20:39","guid":{"rendered":"https:\/\/generales.uprrp.edu\/afrodescendencia\/?page_id=246"},"modified":"2023-05-31T19:37:08","modified_gmt":"2023-05-31T19:37:08","slug":"historial-de-internos","status":"publish","type":"page","link":"https:\/\/generales.uprrp.edu\/afrodescendencia\/historial-de-internos\/","title":{"rendered":"Historial de internos"},"content":{"rendered":"<style>\/*! elementor - v3.13.3 - 28-05-2023 *\/\n.elementor-widget-image{text-align:center}.elementor-widget-image a{display:inline-block}.elementor-widget-image a img[src$=\".svg\"]{width:48px}.elementor-widget-image img{vertical-align:middle;display:inline-block}<\/style>\n<figure>\n\t\t\t\t\t\t\t\t\t\t<img decoding=\"async\" width=\"233\" height=\"233\" src=\"https:\/\/generales.uprrp.edu\/afrodescendencia\/wp-content\/uploads\/sites\/27\/2022\/02\/Ana.png\" alt=\"\" loading=\"lazy\" srcset=\"https:\/\/generales.uprrp.edu\/afrodescendencia\/wp-content\/uploads\/sites\/27\/2022\/02\/Ana.png 233w, https:\/\/generales.uprrp.edu\/afrodescendencia\/wp-content\/uploads\/sites\/27\/2022\/02\/Ana-150x150.png 150w\" sizes=\"auto, (max-width: 233px) 100vw, 233px\" \/><figcaption>Ana Teresa Sol\u00e1 Rivi\u00e8re<\/figcaption><\/figure>\n<ul>\n<li>\u00bfPor cu\u00e1nto tiempo form\u00f3 parte? Enero a mayo de 2021<\/li>\n<li>Concentraci\u00f3n: Bachillerato en Estudios Interdisciplinarios con Concentraci\u00f3n en Escritura Creativa<\/li>\n<li>Breve descripci\u00f3n de la labor realizada: Desarrollo de contenido y dise\u00f1os gr\u00e1ficos, investigar datos hist\u00f3ricos para la base de datos y editar guiones para la serie documental \u201cAfrodescendencia\u201d en el canal WIPR.<\/li>\n<li>Experiencia: \u201cAgradezco mi tiempo como interna de comunicaciones de PRAFRO. Realmente [es] una experiencia inolvidable y enriquecedora para todo estudiante de la Universidad de Puerto Rico\u201d.<\/li>\n<\/ul>\n<style>\/*! elementor - v3.13.3 - 28-05-2023 *\/\n.elementor-widget-divider{--divider-border-style:none;--divider-border-width:1px;--divider-color:#0c0d0e;--divider-icon-size:20px;--divider-element-spacing:10px;--divider-pattern-height:24px;--divider-pattern-size:20px;--divider-pattern-url:none;--divider-pattern-repeat:repeat-x}.elementor-widget-divider .elementor-divider{display:flex}.elementor-widget-divider .elementor-divider__text{font-size:15px;line-height:1;max-width:95%}.elementor-widget-divider .elementor-divider__element{margin:0 var(--divider-element-spacing);flex-shrink:0}.elementor-widget-divider .elementor-icon{font-size:var(--divider-icon-size)}.elementor-widget-divider .elementor-divider-separator{display:flex;margin:0;direction:ltr}.elementor-widget-divider--view-line_icon .elementor-divider-separator,.elementor-widget-divider--view-line_text .elementor-divider-separator{align-items:center}.elementor-widget-divider--view-line_icon .elementor-divider-separator:after,.elementor-widget-divider--view-line_icon .elementor-divider-separator:before,.elementor-widget-divider--view-line_text .elementor-divider-separator:after,.elementor-widget-divider--view-line_text .elementor-divider-separator:before{display:block;content:\"\";border-bottom:0;flex-grow:1;border-top:var(--divider-border-width) var(--divider-border-style) var(--divider-color)}.elementor-widget-divider--element-align-left .elementor-divider .elementor-divider-separator>.elementor-divider__svg:first-of-type{flex-grow:0;flex-shrink:100}.elementor-widget-divider--element-align-left .elementor-divider-separator:before{content:none}.elementor-widget-divider--element-align-left .elementor-divider__element{margin-left:0}.elementor-widget-divider--element-align-right .elementor-divider .elementor-divider-separator>.elementor-divider__svg:last-of-type{flex-grow:0;flex-shrink:100}.elementor-widget-divider--element-align-right .elementor-divider-separator:after{content:none}.elementor-widget-divider--element-align-right .elementor-divider__element{margin-right:0}.elementor-widget-divider:not(.elementor-widget-divider--view-line_text):not(.elementor-widget-divider--view-line_icon) .elementor-divider-separator{border-top:var(--divider-border-width) var(--divider-border-style) var(--divider-color)}.elementor-widget-divider--separator-type-pattern{--divider-border-style:none}.elementor-widget-divider--separator-type-pattern.elementor-widget-divider--view-line .elementor-divider-separator,.elementor-widget-divider--separator-type-pattern:not(.elementor-widget-divider--view-line) .elementor-divider-separator:after,.elementor-widget-divider--separator-type-pattern:not(.elementor-widget-divider--view-line) .elementor-divider-separator:before,.elementor-widget-divider--separator-type-pattern:not([class*=elementor-widget-divider--view]) .elementor-divider-separator{width:100%;min-height:var(--divider-pattern-height);-webkit-mask-size:var(--divider-pattern-size) 100%;mask-size:var(--divider-pattern-size) 100%;-webkit-mask-repeat:var(--divider-pattern-repeat);mask-repeat:var(--divider-pattern-repeat);background-color:var(--divider-color);-webkit-mask-image:var(--divider-pattern-url);mask-image:var(--divider-pattern-url)}.elementor-widget-divider--no-spacing{--divider-pattern-size:auto}.elementor-widget-divider--bg-round{--divider-pattern-repeat:round}.rtl .elementor-widget-divider .elementor-divider__text{direction:rtl}.e-con-inner>.elementor-widget-divider,.e-con>.elementor-widget-divider{width:var(--container-widget-width,100%);--flex-grow:var(--container-widget-flex-grow)}<\/style>\n<figure>\n\t\t\t\t\t\t\t\t\t\t<img decoding=\"async\" width=\"224\" height=\"224\" src=\"https:\/\/generales.uprrp.edu\/afrodescendencia\/wp-content\/uploads\/sites\/27\/2022\/02\/Mairim.png\" alt=\"\" loading=\"lazy\" srcset=\"https:\/\/generales.uprrp.edu\/afrodescendencia\/wp-content\/uploads\/sites\/27\/2022\/02\/Mairim.png 224w, https:\/\/generales.uprrp.edu\/afrodescendencia\/wp-content\/uploads\/sites\/27\/2022\/02\/Mairim-150x150.png 150w\" sizes=\"auto, (max-width: 224px) 100vw, 224px\" \/><figcaption>Mairim Figueroa Gonz\u00e1lez<\/figcaption><\/figure>\n<ul>\n<li>\u00bfDesde cu\u00e1ndo forma parte?: Febrero de 2021<\/li>\n<li>Concentraci\u00f3n: Bachillerato en Ciencias Naturales con Concentraci\u00f3n en Ciencias de C\u00f3mputos<\/li>\n<li>Descripci\u00f3n de la labor realizada: Organizar el Google Drive del proyecto, asistir a la profesora Doris Qui\u00f1ones de cara al Congreso de Afrodescendencia y trabajar con la n\u00f3mina del estudiantado del programa de internado.<\/li>\n<li>Experiencia: \u201cMi experiencia con el programa de internado PEAR ha sido uno totalmente asombroso y enriquecedor. He estado ayudando a Mayra Santos y Darian Figueroa como asistente, ayudando con las n\u00f3minas de los estudiantes; archivando documentos importantes como cartas de apoyo, art\u00edculos, noticias que tratan acerca del programa o de afrodescendencia y lecturas de afrodescendencia; y haciendo tablas de contacto de extraordinarios e importantes profesionales que han ayudado con el proceso de crear este programa. En general, he estado manteniendo toda esta informaci\u00f3n y archivos organizados en una carpeta. Tambi\u00e9n, ayud\u00e9 a buscar informaci\u00f3n que hablara sobre este programa de Mayra Santos y la afrodescendencia, con \u00e9nfasis en Puerto Rico. Adem\u00e1s, me asignaron para asistir a la Dra. Doris Qui\u00f1ones en cuanto al Congreso de Afrodescendencia que se va a llevar a cabo en noviembre del 2021. Gracias a todo esto, he aprendido acerca de la comunidad afro en la isla y de personas superimportantes que han ayudado y\/o hecho trabajos notables para ayudar a esta comunidad. Adem\u00e1s, he conocido mis ra\u00edces y problemas que ocurren d\u00eda a d\u00eda y que no hab\u00eda reconocido en Puerto Rico. En fin, me han inspirado a seguir instruy\u00e9ndome en la afrodescendencia, mis ra\u00edces, entre otros movimientos que han sido un legado muy significativo para la juventud de hoy d\u00eda\u201d.<\/li>\n<\/ul>\n<figure>\n\t\t\t\t\t\t\t\t\t\t<img decoding=\"async\" width=\"243\" height=\"243\" src=\"https:\/\/generales.uprrp.edu\/afrodescendencia\/wp-content\/uploads\/sites\/27\/2022\/02\/Melly.png\" alt=\"\" loading=\"lazy\" srcset=\"https:\/\/generales.uprrp.edu\/afrodescendencia\/wp-content\/uploads\/sites\/27\/2022\/02\/Melly.png 243w, https:\/\/generales.uprrp.edu\/afrodescendencia\/wp-content\/uploads\/sites\/27\/2022\/02\/Melly-150x150.png 150w\" sizes=\"auto, (max-width: 243px) 100vw, 243px\" \/><figcaption>Melly Ann Maldonado Negr\u00f3n<\/figcaption><\/figure>\n<ul>\n<li>\u00bfDesde cu\u00e1ndo forma parte?: Junio de 2021<\/li>\n<li>Concentraci\u00f3n: Bachillerato en Artes en Ciencias Sociales con Concentraci\u00f3n en Antropolog\u00eda Sociocultural y una segunda Concentraci\u00f3n en Historia de las Am\u00e9ricas<\/li>\n<li>Descripci\u00f3n de la labor realizada: Asistir en el desarrollo de una campa\u00f1a de comunicaciones al contactar organizaciones sociales; coordinar entrevistas; y desarrollar ideas para expandir y dar a conocer el programa al orientar sobre cursos y el proyecto. Adem\u00e1s, asistir en el archivo de documentos, escritos y eventos de importancia para el programa. Tambi\u00e9n, asistir al profesor Pablo Lu\u00eds en la transcripci\u00f3n de entrevistas.<\/li>\n<li>Experiencia: \u201cFormar parte de un proyecto pionero que busca educar y visibilizar sobre el tema de la raza y la negritud en Puerto Rico ha sido una experiencia enriquecedora. He tenido la oportunidad de desarrollar nuevas habilidades, conocer a distintas personas que me han ayudado a comprender en mayor escala el problema racial que existe en el archipi\u00e9lago y cu\u00e1n fundamental es la representaci\u00f3n y educaci\u00f3n en espacios dominados mayormente por personas blancas. He tenido la oportunidad de entender cu\u00e1n importante es conocer sobre la cultura e historia de la herencia que gritamos tener, pero al final, muy pocos realmente conocemos. Estoy sumamente agradecida por la oportunidad de formar parte de tan incre\u00edble proyecto\u201d.<\/li>\n<\/ul>\n<figure>\n\t\t\t\t\t\t\t\t\t\t<img decoding=\"async\" width=\"247\" height=\"247\" src=\"https:\/\/generales.uprrp.edu\/afrodescendencia\/wp-content\/uploads\/sites\/27\/2022\/02\/Imaida.png\" alt=\"\" loading=\"lazy\" srcset=\"https:\/\/generales.uprrp.edu\/afrodescendencia\/wp-content\/uploads\/sites\/27\/2022\/02\/Imaida.png 247w, https:\/\/generales.uprrp.edu\/afrodescendencia\/wp-content\/uploads\/sites\/27\/2022\/02\/Imaida-150x150.png 150w\" sizes=\"auto, (max-width: 247px) 100vw, 247px\" \/><figcaption>Imaida Dur\u00e1n<\/figcaption><\/figure>\n<ul>\n<li>\u00bfDesde cu\u00e1ndo forma parte?: Junio de 2021.<\/li>\n<li>Concentraci\u00f3n: Bachillerato en Artes en Ciencias Sociales con Concentraci\u00f3n en Sociolog\u00eda<\/li>\n<li>Descripci\u00f3n de la labor realizada: Asistir en la organizaci\u00f3n del Drive del programa y la promoci\u00f3n de los cursos y ayudar a la Dra. Mayra Santos Febres en la coordinaci\u00f3n de sus eventos. Tambi\u00e9n ha asistido a la Dra. Doris Qui\u00f1ones Hern\u00e1ndez en la organizaci\u00f3n del Congreso de Afrodescendencia.<\/li>\n<li>Experiencia: \u201cDurante el tiempo que llevo participando del programa me he percatado cu\u00e1n urgente es la necesidad de visibilizar los espacios y el trabajo de las personas afrodescendientes y negrxs en Puerto Rico. Al hacer trabajo antirracista me siento en comunidad con lxs compa\u00f1erxs del programa. Este programa me ha ayudado a expandir las posibilidades de lo que har\u00e9 m\u00e1s adelante en mi carrera. Estoy extremadamente agradecida por la oportunidad que se me ha dado de poder formar parte de este equipo\u201d.<\/li>\n<\/ul>\n<figure>\n\t\t\t\t\t\t\t\t\t\t<img decoding=\"async\" width=\"245\" height=\"245\" src=\"https:\/\/generales.uprrp.edu\/afrodescendencia\/wp-content\/uploads\/sites\/27\/2022\/02\/Kassandra.png\" alt=\"\" loading=\"lazy\" srcset=\"https:\/\/generales.uprrp.edu\/afrodescendencia\/wp-content\/uploads\/sites\/27\/2022\/02\/Kassandra.png 245w, https:\/\/generales.uprrp.edu\/afrodescendencia\/wp-content\/uploads\/sites\/27\/2022\/02\/Kassandra-150x150.png 150w\" sizes=\"auto, (max-width: 245px) 100vw, 245px\" \/><figcaption>Kassandra Paola Senci\u00f3n Cintr\u00f3n<\/figcaption><\/figure>\n<ul>\n<li>\u00bfDesde cu\u00e1ndo forma parte?: Junio de 2021<\/li>\n<li>Concentraci\u00f3n: Bachillerato en Artes de la Comunicaci\u00f3n con Concentraci\u00f3n en Informaci\u00f3n y Periodismo y una segunda concentraci\u00f3n en Artes en Ciencias Sociales con Concentraci\u00f3n en Ciencia Pol\u00edtica<\/li>\n<li>Descripci\u00f3n de la labor realizada: Asistir en la promoci\u00f3n de cursos, crear contenido para las redes sociales, atender el correo electr\u00f3nico del programa, trabajar la parte de prensa, asistir en la creaci\u00f3n de la p\u00e1gina web y asistir al profesor Pablo Luis Rivera Rivera.<\/li>\n<li>Experiencia: \u201cMe llena de alegr\u00eda ver que por fin esto est\u00e1 sucediendo en Puerto Rico, en mi recinto de R\u00edo Piedras de la UPR. Me ha encantado compartir con otras personas por un fin com\u00fan que apela a la equidad en nuestra sociedad. He puesto en pr\u00e1ctica lo aprendido en estos a\u00f1os de bachillerato, aparte de que he explorado \u00e1reas que no conoc\u00eda que dominaba. Lo m\u00e1s que deseo es que se cumpla el prop\u00f3sito del programa, as\u00ed que aqu\u00ed estar\u00e9 para ver que eso se haga realidad\u201d.<\/li>\n<\/ul>\n","protected":false},"excerpt":{"rendered":"<p>Ana Teresa Sol\u00e1 Rivi\u00e8re \u00bfPor cu\u00e1nto tiempo form\u00f3 parte? Enero a mayo de 2021 Concentraci\u00f3n: Bachillerato en Estudios Interdisciplinarios con Concentraci\u00f3n en Escritura Creativa Breve descripci\u00f3n de la labor realizada: Desarrollo de contenido y dise\u00f1os gr\u00e1ficos, investigar datos hist\u00f3ricos para la base de datos y editar guiones para la serie documental \u201cAfrodescendencia\u201d en el canal<\/p>\n","protected":false},"author":11,"featured_media":0,"parent":0,"menu_order":0,"comment_status":"closed","ping_status":"closed","template":"","meta":{"footnotes":""},"class_list":["post-246","page","type-page","status-publish"],"_links":{"self":[{"href":"https:\/\/generales.uprrp.edu\/afrodescendencia\/wp-json\/wp\/v2\/pages\/246","targetHints":{"allow":["GET"]}}],"collection":[{"href":"https:\/\/generales.uprrp.edu\/afrodescendencia\/wp-json\/wp\/v2\/pages"}],"about":[{"href":"https:\/\/generales.uprrp.edu\/afrodescendencia\/wp-json\/wp\/v2\/types\/page"}],"author":[{"embeddable":true,"href":"https:\/\/generales.uprrp.edu\/afrodescendencia\/wp-json\/wp\/v2\/users\/11"}],"replies":[{"embeddable":true,"href":"https:\/\/generales.uprrp.edu\/afrodescendencia\/wp-json\/wp\/v2\/comments?post=246"}],"version-history":[{"count":8,"href":"https:\/\/generales.uprrp.edu\/afrodescendencia\/wp-json\/wp\/v2\/pages\/246\/revisions"}],"predecessor-version":[{"id":422,"href":"https:\/\/generales.uprrp.edu\/afrodescendencia\/wp-json\/wp\/v2\/pages\/246\/revisions\/422"}],"wp:attachment":[{"href":"https:\/\/generales.uprrp.edu\/afrodescendencia\/wp-json\/wp\/v2\/media?parent=246"}],"curies":[{"name":"wp","href":"https:\/\/api.w.org\/{rel}","templated":true}]}}