{"id":214,"date":"2022-02-25T15:55:02","date_gmt":"2022-02-25T15:55:02","guid":{"rendered":"https:\/\/generales.uprrp.edu\/afrodescendencia\/?page_id=214"},"modified":"2023-05-31T19:52:14","modified_gmt":"2023-05-31T19:52:14","slug":"internos-actuales","status":"publish","type":"page","link":"https:\/\/generales.uprrp.edu\/afrodescendencia\/internos-actuales\/","title":{"rendered":"Internos actuales"},"content":{"rendered":"<style>\/*! elementor - v3.13.3 - 28-05-2023 *\/\n.elementor-widget-image{text-align:center}.elementor-widget-image a{display:inline-block}.elementor-widget-image a img[src$=\".svg\"]{width:48px}.elementor-widget-image img{vertical-align:middle;display:inline-block}<\/style>\n<p>\t\t\t\t\t\t\t\t\t\t\t\t<img decoding=\"async\" width=\"381\" height=\"381\" src=\"https:\/\/generales.uprrp.edu\/afrodescendencia\/wp-content\/uploads\/sites\/27\/2023\/05\/Joniel.png\" alt=\"\" loading=\"lazy\" srcset=\"https:\/\/generales.uprrp.edu\/afrodescendencia\/wp-content\/uploads\/sites\/27\/2023\/05\/Joniel.png 381w, https:\/\/generales.uprrp.edu\/afrodescendencia\/wp-content\/uploads\/sites\/27\/2023\/05\/Joniel-300x300.png 300w, https:\/\/generales.uprrp.edu\/afrodescendencia\/wp-content\/uploads\/sites\/27\/2023\/05\/Joniel-150x150.png 150w\" sizes=\"auto, (max-width: 381px) 100vw, 381px\" \/>\t\t\t\t\t\t\t\t\t\t\t\t\t\t\t<\/p>\n<ul>\n<li><strong>\u00bfDesde cu\u00e1ndo forma parte?<\/strong>: febrero de 2021<\/li>\n<li><strong>Concentraci\u00f3n<\/strong>: Bachillerato en Artes en Ciencias Sociales con Concentraci\u00f3n en Psicolog\u00eda, una segunda concentraci\u00f3n en Estudios Puertorrique\u00f1os y una Concentraci\u00f3n Menor en Estudios de Mujer y G\u00e9nero<\/li>\n<li><strong>Breve descripci\u00f3n de la labor realizada<\/strong>: Ayuda en desarrollo de prontuarios para clases y creaci\u00f3n de una base de datos con recursos bibliogr\u00e1ficos.<\/li>\n<li><strong>Experiencia<\/strong>: \u201cMi experiencia ha sido fascinante. M\u00e1s all\u00e1 de trabajar, he aprendido. Tal y como si estuviera estudiando, todos los d\u00edas adopto nuevas herramientas y conocimientos que aplico a mi cotidianidad\u201d.<\/li>\n<\/ul>\n<style>\/*! elementor - v3.13.3 - 28-05-2023 *\/\n.elementor-widget-divider{--divider-border-style:none;--divider-border-width:1px;--divider-color:#0c0d0e;--divider-icon-size:20px;--divider-element-spacing:10px;--divider-pattern-height:24px;--divider-pattern-size:20px;--divider-pattern-url:none;--divider-pattern-repeat:repeat-x}.elementor-widget-divider .elementor-divider{display:flex}.elementor-widget-divider .elementor-divider__text{font-size:15px;line-height:1;max-width:95%}.elementor-widget-divider .elementor-divider__element{margin:0 var(--divider-element-spacing);flex-shrink:0}.elementor-widget-divider .elementor-icon{font-size:var(--divider-icon-size)}.elementor-widget-divider .elementor-divider-separator{display:flex;margin:0;direction:ltr}.elementor-widget-divider--view-line_icon .elementor-divider-separator,.elementor-widget-divider--view-line_text .elementor-divider-separator{align-items:center}.elementor-widget-divider--view-line_icon .elementor-divider-separator:after,.elementor-widget-divider--view-line_icon .elementor-divider-separator:before,.elementor-widget-divider--view-line_text .elementor-divider-separator:after,.elementor-widget-divider--view-line_text .elementor-divider-separator:before{display:block;content:\"\";border-bottom:0;flex-grow:1;border-top:var(--divider-border-width) var(--divider-border-style) var(--divider-color)}.elementor-widget-divider--element-align-left .elementor-divider .elementor-divider-separator>.elementor-divider__svg:first-of-type{flex-grow:0;flex-shrink:100}.elementor-widget-divider--element-align-left .elementor-divider-separator:before{content:none}.elementor-widget-divider--element-align-left .elementor-divider__element{margin-left:0}.elementor-widget-divider--element-align-right .elementor-divider .elementor-divider-separator>.elementor-divider__svg:last-of-type{flex-grow:0;flex-shrink:100}.elementor-widget-divider--element-align-right .elementor-divider-separator:after{content:none}.elementor-widget-divider--element-align-right .elementor-divider__element{margin-right:0}.elementor-widget-divider:not(.elementor-widget-divider--view-line_text):not(.elementor-widget-divider--view-line_icon) .elementor-divider-separator{border-top:var(--divider-border-width) var(--divider-border-style) var(--divider-color)}.elementor-widget-divider--separator-type-pattern{--divider-border-style:none}.elementor-widget-divider--separator-type-pattern.elementor-widget-divider--view-line .elementor-divider-separator,.elementor-widget-divider--separator-type-pattern:not(.elementor-widget-divider--view-line) .elementor-divider-separator:after,.elementor-widget-divider--separator-type-pattern:not(.elementor-widget-divider--view-line) .elementor-divider-separator:before,.elementor-widget-divider--separator-type-pattern:not([class*=elementor-widget-divider--view]) .elementor-divider-separator{width:100%;min-height:var(--divider-pattern-height);-webkit-mask-size:var(--divider-pattern-size) 100%;mask-size:var(--divider-pattern-size) 100%;-webkit-mask-repeat:var(--divider-pattern-repeat);mask-repeat:var(--divider-pattern-repeat);background-color:var(--divider-color);-webkit-mask-image:var(--divider-pattern-url);mask-image:var(--divider-pattern-url)}.elementor-widget-divider--no-spacing{--divider-pattern-size:auto}.elementor-widget-divider--bg-round{--divider-pattern-repeat:round}.rtl .elementor-widget-divider .elementor-divider__text{direction:rtl}.e-con-inner>.elementor-widget-divider,.e-con>.elementor-widget-divider{width:var(--container-widget-width,100%);--flex-grow:var(--container-widget-flex-grow)}<\/style>\n<p>\t\t\t\t\t\t\t\t\t\t\t\t\t\t\t<img decoding=\"async\" width=\"379\" height=\"381\" src=\"https:\/\/generales.uprrp.edu\/afrodescendencia\/wp-content\/uploads\/sites\/27\/2023\/05\/Ambar.png\" alt=\"\" loading=\"lazy\" srcset=\"https:\/\/generales.uprrp.edu\/afrodescendencia\/wp-content\/uploads\/sites\/27\/2023\/05\/Ambar.png 379w, https:\/\/generales.uprrp.edu\/afrodescendencia\/wp-content\/uploads\/sites\/27\/2023\/05\/Ambar-298x300.png 298w, https:\/\/generales.uprrp.edu\/afrodescendencia\/wp-content\/uploads\/sites\/27\/2023\/05\/Ambar-150x151.png 150w\" sizes=\"auto, (max-width: 379px) 100vw, 379px\" \/>\t\t\t\t\t\t\t\t\t\t\t\t\t\t\t<\/p>\n<ul>\n<li><strong>\u00bfDesde cu\u00e1ndo forma parte?<\/strong>: agosto 2021<\/li>\n<li><strong>Concentraci\u00f3n<\/strong>: Bachillerato en Ciencias Naturales con concentraci\u00f3n en Qu\u00edmica, con una concentraci\u00f3n menor en Humanidades M\u00e9dicas y de la Salud.<\/li>\n<li><strong>Breve descripci\u00f3n de labores realizadas<\/strong>: Asistente de investigaci\u00f3n.<\/li>\n<li><strong>Experiencia<\/strong>: \u00a1Mi experiencia en el internado ha sido espectacular! La profesora Godreau y yo tenemos una buena din\u00e1mica en nuestras reuniones y con las labores realizadas. Por el momento ayudo a la profesora modificar un prontuario de sus clases previas, busco lecturas alternas en espa\u00f1ol que sean de los temas de los cursos en desarrollo.<\/li>\n<\/ul>\n<p>\t\t\t\t\t\t\t\t\t\t\t\t\t\t\t<img decoding=\"async\" width=\"379\" height=\"381\" src=\"https:\/\/generales.uprrp.edu\/afrodescendencia\/wp-content\/uploads\/sites\/27\/2023\/05\/Jean.png\" alt=\"\" loading=\"lazy\" srcset=\"https:\/\/generales.uprrp.edu\/afrodescendencia\/wp-content\/uploads\/sites\/27\/2023\/05\/Jean.png 379w, https:\/\/generales.uprrp.edu\/afrodescendencia\/wp-content\/uploads\/sites\/27\/2023\/05\/Jean-298x300.png 298w, https:\/\/generales.uprrp.edu\/afrodescendencia\/wp-content\/uploads\/sites\/27\/2023\/05\/Jean-150x151.png 150w\" sizes=\"auto, (max-width: 379px) 100vw, 379px\" \/>\t\t\t\t\t\t\t\t\t\t\t\t\t\t\t<\/p>\n<ul>\n<li><strong>\u00bfDesde cu\u00e1ndo forma parte?<\/strong>: septiembre 2021<\/li>\n<li><strong>Concentraci\u00f3n<\/strong>: Bachillerato en artes en Ciencias Sociales con concentraci\u00f3n en Ciencias Sociales General con \u00e9nfasis en Estudios de Am\u00e9rica Latina y el Caribe con una segunda concentraci\u00f3n en Historia de la Facultad de Humanidades.\u00a0<\/li>\n<li><strong>Breve descripci\u00f3n de la labor realizada<\/strong>: Crear inventario de documentaci\u00f3n con la intenci\u00f3n de aportar al desarrollo de estudios culturales en Afrosanaci\u00f3n y Afrovisibilizaci\u00f3n. Adem\u00e1s, identificar textos acad\u00e9micos e informativos con base antirracista e identificar contribuciones afro a diferentes \u00e1reas del conocimiento.<\/li>\n<li><strong>Experiencia<\/strong>: Solicitar a PRAFRO y comenzar mis labores como Interno en el programa, m\u00e1s all\u00e1 de sumar a mis experiencias profesionales, me ha permitido reafirmar la legitimidad de mi presencia en espacios acad\u00e9micos. A\u00fan queda mucho por hacer, y queda a\u00fan mucho m\u00e1s por afroreclamar. No obstante, es para m\u00ed un honor poder ser parte de los esfuerzos que construyen camino a eso que necesitamos.<\/li>\n<\/ul>\n<p>\t\t\t\t\t\t\t\t\t\t\t\t\t\t\t<img decoding=\"async\" width=\"379\" height=\"377\" src=\"https:\/\/generales.uprrp.edu\/afrodescendencia\/wp-content\/uploads\/sites\/27\/2023\/05\/Erwin.png\" alt=\"\" loading=\"lazy\" srcset=\"https:\/\/generales.uprrp.edu\/afrodescendencia\/wp-content\/uploads\/sites\/27\/2023\/05\/Erwin.png 379w, https:\/\/generales.uprrp.edu\/afrodescendencia\/wp-content\/uploads\/sites\/27\/2023\/05\/Erwin-300x298.png 300w, https:\/\/generales.uprrp.edu\/afrodescendencia\/wp-content\/uploads\/sites\/27\/2023\/05\/Erwin-150x149.png 150w\" sizes=\"auto, (max-width: 379px) 100vw, 379px\" \/>\t\t\t\t\t\t\t\t\t\t\t\t\t\t\t<\/p>\n<ul>\n<li><strong>\u00bfDesde cu\u00e1ndo forma parte?<\/strong>: junio 2022<\/li>\n<li><strong>Concentraci\u00f3n<\/strong>: Bachillerato en artes de la Comunicaci\u00f3n con concentraci\u00f3n en Informaci\u00f3n y Periodismo con una segunda concentraci\u00f3n en Comunicaci\u00f3n Audiovisual.<\/li>\n<li><strong>Breve descripci\u00f3n de la labor realizada<\/strong>: Me encargo de publicar contenidos educativos y de inter\u00e9s en las redes sociales del proyecto. Tambi\u00e9n, hago entrevistas y edito videos.<\/li>\n<li><strong>Experiencia<\/strong>: Mi experiencia trabajando en PRAFRO ha sido excelente. Me ha abierto las puertas para conocer nuevas personas y diferentes \u00e1ngulos. Tambi\u00e9n ha sido un reto y un aprendizaje el dirigir las redes sociales de una organizaci\u00f3n. El programa es un lugar lleno de personajes talentosos y de buenas amistades. Volver\u00eda a trabajar aqu\u00ed las veces que fuera y recomiendo a las personas a participar de la misma.<\/li>\n<\/ul>\n<p>\t\t\t\t\t\t\t\t\t\t\t\t\t\t\t<img decoding=\"async\" width=\"379\" height=\"377\" src=\"https:\/\/generales.uprrp.edu\/afrodescendencia\/wp-content\/uploads\/sites\/27\/2023\/05\/Crystal.png\" alt=\"\" loading=\"lazy\" srcset=\"https:\/\/generales.uprrp.edu\/afrodescendencia\/wp-content\/uploads\/sites\/27\/2023\/05\/Crystal.png 379w, https:\/\/generales.uprrp.edu\/afrodescendencia\/wp-content\/uploads\/sites\/27\/2023\/05\/Crystal-300x298.png 300w, https:\/\/generales.uprrp.edu\/afrodescendencia\/wp-content\/uploads\/sites\/27\/2023\/05\/Crystal-150x149.png 150w\" sizes=\"auto, (max-width: 379px) 100vw, 379px\" \/>\t\t\t\t\t\t\t\t\t\t\t\t\t\t\t<\/p>\n<ul>\n<li><strong>\u00bfDesde cu\u00e1ndo forma parte?<\/strong>: agosto 2022<\/li>\n<li><strong>Concentraci\u00f3n<\/strong>: Bachillerato en Ciencias Sociales con concentraci\u00f3n en Relaciones Laborales<\/li>\n<li><strong>Breve descripci\u00f3n de labores realizadas<\/strong>: Asistente administrativa<\/li>\n<\/ul>\n<p>\t\t\t\t\t\t\t\t\t\t\t\t\t\t\t<img decoding=\"async\" width=\"377\" height=\"377\" src=\"https:\/\/generales.uprrp.edu\/afrodescendencia\/wp-content\/uploads\/sites\/27\/2023\/05\/Gianna.png\" alt=\"\" loading=\"lazy\" srcset=\"https:\/\/generales.uprrp.edu\/afrodescendencia\/wp-content\/uploads\/sites\/27\/2023\/05\/Gianna.png 377w, https:\/\/generales.uprrp.edu\/afrodescendencia\/wp-content\/uploads\/sites\/27\/2023\/05\/Gianna-300x300.png 300w, https:\/\/generales.uprrp.edu\/afrodescendencia\/wp-content\/uploads\/sites\/27\/2023\/05\/Gianna-150x150.png 150w\" sizes=\"auto, (max-width: 377px) 100vw, 377px\" \/>\t\t\t\t\t\t\t\t\t\t\t\t\t\t\t<\/p>\n<ul>\n<li><strong>\u00bfDesde cu\u00e1ndo forma parte?<\/strong>: agosto 2022<\/li>\n<li><strong>Concentraci\u00f3n<\/strong>: Bachillerato en Artes de la Comunicaci\u00f3n con concentraci\u00f3n en Comunicaci\u00f3n Audiovisual y una segunda concentraci\u00f3n en Drama<\/li>\n<li><strong>Breve descripci\u00f3n de labores realizadas<\/strong>: Actualmente me encargo de organizar las diferentes carpetas digitales de contenido, ayudar en la creaci\u00f3n de contenido y en el \u00e1rea de las comunicaciones.<\/li>\n<li><strong>Experiencia<\/strong>: Trabajar para el programa ha sido una experiencia enriquecedora. He podido comenzar a ejercer lo que ser\u00e1 mi futura profesi\u00f3n, al igual que he tenido la oportunidad de explorar diferentes \u00e1reas del \u00e1mbito laboral.<\/li>\n<\/ul>\n<p>\t\t\t\t\t\t\t\t\t\t\t\t\t\t\t<img decoding=\"async\" width=\"377\" height=\"377\" src=\"https:\/\/generales.uprrp.edu\/afrodescendencia\/wp-content\/uploads\/sites\/27\/2023\/05\/Jose\u0301-1.png\" alt=\"\" loading=\"lazy\" srcset=\"https:\/\/generales.uprrp.edu\/afrodescendencia\/wp-content\/uploads\/sites\/27\/2023\/05\/Jose\u0301-1.png 377w, https:\/\/generales.uprrp.edu\/afrodescendencia\/wp-content\/uploads\/sites\/27\/2023\/05\/Jose\u0301-1-300x300.png 300w, https:\/\/generales.uprrp.edu\/afrodescendencia\/wp-content\/uploads\/sites\/27\/2023\/05\/Jose\u0301-1-150x150.png 150w\" sizes=\"auto, (max-width: 377px) 100vw, 377px\" \/>\t\t\t\t\t\t\t\t\t\t\t\t\t\t\t<\/p>\n<ul>\n<li><strong>\u00bfDesde cu\u00e1ndo forma parte?<\/strong>: agosto 2022<\/li>\n<li><strong>Concentraci\u00f3n<\/strong>: Maestr\u00eda en Administraci\u00f3n de Empresas<\/li>\n<li><strong>Breve descripci\u00f3n de labores realizadas<\/strong>: Asistente Administrativo<\/li>\n<\/ul>\n<p>\t\t\t\t\t\t\t\t\t\t\t\t\t\t\t<img decoding=\"async\" width=\"379\" height=\"379\" src=\"https:\/\/generales.uprrp.edu\/afrodescendencia\/wp-content\/uploads\/sites\/27\/2023\/05\/Jeremy.png\" alt=\"\" loading=\"lazy\" srcset=\"https:\/\/generales.uprrp.edu\/afrodescendencia\/wp-content\/uploads\/sites\/27\/2023\/05\/Jeremy.png 379w, https:\/\/generales.uprrp.edu\/afrodescendencia\/wp-content\/uploads\/sites\/27\/2023\/05\/Jeremy-300x300.png 300w, https:\/\/generales.uprrp.edu\/afrodescendencia\/wp-content\/uploads\/sites\/27\/2023\/05\/Jeremy-150x150.png 150w\" sizes=\"auto, (max-width: 379px) 100vw, 379px\" \/>\t\t\t\t\t\t\t\t\t\t\t\t\t\t\t<\/p>\n<ul>\n<li><strong>\u00bfDesde cu\u00e1ndo forma parte?<\/strong>: enero 2023<\/li>\n<li><strong>Concentraci\u00f3n<\/strong>: Bachillerato en artes de la Comunicaci\u00f3n con concentraci\u00f3n en Informaci\u00f3n y Periodismo, y una concentraci\u00f3n menor en Estudios de Mujer y G\u00e9nero.<\/li>\n<li><strong>Breve descripci\u00f3n de labores realizadas<\/strong>: Me encargo del manejo de las redes sociales y la identidad de las redes sociales del programa y de crear visuales para publicarse con material educativo.<\/li>\n<li><strong>Experiencia<\/strong>: Tener la oportunidad de trabajar en el Programa de Afrodescendencia me ha permitido conocer y familiarizarme a\u00fan m\u00e1s con el trabajo antirracista de personas afropuertorrique\u00f1as y de otras partes del mundo. D\u00e1ndome el espacio para crecer profesional y acad\u00e9micamente mientras apoyo esfuerzos por un Puerto Rico antirracista al mismo tiempo.<\/li>\n<\/ul>\n","protected":false},"excerpt":{"rendered":"<p>\u00bfDesde cu\u00e1ndo forma parte?: febrero de 2021 Concentraci\u00f3n: Bachillerato en Artes en Ciencias Sociales con Concentraci\u00f3n en Psicolog\u00eda, una segunda concentraci\u00f3n en Estudios Puertorrique\u00f1os y una Concentraci\u00f3n Menor en Estudios de Mujer y G\u00e9nero Breve descripci\u00f3n de la labor realizada: Ayuda en desarrollo de prontuarios para clases y creaci\u00f3n de una base de datos con<\/p>\n","protected":false},"author":11,"featured_media":0,"parent":0,"menu_order":0,"comment_status":"closed","ping_status":"closed","template":"","meta":{"footnotes":""},"class_list":["post-214","page","type-page","status-publish"],"_links":{"self":[{"href":"https:\/\/generales.uprrp.edu\/afrodescendencia\/wp-json\/wp\/v2\/pages\/214","targetHints":{"allow":["GET"]}}],"collection":[{"href":"https:\/\/generales.uprrp.edu\/afrodescendencia\/wp-json\/wp\/v2\/pages"}],"about":[{"href":"https:\/\/generales.uprrp.edu\/afrodescendencia\/wp-json\/wp\/v2\/types\/page"}],"author":[{"embeddable":true,"href":"https:\/\/generales.uprrp.edu\/afrodescendencia\/wp-json\/wp\/v2\/users\/11"}],"replies":[{"embeddable":true,"href":"https:\/\/generales.uprrp.edu\/afrodescendencia\/wp-json\/wp\/v2\/comments?post=214"}],"version-history":[{"count":23,"href":"https:\/\/generales.uprrp.edu\/afrodescendencia\/wp-json\/wp\/v2\/pages\/214\/revisions"}],"predecessor-version":[{"id":433,"href":"https:\/\/generales.uprrp.edu\/afrodescendencia\/wp-json\/wp\/v2\/pages\/214\/revisions\/433"}],"wp:attachment":[{"href":"https:\/\/generales.uprrp.edu\/afrodescendencia\/wp-json\/wp\/v2\/media?parent=214"}],"curies":[{"name":"wp","href":"https:\/\/api.w.org\/{rel}","templated":true}]}}