{"id":2,"date":"2022-01-28T18:01:09","date_gmt":"2022-01-28T18:01:09","guid":{"rendered":"https:\/\/generales.uprrp.edu\/afrodescendencia\/?page_id=2"},"modified":"2025-05-13T16:15:28","modified_gmt":"2025-05-13T16:15:28","slug":"sample-page","status":"publish","type":"page","link":"https:\/\/generales.uprrp.edu\/afrodescendencia\/","title":{"rendered":"Centro de Investigaci\u00f3n y Archivo Virtual PRAFRO"},"content":{"rendered":"<p>Desde el 2014, el Grupo de Estudios Transdisciplinarios en Afrodescendencia en Puerto Rico, con sede en el Departamento de Ciencias Sociales de la Facultad de Estudios Generales de la Universidad de Puerto Rico &#8211; Recinto de R\u00edo Piedras (UPRRP), llev\u00f3 a cabo reuniones para presentar una concentraci\u00f3n menor en Afrodescendencia.\u00a0En el colectivo participan profesores de Ciencias Sociales, Humanidades, Educaci\u00f3n y Administraci\u00f3n de Empresas. La propuesta fue presentada por la Dra. Doris G. Qui\u00f1ones Hern\u00e1ndez y aprobada por el Comit\u00e9 de Asuntos Acad\u00e9micos de la Facultad el 8 de octubre de 2020. Se encuentra en v\u00edas de someterse al Decanato de Asuntos Acad\u00e9micos, el cual har\u00e1 una evaluaci\u00f3n previa a su env\u00edo al Senado Acad\u00e9mico del Recinto.<\/p>\n<p>La Dra. Mayra Santos-Febres se integra a esta iniciativa acad\u00e9mica, como investigadora principal, mediante la asignaci\u00f3n de fondos externos a trav\u00e9s de la Andrew Mellon Foundation (2021-2023). Dicha propuesta subvenciona las investigaciones de 20 acad\u00e9micos y 21 estudiantes internos; ofrece dos puestos posdoctorales (2022 y 2023); y apoya la celebraci\u00f3n del congreso de afrodescendencia por tres a\u00f1os consecutivos, del 2021 al 2023.<\/p>\n<style>\/*! elementor - v3.13.3 - 28-05-2023 *\/<br \/>.elementor-widget-image{text-align:center}.elementor-widget-image a{display:inline-block}.elementor-widget-image a img[src$=\".svg\"]{width:48px}.elementor-widget-image img{vertical-align:middle;display:inline-block}<\/style>\n<figure><a href=\"https:\/\/es.unesco.org\/commemorations\/africanafrodescendantculture\" target=\"_blank\" rel=\"noopener\"><br \/>\n<img loading=\"lazy\" decoding=\"async\" class=\"aligncenter\" src=\"https:\/\/generales.uprrp.edu\/afrodescendencia\/wp-content\/uploads\/sites\/27\/2022\/02\/UNESCO.png\" sizes=\"auto, (max-width: 620px) 100vw, 620px\" srcset=\"https:\/\/generales.uprrp.edu\/afrodescendencia\/wp-content\/uploads\/sites\/27\/2022\/02\/UNESCO.png 620w, https:\/\/generales.uprrp.edu\/afrodescendencia\/wp-content\/uploads\/sites\/27\/2022\/02\/UNESCO-300x111.png 300w, https:\/\/generales.uprrp.edu\/afrodescendencia\/wp-content\/uploads\/sites\/27\/2022\/02\/UNESCO-150x55.png 150w, https:\/\/generales.uprrp.edu\/afrodescendencia\/wp-content\/uploads\/sites\/27\/2022\/02\/UNESCO-450x166.png 450w\" alt=\"\" width=\"620\" height=\"229\" \/> <\/a><figcaption>Fuente de imagen: UNESCO<\/figcaption><\/figure>\n<figure><a href=\"https:\/\/www.uprrp.edu\/2018\/10\/la-afrodescendencia-en-puerto-rico-un-tema-de-absoluta-vigencia\/\" target=\"_blank\" rel=\"noopener\"><br \/>\n<img loading=\"lazy\" decoding=\"async\" class=\"aligncenter\" src=\"https:\/\/generales.uprrp.edu\/afrodescendencia\/wp-content\/uploads\/sites\/27\/2022\/02\/Afrofe\u0301minas.png\" sizes=\"auto, (max-width: 664px) 100vw, 664px\" srcset=\"https:\/\/generales.uprrp.edu\/afrodescendencia\/wp-content\/uploads\/sites\/27\/2022\/02\/Afrofe\u0301minas.png 664w, https:\/\/generales.uprrp.edu\/afrodescendencia\/wp-content\/uploads\/sites\/27\/2022\/02\/Afrofe\u0301minas-300x111.png 300w, https:\/\/generales.uprrp.edu\/afrodescendencia\/wp-content\/uploads\/sites\/27\/2022\/02\/Afrofe\u0301minas-150x55.png 150w, https:\/\/generales.uprrp.edu\/afrodescendencia\/wp-content\/uploads\/sites\/27\/2022\/02\/Afrofe\u0301minas-450x166.png 450w\" alt=\"\" width=\"664\" height=\"245\" \/> <\/a><figcaption>Fuente de imagen: UPRRP<\/figcaption><\/figure>\n<figure><a href=\"https:\/\/afrofeminas.com\/2015\/01\/07\/afrodescendiente-o-negra-esther-g-pineda\/\" target=\"_blank\" rel=\"noopener\"><br \/>\n<img decoding=\"async\" class=\"aligncenter\" title=\"corredor afro\" src=\"https:\/\/generales.uprrp.edu\/afrodescendencia\/wp-content\/uploads\/sites\/27\/elementor\/thumbs\/corredor-afro-pkzviccxmamh39s49tqn33ub9a3xemurzzquhl7vdm.png\" alt=\"corredor afro\" \/> <\/a><figcaption>Fuente de imagen: Afrof\u00e9minas<\/figcaption><\/figure>\n<figure><a href=\"https:\/\/www.revistaetnica.com\/blogs\/news\/negro-a-x-exhibicion-inaugural-del-corredor-afro-span\" target=\"_blank\" rel=\"noopener\"><br \/>\n<img decoding=\"async\" class=\"aligncenter\" title=\"Afrofe\u0301minas2\" src=\"https:\/\/generales.uprrp.edu\/afrodescendencia\/wp-content\/uploads\/sites\/27\/elementor\/thumbs\/Afrofe\u0301minas2-pkzviah73vq9urlw3zgk8mpsp36llqxqro0pd6fmj4.png\" alt=\"Afrofe\u0301minas2\" \/> <\/a><figcaption>Fuente de imagen: Revista \u00c9tnica<\/figcaption><\/figure>\n<figure><a href=\"https:\/\/afrofeminas.com\/2019\/01\/28\/celestina-cordero-una-maestra-negra-puertorriquena-en-la-epoca-de-la-esclavitud\/\" target=\"_blank\" rel=\"noopener\"><br \/>\n<img decoding=\"async\" class=\"aligncenter\" title=\"Celestina\" src=\"https:\/\/generales.uprrp.edu\/afrodescendencia\/wp-content\/uploads\/sites\/27\/elementor\/thumbs\/Celestina-pkzvie8kwhsrp7yvwal200npuwnz6qy5prv7qjl2he.png\" alt=\"Celestina\" \/> <\/a><figcaption>Fuente de imagen: Afrof\u00e9minas<\/figcaption><\/figure>\n<figure><a href=\"https:\/\/www.facebook.com\/100201065147155\/posts\/balogun-odueyungbo-bello-kuku-was-the-de-facto-leader-of-ijebu-muslims-during-th\/215179053649355\/\" target=\"_blank\" rel=\"noopener\"><br \/>\n<img decoding=\"async\" class=\"aligncenter\" title=\"Balogun\" src=\"https:\/\/generales.uprrp.edu\/afrodescendencia\/wp-content\/uploads\/sites\/27\/elementor\/thumbs\/Balogun-pkzvibf34hw7zb44elsc4dbri0spcgxwuabiz79pr2.png\" alt=\"Balogun\" \/> <\/a><figcaption>Fuente de imagen: Yoruba Blog<\/figcaption><\/figure>\n","protected":false},"excerpt":{"rendered":"<p>Desde el 2014, el Grupo de Estudios Transdisciplinarios en Afrodescendencia en Puerto Rico, con sede en el Departamento de Ciencias Sociales de la Facultad de Estudios Generales de la Universidad de Puerto Rico &#8211; Recinto de R\u00edo Piedras (UPRRP), llev\u00f3 a cabo reuniones para presentar una concentraci\u00f3n menor en Afrodescendencia.\u00a0En el colectivo participan profesores de<\/p>\n","protected":false},"author":33,"featured_media":0,"parent":0,"menu_order":0,"comment_status":"closed","ping_status":"closed","template":"","meta":{"footnotes":""},"class_list":["post-2","page","type-page","status-publish"],"_links":{"self":[{"href":"https:\/\/generales.uprrp.edu\/afrodescendencia\/wp-json\/wp\/v2\/pages\/2","targetHints":{"allow":["GET"]}}],"collection":[{"href":"https:\/\/generales.uprrp.edu\/afrodescendencia\/wp-json\/wp\/v2\/pages"}],"about":[{"href":"https:\/\/generales.uprrp.edu\/afrodescendencia\/wp-json\/wp\/v2\/types\/page"}],"author":[{"embeddable":true,"href":"https:\/\/generales.uprrp.edu\/afrodescendencia\/wp-json\/wp\/v2\/users\/33"}],"replies":[{"embeddable":true,"href":"https:\/\/generales.uprrp.edu\/afrodescendencia\/wp-json\/wp\/v2\/comments?post=2"}],"version-history":[{"count":64,"href":"https:\/\/generales.uprrp.edu\/afrodescendencia\/wp-json\/wp\/v2\/pages\/2\/revisions"}],"predecessor-version":[{"id":459,"href":"https:\/\/generales.uprrp.edu\/afrodescendencia\/wp-json\/wp\/v2\/pages\/2\/revisions\/459"}],"wp:attachment":[{"href":"https:\/\/generales.uprrp.edu\/afrodescendencia\/wp-json\/wp\/v2\/media?parent=2"}],"curies":[{"name":"wp","href":"https:\/\/api.w.org\/{rel}","templated":true}]}}