{"id":199,"date":"2022-02-25T15:25:41","date_gmt":"2022-02-25T15:25:41","guid":{"rendered":"https:\/\/generales.uprrp.edu\/afrodescendencia\/?page_id=199"},"modified":"2022-02-25T15:33:48","modified_gmt":"2022-02-25T15:33:48","slug":"programa-de-internado","status":"publish","type":"page","link":"https:\/\/generales.uprrp.edu\/afrodescendencia\/programa-de-internado\/","title":{"rendered":"Programa de internado"},"content":{"rendered":"<ol>\n<li><strong>Descripci\u00f3n del programa: <br \/><\/strong>El Programa de Internado ofrece un espacio a estudiantes de nuestro recinto para que asistan y colaboren con nuestros recursos docentes en los procesos investigativos para la creaci\u00f3n de nuestros cursos. Por otra parte, se les brinda la oportunidad que tambi\u00e9n asistan en el \u00e1rea administrativa y que aporten ideas para el desarrollo completo de nuestro programa. En PRAFRO buscamos estudiantes que muestren inter\u00e9s en temas de afrodescendencia, sean activos, din\u00e1micos y que con sus ideas sean part\u00edcipes de la creaci\u00f3n de esta primera concentraci\u00f3n menor.<\/li>\n<li><strong>Requisitos para participar:<\/strong>\n<ul>\n<li>Los estudiantes ser\u00e1n contratados bajo el Programa a Jornal.<\/li>\n<li>Debe ser un estudiante subgraduado matriculado en la Universidad de Puerto Rico, recinto de R\u00edo Piedras (UPR-RP).<\/li>\n<li>Tener una matr\u00edcula de 12 cr\u00e9ditos o m\u00e1s.<\/li>\n<li>Cumplir con la documentaci\u00f3n requerida.<\/li>\n<li>Tener inter\u00e9s en temas de Afrodescendencia y Racialidad.<\/li>\n<\/ul>\n<\/li>\n<li><strong>Los puestos y sus responsabilidades:<\/strong>\n<ul>\n<li>Interno de Desarrollo y Comunicaciones\n<ul>\n<li>Asistir en el manejo de contenido de redes sociales y p\u00e1gina web<\/li>\n<li>Colaboraci\u00f3n en la redacci\u00f3n de contenido, notas de prensa etc.<\/li>\n<\/ul>\n<\/li>\n<li>Interno de Investigaci\u00f3n\n<ul>\n<li>Colaborar con profesores investigadores en el desarrollo de los cursos de la concentraci\u00f3n menor en afrodescendencia.<\/li>\n<li>Asistir a profesores en el manejo de la agenda.<\/li>\n<\/ul>\n<\/li>\n<li>Interno en \u00e1rea Administrativa\n<ul>\n<li>Asistencia en el manejo del archivo<\/li>\n<li>Asistencia con documentaci\u00f3n del programa de internado.<\/li>\n<li>Colaboraci\u00f3n con la puesta en marcha de los cursos de la concentraci\u00f3n menor.<\/li>\n<\/ul>\n<\/li>\n<\/ul>\n<\/li>\n<\/ol>\n","protected":false},"excerpt":{"rendered":"<p>Descripci\u00f3n del programa: El Programa de Internado ofrece un espacio a estudiantes de nuestro recinto para que asistan y colaboren con nuestros recursos docentes en los procesos investigativos para la creaci\u00f3n de nuestros cursos. Por otra parte, se les brinda la oportunidad que tambi\u00e9n asistan en el \u00e1rea administrativa y que aporten ideas para el<\/p>\n","protected":false},"author":11,"featured_media":0,"parent":0,"menu_order":0,"comment_status":"closed","ping_status":"closed","template":"","meta":{"footnotes":""},"class_list":["post-199","page","type-page","status-publish"],"_links":{"self":[{"href":"https:\/\/generales.uprrp.edu\/afrodescendencia\/wp-json\/wp\/v2\/pages\/199","targetHints":{"allow":["GET"]}}],"collection":[{"href":"https:\/\/generales.uprrp.edu\/afrodescendencia\/wp-json\/wp\/v2\/pages"}],"about":[{"href":"https:\/\/generales.uprrp.edu\/afrodescendencia\/wp-json\/wp\/v2\/types\/page"}],"author":[{"embeddable":true,"href":"https:\/\/generales.uprrp.edu\/afrodescendencia\/wp-json\/wp\/v2\/users\/11"}],"replies":[{"embeddable":true,"href":"https:\/\/generales.uprrp.edu\/afrodescendencia\/wp-json\/wp\/v2\/comments?post=199"}],"version-history":[{"count":4,"href":"https:\/\/generales.uprrp.edu\/afrodescendencia\/wp-json\/wp\/v2\/pages\/199\/revisions"}],"predecessor-version":[{"id":205,"href":"https:\/\/generales.uprrp.edu\/afrodescendencia\/wp-json\/wp\/v2\/pages\/199\/revisions\/205"}],"wp:attachment":[{"href":"https:\/\/generales.uprrp.edu\/afrodescendencia\/wp-json\/wp\/v2\/media?parent=199"}],"curies":[{"name":"wp","href":"https:\/\/api.w.org\/{rel}","templated":true}]}}