{"id":191,"date":"2022-02-25T15:10:10","date_gmt":"2022-02-25T15:10:10","guid":{"rendered":"https:\/\/generales.uprrp.edu\/afrodescendencia\/?page_id=191"},"modified":"2022-04-21T15:14:58","modified_gmt":"2022-04-21T15:14:58","slug":"congreso-de-afrodescendencia","status":"publish","type":"page","link":"https:\/\/generales.uprrp.edu\/afrodescendencia\/congreso-de-afrodescendencia\/","title":{"rendered":"Congreso de Afrodescendencia"},"content":{"rendered":"<p>El Proyecto de Diversificaci\u00f3n Acad\u00e9mica en Estudios de Afrodescendencia y Racializaci\u00f3n y el Departamento de Ciencias Sociales de la Facultad de Estudios Generales\u00a0 de la Universidad de Puerto Rico, Recinto de R\u00edo Piedras les invita a su <em>3er. Congreso de Afrodescendencia<\/em>, <strong><em>ConAfro 2021<\/em>: <em>Reconocimiento, Justicia y Desarrollo <\/em><\/strong>a celebrarse en\u00a0 San Juan, Puerto Rico del 9 al 14 de noviembre del 2021. ConAfro es auspiciado por The Andrew W. Mellon Foundation y el Decanato de Estudios Graduados e Investigaci\u00f3n.<\/p>\n<p>Puedes disfrutar de todo el Conafro en el canal de Youtube: <a href=\"https:\/\/www.youtube.com\/channel\/UC4ZhwstUqjuGY75eB2in_kg\" target=\"_blank\" rel=\"noopener\">https:\/\/www.youtube.com\/channel\/UC4ZhwstUqjuGY75eB2in_kg<\/a><\/p>\n","protected":false},"excerpt":{"rendered":"<p>El Proyecto de Diversificaci\u00f3n Acad\u00e9mica en Estudios de Afrodescendencia y Racializaci\u00f3n y el Departamento de Ciencias Sociales de la Facultad de Estudios Generales\u00a0 de la Universidad de Puerto Rico, Recinto de R\u00edo Piedras les invita a su 3er. Congreso de Afrodescendencia, ConAfro 2021: Reconocimiento, Justicia y Desarrollo a celebrarse en\u00a0 San Juan, Puerto Rico del<\/p>\n","protected":false},"author":11,"featured_media":0,"parent":0,"menu_order":0,"comment_status":"closed","ping_status":"closed","template":"","meta":{"footnotes":""},"class_list":["post-191","page","type-page","status-publish"],"_links":{"self":[{"href":"https:\/\/generales.uprrp.edu\/afrodescendencia\/wp-json\/wp\/v2\/pages\/191","targetHints":{"allow":["GET"]}}],"collection":[{"href":"https:\/\/generales.uprrp.edu\/afrodescendencia\/wp-json\/wp\/v2\/pages"}],"about":[{"href":"https:\/\/generales.uprrp.edu\/afrodescendencia\/wp-json\/wp\/v2\/types\/page"}],"author":[{"embeddable":true,"href":"https:\/\/generales.uprrp.edu\/afrodescendencia\/wp-json\/wp\/v2\/users\/11"}],"replies":[{"embeddable":true,"href":"https:\/\/generales.uprrp.edu\/afrodescendencia\/wp-json\/wp\/v2\/comments?post=191"}],"version-history":[{"count":8,"href":"https:\/\/generales.uprrp.edu\/afrodescendencia\/wp-json\/wp\/v2\/pages\/191\/revisions"}],"predecessor-version":[{"id":323,"href":"https:\/\/generales.uprrp.edu\/afrodescendencia\/wp-json\/wp\/v2\/pages\/191\/revisions\/323"}],"wp:attachment":[{"href":"https:\/\/generales.uprrp.edu\/afrodescendencia\/wp-json\/wp\/v2\/media?parent=191"}],"curies":[{"name":"wp","href":"https:\/\/api.w.org\/{rel}","templated":true}]}}