{"id":167,"date":"2022-02-25T14:57:24","date_gmt":"2022-02-25T14:57:24","guid":{"rendered":"https:\/\/generales.uprrp.edu\/afrodescendencia\/?page_id=167"},"modified":"2023-02-01T15:03:46","modified_gmt":"2023-02-01T15:03:46","slug":"personal-administrativo","status":"publish","type":"page","link":"https:\/\/generales.uprrp.edu\/afrodescendencia\/personal-administrativo\/","title":{"rendered":"Personal administrativo"},"content":{"rendered":"<figure>\n<p><figure style=\"width: 231px\" class=\"wp-caption alignleft\"><img loading=\"lazy\" decoding=\"async\" src=\"https:\/\/generales.uprrp.edu\/afrodescendencia\/wp-content\/uploads\/sites\/27\/2022\/02\/Darian.png\" alt=\"\" width=\"231\" height=\"231\" \/><figcaption class=\"wp-caption-text\">Darian Figueroa Viera, Asistente administrativa de la propuesta Mellon Foundation<\/figcaption><\/figure><figcaption><\/figcaption><\/figure>\n<p>Darian posee estudios subgraduados en Trabajo Social de la Universidad Metropolitana (UMET), as\u00ed como dos maestr\u00edas: una en Rehabilitaci\u00f3n Psicosocial en Salud Mental de la Universidad Aut\u00f3noma de Barcelona, y otra en Direcci\u00f3n, Gesti\u00f3n e Intervenci\u00f3n en Servicios Sociales y ONG\u2019S de la Facultat Pere Tarr\u00e9s de la Universitat Ramon Llull, aparte de un posgrado en Responsabilidad Social Corporativa. Actualmente, es asistente administrativa del Instituto Interdisciplinario y Multicultural (INIM). De igual forma asiste y colabora a la Dra. Santos Febres en la parte administrativa de la propuesta sometida y aprobada por The Andrew Mellon Foundation.<\/p>\n<p>&nbsp;<\/p>\n<p>&nbsp;<\/p>\n<figure>\n<p><figure style=\"width: 239px\" class=\"wp-caption alignleft\"><img loading=\"lazy\" decoding=\"async\" src=\"https:\/\/generales.uprrp.edu\/afrodescendencia\/wp-content\/uploads\/sites\/27\/2022\/02\/Mayra.png\" alt=\"\" width=\"239\" height=\"239\" \/><figcaption class=\"wp-caption-text\">Mayra del Pilar Santos Febres, principal investigadora del proyecto y administradora de la propuesta Mellon Foundation<\/figcaption><\/figure><figcaption><\/figcaption><\/figure>\n<p>Mayra Santos-Febres Carolina, Puerto Rico, en 1966. Estudi\u00f3 Literatura en la Universidad de Puerto Rico y dos posgrados en la Universidad de Cornell, Estados Unidos. Ha sido profesora invitada en varias universidades de Latinoam\u00e9rica y Estados Unidos. Es profesora de Escritura Creativa de la Universidad de Puerto Rico en R\u00edo Piedras y miembro del Instituto Internacional y Multicultural de la UPR. Obtuvo, entre otros premios, el Letras de Oro y el Juan Rulfo, ambos en el g\u00e9nero de cuento, finalista del Premio Primavera 2017 por <em>Nuestra Se\u00f1ora de la Noche<\/em> y las becas <em>John S. Simmon Guggenheim<\/em> (2017) y la <em>Rockefeller Bellagio Center Residency<\/em> en el 2018. Algunas de sus obras se han traducido al franc\u00e9s, ingl\u00e9s, alem\u00e1n, croata, coreano, island\u00e9s e italiano. Es autora de los libros de poes\u00eda\u00a0<em>Anam\u00fa y manigua (1990) <\/em>,\u00a0<em>El orden escapado (1991)<\/em>, <em>Boat People (1994), Tercer Mundo Lecciones de renuncia (2014-20), Huracanada (2018)<\/em>; y de las colecciones de cuento\u00a0<em>Pez de vidrio y otros cuentos<\/em>,\u00a0<em>El cuerpo correcto, Un pasado posible y Mujeres violentas<\/em>. Adem\u00e1s public\u00f3 las novelas\u00a0<em>Sirena Selena vestida de pena (2001)<\/em>,\u00a0<em>Cualquier mi\u00e9rcoles soy tuya (2002) <\/em>, <em>Fe en disfraz, Nuestra Se\u00f1ora de la noche<\/em> y<em> La amante de Gardel<\/em> y el ensayo <em>Tratado de Medicina Natural para Hombres Melanc\u00f3licos y Sobre piel y papel. En el 2019 gan\u00f3 el Premio Nacional de Literatura de la Academie de Pharmacie en Paris, Francia <strong>por La amante de Gardel<\/strong>.<\/em><\/p>\n","protected":false},"excerpt":{"rendered":"<p>Darian posee estudios subgraduados en Trabajo Social de la Universidad Metropolitana (UMET), as\u00ed como dos maestr\u00edas: una en Rehabilitaci\u00f3n Psicosocial en Salud Mental de la Universidad Aut\u00f3noma de Barcelona, y otra en Direcci\u00f3n, Gesti\u00f3n e Intervenci\u00f3n en Servicios Sociales y ONG\u2019S de la Facultat Pere Tarr\u00e9s de la Universitat Ramon Llull, aparte de un posgrado<\/p>\n","protected":false},"author":11,"featured_media":0,"parent":0,"menu_order":0,"comment_status":"closed","ping_status":"closed","template":"","meta":{"footnotes":""},"class_list":["post-167","page","type-page","status-publish"],"_links":{"self":[{"href":"https:\/\/generales.uprrp.edu\/afrodescendencia\/wp-json\/wp\/v2\/pages\/167","targetHints":{"allow":["GET"]}}],"collection":[{"href":"https:\/\/generales.uprrp.edu\/afrodescendencia\/wp-json\/wp\/v2\/pages"}],"about":[{"href":"https:\/\/generales.uprrp.edu\/afrodescendencia\/wp-json\/wp\/v2\/types\/page"}],"author":[{"embeddable":true,"href":"https:\/\/generales.uprrp.edu\/afrodescendencia\/wp-json\/wp\/v2\/users\/11"}],"replies":[{"embeddable":true,"href":"https:\/\/generales.uprrp.edu\/afrodescendencia\/wp-json\/wp\/v2\/comments?post=167"}],"version-history":[{"count":23,"href":"https:\/\/generales.uprrp.edu\/afrodescendencia\/wp-json\/wp\/v2\/pages\/167\/revisions"}],"predecessor-version":[{"id":336,"href":"https:\/\/generales.uprrp.edu\/afrodescendencia\/wp-json\/wp\/v2\/pages\/167\/revisions\/336"}],"wp:attachment":[{"href":"https:\/\/generales.uprrp.edu\/afrodescendencia\/wp-json\/wp\/v2\/media?parent=167"}],"curies":[{"name":"wp","href":"https:\/\/api.w.org\/{rel}","templated":true}]}}