{"id":100,"date":"2022-02-24T20:05:09","date_gmt":"2022-02-24T20:05:09","guid":{"rendered":"https:\/\/generales.uprrp.edu\/afrodescendencia\/?page_id=100"},"modified":"2022-02-25T14:41:59","modified_gmt":"2022-02-25T14:41:59","slug":"esge-4995-perspectivas-afrodescendientes-en-puerto-rico-sobre-la-interioridad","status":"publish","type":"page","link":"https:\/\/generales.uprrp.edu\/afrodescendencia\/esge-4995-perspectivas-afrodescendientes-en-puerto-rico-sobre-la-interioridad\/","title":{"rendered":"ESGE 4995: Perspectivas afrodescendientes en Puerto Rico sobre la interioridad"},"content":{"rendered":"<p><strong>Este curso ofrece una introducci\u00f3n b\u00e1sica al tema de la interioridad en el Puerto Rico actual desde una perspectiva afrodescendiente. Estudiaremos comparativamente la interioridad propuesta por la filosof\u00eda africana Yoruba a partir del concepto metaf\u00edsico de \u201cori\u201d, y de los trascendentales tradicionales de los Yoruba; y del culto a los ancestros propuesto por la poblaci\u00f3n conga en Puerto Rico. Para elaborar el discurso m\u00e1s coherente sobre la inevitable presencia de lo sagrado en el interior, comprendido como la presencia de algo irreductiblemente real, seg\u00fan se viene manifestando en la especie humana a trav\u00e9s de los tiempos, polinizaremos estos niveles africanos de Realidad con otros niveles de percepci\u00f3n.<\/strong><\/p>\n<p>\/*! elementor &#8211; v3.5.5 &#8211; 03-02-2022 *\/<br \/>\n.elementor-widget-image{text-align:center}.elementor-widget-image a{display:inline-block}.elementor-widget-image a img[src$=&#8221;.svg&#8221;]{width:48px}.elementor-widget-image img{vertical-align:middle;display:inline-block}<\/p>\n<figure><img loading=\"lazy\" decoding=\"async\" src=\"https:\/\/generales.uprrp.edu\/afrodescendencia\/wp-content\/uploads\/sites\/27\/2022\/02\/Joaquin.png\" alt=\"\" width=\"404\" height=\"404\" \/><figcaption>Prof. F\u00e9lix Joaquin Rivera Rodr\u00edguez<\/figcaption><\/figure>\n<p>El profesor F\u00e9lix Joaquin Rivera Rodr\u00edguez\u00a0dar\u00e1 el curso titulado &#8220;Perspectivas Afrodescendientes sobre la Interioridad&#8221; en el primer semestre del a\u00f1o acad\u00e9mico 2021-2022.\u00a0 Es uno de los primeros cuatro cursos ofrecidos por el Programa de Afrodescendencia y Racialidad en la Universidad de Puerto Rico, recinto de R\u00edo Piedras (UPRRP).<\/p>\n<p>Posee un doctorado en Literatura Puertorrique\u00f1a. Enfoc\u00f3 sus \u201cinvestigaciones doctorales en el Bestiario en la literatura puertorrique\u00f1a, y en el proceso est\u00e9tico a trav\u00e9s del cual los autores construyen en sus obras formas de subjetivaci\u00f3n sobre el \u201cqui\u00e9n soy\u201d, en un devenir animal, para dejarse de identificar con la individualidad impuesta. Estas formas in\u00e9ditas de autoconocimiento no dan por entendido que se sabe lo que significa ser \u201csujeto\u201d, o \u201cyo\u201d, porque se trata de un conjunto de operaciones dirigido al re-conocimiento-de-s\u00ed\u201d. El profesor compartir\u00e1 en su curso \u201clas indagaciones sobre el proceso de conocer \u201cqui\u00e9n soy\u201d, de reorganizarse en el espacio de la interioridad, para reprogramarse y liberarse de categor\u00edas impuestas por la naci\u00f3n, la familia, la econom\u00eda, con la ayuda de conceptos de la metaf\u00edsica africana, en espec\u00edfico, de las culturas konga y yoruba. Tambi\u00e9n, se comparar\u00e1n las nociones afrodescendientes con modalidades liberatorias de Asia y de la psicolog\u00eda profunda de Jung\u201d.<\/p>\n<p>Entrevista al profesor: <a href=\"https:\/\/fb.watch\/8sEkYt5W5B\/\" target=\"_blank\" rel=\"noopener\">https:\/\/fb.watch\/8sEkYt5W5B\/<\/a><\/p>\n","protected":false},"excerpt":{"rendered":"<p>Este curso ofrece una introducci\u00f3n b\u00e1sica al tema de la interioridad en el Puerto Rico actual desde una perspectiva afrodescendiente. Estudiaremos comparativamente la interioridad propuesta por la filosof\u00eda africana Yoruba a partir del concepto metaf\u00edsico de \u201cori\u201d, y de los trascendentales tradicionales de los Yoruba; y del culto a los ancestros propuesto por la poblaci\u00f3n<\/p>\n","protected":false},"author":11,"featured_media":0,"parent":0,"menu_order":0,"comment_status":"closed","ping_status":"closed","template":"","meta":{"footnotes":""},"class_list":["post-100","page","type-page","status-publish"],"_links":{"self":[{"href":"https:\/\/generales.uprrp.edu\/afrodescendencia\/wp-json\/wp\/v2\/pages\/100","targetHints":{"allow":["GET"]}}],"collection":[{"href":"https:\/\/generales.uprrp.edu\/afrodescendencia\/wp-json\/wp\/v2\/pages"}],"about":[{"href":"https:\/\/generales.uprrp.edu\/afrodescendencia\/wp-json\/wp\/v2\/types\/page"}],"author":[{"embeddable":true,"href":"https:\/\/generales.uprrp.edu\/afrodescendencia\/wp-json\/wp\/v2\/users\/11"}],"replies":[{"embeddable":true,"href":"https:\/\/generales.uprrp.edu\/afrodescendencia\/wp-json\/wp\/v2\/comments?post=100"}],"version-history":[{"count":26,"href":"https:\/\/generales.uprrp.edu\/afrodescendencia\/wp-json\/wp\/v2\/pages\/100\/revisions"}],"predecessor-version":[{"id":131,"href":"https:\/\/generales.uprrp.edu\/afrodescendencia\/wp-json\/wp\/v2\/pages\/100\/revisions\/131"}],"wp:attachment":[{"href":"https:\/\/generales.uprrp.edu\/afrodescendencia\/wp-json\/wp\/v2\/media?parent=100"}],"curies":[{"name":"wp","href":"https:\/\/api.w.org\/{rel}","templated":true}]}}