{"id":76,"date":"2025-09-03T22:01:56","date_gmt":"2025-09-03T20:01:56","guid":{"rendered":"https:\/\/generales.uprrp.edu\/80-aniversario\/?page_id=76"},"modified":"2025-09-04T22:04:15","modified_gmt":"2025-09-04T20:04:15","slug":"galeria-fotografica","status":"publish","type":"page","link":"https:\/\/generales.uprrp.edu\/80-aniversario\/galeria-fotografica\/","title":{"rendered":"Galer\u00eda fotogr\u00e1fica"},"content":{"rendered":"\t\t<div data-elementor-type=\"wp-page\" data-elementor-id=\"76\" class=\"elementor elementor-76\">\n\t\t\t\t<div class=\"elementor-element elementor-element-cfcb03c e-flex e-con-boxed e-con e-parent\" data-id=\"cfcb03c\" data-element_type=\"container\" data-e-type=\"container\">\n\t\t\t\t\t<div class=\"e-con-inner\">\n\t\t<div class=\"elementor-element elementor-element-0d1f208 e-con-full e-flex e-con e-child\" data-id=\"0d1f208\" data-element_type=\"container\" data-e-type=\"container\">\n\t\t\t\t<div class=\"elementor-element elementor-element-1af93d3 elementor-widget elementor-widget-text-editor\" data-id=\"1af93d3\" data-element_type=\"widget\" data-e-type=\"widget\" data-widget_type=\"text-editor.default\">\n\t\t\t\t<div class=\"elementor-widget-container\">\n\t\t\t\t\t\t\t\t\t<h3>Lectura y Firma de la Proclama<\/h3><p>A la sombra de un sol abrasador y en el ambiente inherentemente festivo del inicio del a\u00f1o acad\u00e9mico 2025-2026, el pasado mi\u00e9rcoles 20 de agosto \u2014al filo del mediod\u00eda\u2014 dieron inicio las celebraciones por el aniversario 80 de la Facultad de Estudios Generales del Recinto de R\u00edo Piedras de la Universidad de Puerto Rico.<\/p>\t\t\t\t\t\t\t\t<\/div>\n\t\t\t\t<\/div>\n\t\t\t\t<\/div>\n\t\t<div class=\"elementor-element elementor-element-9dcaccb e-con-full e-flex e-con e-child\" data-id=\"9dcaccb\" data-element_type=\"container\" data-e-type=\"container\">\n\t\t\t\t<div class=\"elementor-element elementor-element-a2cc29a elementor-arrows-position-inside elementor-pagination-position-outside elementor-widget elementor-widget-image-carousel\" data-id=\"a2cc29a\" data-element_type=\"widget\" data-e-type=\"widget\" data-settings=\"{&quot;slides_to_show&quot;:&quot;1&quot;,&quot;navigation&quot;:&quot;both&quot;,&quot;autoplay&quot;:&quot;yes&quot;,&quot;pause_on_hover&quot;:&quot;yes&quot;,&quot;pause_on_interaction&quot;:&quot;yes&quot;,&quot;autoplay_speed&quot;:5000,&quot;infinite&quot;:&quot;yes&quot;,&quot;effect&quot;:&quot;slide&quot;,&quot;speed&quot;:500}\" data-widget_type=\"image-carousel.default\">\n\t\t\t\t<div class=\"elementor-widget-container\">\n\t\t\t\t\t\t\t<div class=\"elementor-image-carousel-wrapper swiper\" role=\"region\" aria-roledescription=\"carousel\" aria-label=\"Image Carousel\" dir=\"ltr\">\n\t\t\t<div class=\"elementor-image-carousel swiper-wrapper\" aria-live=\"off\">\n\t\t\t\t\t\t\t\t<div class=\"swiper-slide\" role=\"group\" aria-roledescription=\"slide\" aria-label=\"1 of 15\"><figure class=\"swiper-slide-inner\"><img decoding=\"async\" class=\"swiper-slide-image\" src=\"https:\/\/generales.uprrp.edu\/80-aniversario\/wp-content\/uploads\/sites\/37\/2025\/09\/IMG_0296-scaled-768x1024.jpg\" alt=\"IMG_0296\" \/><\/figure><\/div><div class=\"swiper-slide\" role=\"group\" aria-roledescription=\"slide\" aria-label=\"2 of 15\"><figure class=\"swiper-slide-inner\"><img decoding=\"async\" class=\"swiper-slide-image\" src=\"https:\/\/generales.uprrp.edu\/80-aniversario\/wp-content\/uploads\/sites\/37\/2025\/09\/IMG_0298-scaled-768x1024.jpg\" alt=\"IMG_0298\" \/><\/figure><\/div><div class=\"swiper-slide\" role=\"group\" aria-roledescription=\"slide\" aria-label=\"3 of 15\"><figure class=\"swiper-slide-inner\"><img decoding=\"async\" class=\"swiper-slide-image\" src=\"https:\/\/generales.uprrp.edu\/80-aniversario\/wp-content\/uploads\/sites\/37\/2025\/09\/IMG_0318-scaled-768x1024.jpg\" alt=\"IMG_0318\" \/><\/figure><\/div><div class=\"swiper-slide\" role=\"group\" aria-roledescription=\"slide\" aria-label=\"4 of 15\"><figure class=\"swiper-slide-inner\"><img decoding=\"async\" class=\"swiper-slide-image\" src=\"https:\/\/generales.uprrp.edu\/80-aniversario\/wp-content\/uploads\/sites\/37\/2025\/09\/IMG_0319-scaled-768x1024.jpg\" alt=\"IMG_0319\" \/><\/figure><\/div><div class=\"swiper-slide\" role=\"group\" aria-roledescription=\"slide\" aria-label=\"5 of 15\"><figure class=\"swiper-slide-inner\"><img decoding=\"async\" class=\"swiper-slide-image\" src=\"https:\/\/generales.uprrp.edu\/80-aniversario\/wp-content\/uploads\/sites\/37\/2025\/09\/IMG_0323-scaled-768x1024.jpg\" alt=\"IMG_0323\" \/><\/figure><\/div><div class=\"swiper-slide\" role=\"group\" aria-roledescription=\"slide\" aria-label=\"6 of 15\"><figure class=\"swiper-slide-inner\"><img decoding=\"async\" class=\"swiper-slide-image\" src=\"https:\/\/generales.uprrp.edu\/80-aniversario\/wp-content\/uploads\/sites\/37\/2025\/09\/IMG_0329-scaled-768x1024.jpg\" alt=\"IMG_0329\" \/><\/figure><\/div><div class=\"swiper-slide\" role=\"group\" aria-roledescription=\"slide\" aria-label=\"7 of 15\"><figure class=\"swiper-slide-inner\"><img decoding=\"async\" class=\"swiper-slide-image\" src=\"https:\/\/generales.uprrp.edu\/80-aniversario\/wp-content\/uploads\/sites\/37\/2025\/09\/IMG_0341-scaled-768x1024.png\" alt=\"IMG_0341\" \/><\/figure><\/div><div class=\"swiper-slide\" role=\"group\" aria-roledescription=\"slide\" aria-label=\"8 of 15\"><figure class=\"swiper-slide-inner\"><img decoding=\"async\" class=\"swiper-slide-image\" src=\"https:\/\/generales.uprrp.edu\/80-aniversario\/wp-content\/uploads\/sites\/37\/2025\/09\/IMG_0305-scaled-768x1024.jpg\" alt=\"IMG_0305\" \/><\/figure><\/div><div class=\"swiper-slide\" role=\"group\" aria-roledescription=\"slide\" aria-label=\"9 of 15\"><figure class=\"swiper-slide-inner\"><img decoding=\"async\" class=\"swiper-slide-image\" src=\"https:\/\/generales.uprrp.edu\/80-aniversario\/wp-content\/uploads\/sites\/37\/2025\/09\/IMG_0346-scaled-768x1024.png\" alt=\"IMG_0346\" \/><\/figure><\/div><div class=\"swiper-slide\" role=\"group\" aria-roledescription=\"slide\" aria-label=\"10 of 15\"><figure class=\"swiper-slide-inner\"><img decoding=\"async\" class=\"swiper-slide-image\" src=\"https:\/\/generales.uprrp.edu\/80-aniversario\/wp-content\/uploads\/sites\/37\/2025\/09\/IMG_0355-scaled-768x1024.png\" alt=\"IMG_0355\" \/><\/figure><\/div><div class=\"swiper-slide\" role=\"group\" aria-roledescription=\"slide\" aria-label=\"11 of 15\"><figure class=\"swiper-slide-inner\"><img decoding=\"async\" class=\"swiper-slide-image\" src=\"https:\/\/generales.uprrp.edu\/80-aniversario\/wp-content\/uploads\/sites\/37\/2025\/09\/IMG_0310-scaled-768x1024.jpg\" alt=\"IMG_0310\" \/><\/figure><\/div><div class=\"swiper-slide\" role=\"group\" aria-roledescription=\"slide\" aria-label=\"12 of 15\"><figure class=\"swiper-slide-inner\"><img decoding=\"async\" class=\"swiper-slide-image\" src=\"https:\/\/generales.uprrp.edu\/80-aniversario\/wp-content\/uploads\/sites\/37\/2025\/09\/IMG_0324-scaled-768x1024.jpg\" alt=\"IMG_0324\" \/><\/figure><\/div><div class=\"swiper-slide\" role=\"group\" aria-roledescription=\"slide\" aria-label=\"13 of 15\"><figure class=\"swiper-slide-inner\"><img decoding=\"async\" class=\"swiper-slide-image\" src=\"https:\/\/generales.uprrp.edu\/80-aniversario\/wp-content\/uploads\/sites\/37\/2025\/09\/IMG_0381-scaled-768x1024.png\" alt=\"IMG_0381\" \/><\/figure><\/div><div class=\"swiper-slide\" role=\"group\" aria-roledescription=\"slide\" aria-label=\"14 of 15\"><figure class=\"swiper-slide-inner\"><img decoding=\"async\" class=\"swiper-slide-image\" src=\"https:\/\/generales.uprrp.edu\/80-aniversario\/wp-content\/uploads\/sites\/37\/2025\/09\/IMG_0384-scaled-768x1024.png\" alt=\"IMG_0384\" \/><\/figure><\/div><div class=\"swiper-slide\" role=\"group\" aria-roledescription=\"slide\" aria-label=\"15 of 15\"><figure class=\"swiper-slide-inner\"><img decoding=\"async\" class=\"swiper-slide-image\" src=\"https:\/\/generales.uprrp.edu\/80-aniversario\/wp-content\/uploads\/sites\/37\/2025\/09\/IMG_0388-scaled-768x1024.png\" alt=\"IMG_0388\" \/><\/figure><\/div>\t\t\t<\/div>\n\t\t\t\t\t\t\t\t\t\t\t\t<div class=\"elementor-swiper-button elementor-swiper-button-prev\" role=\"button\" tabindex=\"0\">\n\t\t\t\t\t\t<svg aria-hidden=\"true\" class=\"e-font-icon-svg e-eicon-chevron-left\" viewBox=\"0 0 1000 1000\" xmlns=\"http:\/\/www.w3.org\/2000\/svg\"><path d=\"M646 125C629 125 613 133 604 142L308 442C296 454 292 471 292 487 292 504 296 521 308 533L604 854C617 867 629 875 646 875 663 875 679 871 692 858 704 846 713 829 713 812 713 796 708 779 692 767L438 487 692 225C700 217 708 204 708 187 708 171 704 154 692 142 675 129 663 125 646 125Z\"><\/path><\/svg>\t\t\t\t\t<\/div>\n\t\t\t\t\t<div class=\"elementor-swiper-button elementor-swiper-button-next\" role=\"button\" tabindex=\"0\">\n\t\t\t\t\t\t<svg aria-hidden=\"true\" class=\"e-font-icon-svg e-eicon-chevron-right\" viewBox=\"0 0 1000 1000\" xmlns=\"http:\/\/www.w3.org\/2000\/svg\"><path d=\"M696 533C708 521 713 504 713 487 713 471 708 454 696 446L400 146C388 133 375 125 354 125 338 125 325 129 313 142 300 154 292 171 292 187 292 204 296 221 308 233L563 492 304 771C292 783 288 800 288 817 288 833 296 850 308 863 321 871 338 875 354 875 371 875 388 867 400 854L696 533Z\"><\/path><\/svg>\t\t\t\t\t<\/div>\n\t\t\t\t\n\t\t\t\t\t\t\t\t\t<div class=\"swiper-pagination\"><\/div>\n\t\t\t\t\t\t\t\t\t<\/div>\n\t\t\t\t\t\t<\/div>\n\t\t\t\t<\/div>\n\t\t\t\t<\/div>\n\t\t\t\t\t<\/div>\n\t\t\t\t<\/div>\n\t\t\t\t<\/div>\n\t\t","protected":false},"excerpt":{"rendered":"<p>Lectura y Firma de la Proclama A la sombra de un sol abrasador y en el ambiente inherentemente festivo del inicio del a\u00f1o acad\u00e9mico 2025-2026, el pasado mi\u00e9rcoles 20 de &hellip; <\/p>\n","protected":false},"author":11,"featured_media":119,"parent":0,"menu_order":0,"comment_status":"closed","ping_status":"closed","template":"","meta":{"footnotes":""},"class_list":["post-76","page","type-page","status-publish","has-post-thumbnail","hentry"],"_links":{"self":[{"href":"https:\/\/generales.uprrp.edu\/80-aniversario\/wp-json\/wp\/v2\/pages\/76","targetHints":{"allow":["GET"]}}],"collection":[{"href":"https:\/\/generales.uprrp.edu\/80-aniversario\/wp-json\/wp\/v2\/pages"}],"about":[{"href":"https:\/\/generales.uprrp.edu\/80-aniversario\/wp-json\/wp\/v2\/types\/page"}],"author":[{"embeddable":true,"href":"https:\/\/generales.uprrp.edu\/80-aniversario\/wp-json\/wp\/v2\/users\/11"}],"replies":[{"embeddable":true,"href":"https:\/\/generales.uprrp.edu\/80-aniversario\/wp-json\/wp\/v2\/comments?post=76"}],"version-history":[{"count":14,"href":"https:\/\/generales.uprrp.edu\/80-aniversario\/wp-json\/wp\/v2\/pages\/76\/revisions"}],"predecessor-version":[{"id":154,"href":"https:\/\/generales.uprrp.edu\/80-aniversario\/wp-json\/wp\/v2\/pages\/76\/revisions\/154"}],"wp:featuredmedia":[{"embeddable":true,"href":"https:\/\/generales.uprrp.edu\/80-aniversario\/wp-json\/wp\/v2\/media\/119"}],"wp:attachment":[{"href":"https:\/\/generales.uprrp.edu\/80-aniversario\/wp-json\/wp\/v2\/media?parent=76"}],"curies":[{"name":"wp","href":"https:\/\/api.w.org\/{rel}","templated":true}]}}