{"id":30,"date":"2025-09-03T20:22:03","date_gmt":"2025-09-03T18:22:03","guid":{"rendered":"https:\/\/generales.uprrp.edu\/80-aniversario\/?page_id=30"},"modified":"2025-09-22T14:40:18","modified_gmt":"2025-09-22T12:40:18","slug":"soy-la-rampa","status":"publish","type":"page","link":"https:\/\/generales.uprrp.edu\/80-aniversario\/soy-la-rampa\/","title":{"rendered":"Soy la Rampa"},"content":{"rendered":"\t\t<div data-elementor-type=\"wp-page\" data-elementor-id=\"30\" class=\"elementor elementor-30\">\n\t\t\t\t<div class=\"elementor-element elementor-element-24f42e9 e-flex e-con-boxed e-con e-parent\" data-id=\"24f42e9\" data-element_type=\"container\" data-e-type=\"container\">\n\t\t\t\t\t<div class=\"e-con-inner\">\n\t\t<div class=\"elementor-element elementor-element-31835f3 e-con-full e-flex e-con e-child\" data-id=\"31835f3\" data-element_type=\"container\" data-e-type=\"container\">\n\t\t\t\t<div class=\"elementor-element elementor-element-eab5607 elementor-widget elementor-widget-image\" data-id=\"eab5607\" data-element_type=\"widget\" data-e-type=\"widget\" data-widget_type=\"image.default\">\n\t\t\t\t<div class=\"elementor-widget-container\">\n\t\t\t\t\t\t\t\t\t\t\t\t<figure class=\"wp-caption\">\n\t\t\t\t\t\t\t\t\t\t<img fetchpriority=\"high\" decoding=\"async\" width=\"250\" height=\"250\" src=\"https:\/\/generales.uprrp.edu\/80-aniversario\/wp-content\/uploads\/sites\/37\/2025\/09\/CJSZ.jpg\" class=\"attachment-large size-large wp-image-32\" alt=\"\" srcset=\"https:\/\/generales.uprrp.edu\/80-aniversario\/wp-content\/uploads\/sites\/37\/2025\/09\/CJSZ.jpg 250w, https:\/\/generales.uprrp.edu\/80-aniversario\/wp-content\/uploads\/sites\/37\/2025\/09\/CJSZ-150x150.jpg 150w\" sizes=\"(max-width: 250px) 100vw, 250px\" \/>\t\t\t\t\t\t\t\t\t\t\t<figcaption class=\"widget-image-caption wp-caption-text\">Dr. Carlos J. S\u00e1nchez Zambrana, Decano<\/figcaption>\n\t\t\t\t\t\t\t\t\t\t<\/figure>\n\t\t\t\t\t\t\t\t\t<\/div>\n\t\t\t\t<\/div>\n\t\t\t\t<\/div>\n\t\t<div class=\"elementor-element elementor-element-c0483ba e-con-full e-flex e-con e-child\" data-id=\"c0483ba\" data-element_type=\"container\" data-e-type=\"container\">\n\t\t\t\t<div class=\"elementor-element elementor-element-d492f96 elementor-widget elementor-widget-text-editor\" data-id=\"d492f96\" data-element_type=\"widget\" data-e-type=\"widget\" data-widget_type=\"text-editor.default\">\n\t\t\t\t<div class=\"elementor-widget-container\">\n\t\t\t\t\t\t\t\t\t<p class=\"p1\">Soy la Rampa de la Facultad de Estudios Generales. Este 2025 tiene algo especial. Se conmemoran 80 a\u00f1os de la fundaci\u00f3n de la Facultad de la que soy emblema; 75 del surgimiento de los Departamentos, y 70 del Programa de Bachillerato en Artes en Educaci\u00f3n General. Como soy m\u00e1s joven, les hablar\u00e9 de esa historia con br\u00edo e intrepidez. Empero, 55 agostos me autorizan para la cr\u00edtica y la autocr\u00edtica bienechora.<\/p><p class=\"p1\">Urgidos por salir del aprieto del cuadr\u00e1ngulo hist\u00f3rico, en 1970, me hicieron nacer en el vientre vegetal del bosquecito de\u00a0<i>Peyton Place<\/i>. Sobre mi piel de hormig\u00f3n, los pies de R\u00edo Piedras, de Puerto Rico y del mundo entero, me han trasvasado. Y lo han realizado para, con sus pisadas, aplomar la esperanza de un ascenso a la sabidur\u00eda, a la concientizaci\u00f3n y a la sensibilidad que se comienza y se renueva todos los agostos, subiendo la Rampa. En el pasado, fuimos llamados la Facultad de los cursos b\u00e1sicos, haciendo alusi\u00f3n a la buena docencia del componente de Educaci\u00f3n General. Todav\u00eda se nos considera la Facultad de umbral para distinguir su naturaleza de atender con esmero y probidad la transici\u00f3n entre niveles y planos de la educaci\u00f3n y de la vida misma. Somos, en rigor, un buque para navegar en aras de una educaci\u00f3n que de una educaci\u00f3n que trasciende las disciplinas. Un tranv\u00eda para una propuesta educativa integral, fundamental, radical, y pertinente para nuestras juventudes.<\/p><p class=\"p1\">Hoy, se han topado con un p\u00f3rtico y no van a ser los mismos. Soy La Rampa y te invito a caminarme y a resignificarme. Durante este a\u00f1o voy a provocar tu atenci\u00f3n para que te sumes a nuestras fiestas de aniversario. \u00c1nimo, bachilleres de 2025, dejen sus huellas en mi piel.<\/p>\t\t\t\t\t\t\t\t<\/div>\n\t\t\t\t<\/div>\n\t\t\t\t<\/div>\n\t\t\t\t\t<\/div>\n\t\t\t\t<\/div>\n\t\t\t\t<\/div>\n\t\t","protected":false},"excerpt":{"rendered":"<p>Dr. Carlos J. S\u00e1nchez Zambrana, Decano Soy la Rampa de la Facultad de Estudios Generales. Este 2025 tiene algo especial. Se conmemoran 80 a\u00f1os de la fundaci\u00f3n de la Facultad &hellip; <\/p>\n","protected":false},"author":11,"featured_media":0,"parent":0,"menu_order":0,"comment_status":"closed","ping_status":"closed","template":"","meta":{"footnotes":""},"class_list":["post-30","page","type-page","status-publish","hentry"],"_links":{"self":[{"href":"https:\/\/generales.uprrp.edu\/80-aniversario\/wp-json\/wp\/v2\/pages\/30","targetHints":{"allow":["GET"]}}],"collection":[{"href":"https:\/\/generales.uprrp.edu\/80-aniversario\/wp-json\/wp\/v2\/pages"}],"about":[{"href":"https:\/\/generales.uprrp.edu\/80-aniversario\/wp-json\/wp\/v2\/types\/page"}],"author":[{"embeddable":true,"href":"https:\/\/generales.uprrp.edu\/80-aniversario\/wp-json\/wp\/v2\/users\/11"}],"replies":[{"embeddable":true,"href":"https:\/\/generales.uprrp.edu\/80-aniversario\/wp-json\/wp\/v2\/comments?post=30"}],"version-history":[{"count":10,"href":"https:\/\/generales.uprrp.edu\/80-aniversario\/wp-json\/wp\/v2\/pages\/30\/revisions"}],"predecessor-version":[{"id":302,"href":"https:\/\/generales.uprrp.edu\/80-aniversario\/wp-json\/wp\/v2\/pages\/30\/revisions\/302"}],"wp:attachment":[{"href":"https:\/\/generales.uprrp.edu\/80-aniversario\/wp-json\/wp\/v2\/media?parent=30"}],"curies":[{"name":"wp","href":"https:\/\/api.w.org\/{rel}","templated":true}]}}