{"id":10,"date":"2025-09-03T18:33:11","date_gmt":"2025-09-03T16:33:11","guid":{"rendered":"https:\/\/generales.uprrp.edu\/80-aniversario\/?page_id=10"},"modified":"2025-09-09T16:31:12","modified_gmt":"2025-09-09T14:31:12","slug":"80-aniversario-de-la-feg","status":"publish","type":"page","link":"https:\/\/generales.uprrp.edu\/80-aniversario\/","title":{"rendered":"80 Aniversario de la FEG"},"content":{"rendered":"\t\t<div data-elementor-type=\"wp-page\" data-elementor-id=\"10\" class=\"elementor elementor-10\">\n\t\t\t\t\t\t<section class=\"elementor-section elementor-top-section elementor-element elementor-element-5e76496a elementor-section-full_width elementor-section-stretched elementor-section-height-default elementor-section-height-default\" data-id=\"5e76496a\" data-element_type=\"section\" data-e-type=\"section\" data-settings=\"{&quot;stretch_section&quot;:&quot;section-stretched&quot;}\">\n\t\t\t\t\t\t<div class=\"elementor-container elementor-column-gap-default\">\n\t\t\t\t\t<div class=\"elementor-column elementor-col-100 elementor-top-column elementor-element elementor-element-b1d5b68\" data-id=\"b1d5b68\" data-element_type=\"column\" data-e-type=\"column\">\n\t\t\t<div class=\"elementor-widget-wrap elementor-element-populated\">\n\t\t\t\t\t\t<div class=\"elementor-element elementor-element-2576eddb elementor-widget elementor-widget-image\" data-id=\"2576eddb\" data-element_type=\"widget\" data-e-type=\"widget\" data-widget_type=\"image.default\">\n\t\t\t\t<div class=\"elementor-widget-container\">\n\t\t\t\t\t\t\t\t\t\t\t\t\t\t\t<img fetchpriority=\"high\" decoding=\"async\" width=\"640\" height=\"104\" src=\"https:\/\/generales.uprrp.edu\/80-aniversario\/wp-content\/uploads\/sites\/37\/2025\/09\/estudiantes-rampa-1841-1024x167.jpg\" class=\"attachment-large size-large wp-image-249\" alt=\"\" srcset=\"https:\/\/generales.uprrp.edu\/80-aniversario\/wp-content\/uploads\/sites\/37\/2025\/09\/estudiantes-rampa-1841-1024x167.jpg 1024w, https:\/\/generales.uprrp.edu\/80-aniversario\/wp-content\/uploads\/sites\/37\/2025\/09\/estudiantes-rampa-1841-300x49.jpg 300w, https:\/\/generales.uprrp.edu\/80-aniversario\/wp-content\/uploads\/sites\/37\/2025\/09\/estudiantes-rampa-1841-768x125.jpg 768w, https:\/\/generales.uprrp.edu\/80-aniversario\/wp-content\/uploads\/sites\/37\/2025\/09\/estudiantes-rampa-1841-1536x250.jpg 1536w, https:\/\/generales.uprrp.edu\/80-aniversario\/wp-content\/uploads\/sites\/37\/2025\/09\/estudiantes-rampa-1841.jpg 1841w\" sizes=\"(max-width: 640px) 100vw, 640px\" \/>\t\t\t\t\t\t\t\t\t\t\t\t\t\t\t<\/div>\n\t\t\t\t<\/div>\n\t\t\t\t\t<\/div>\n\t\t<\/div>\n\t\t\t\t\t<\/div>\n\t\t<\/section>\n\t\t<div class=\"elementor-element elementor-element-294aca8 e-flex e-con-boxed e-con e-parent\" data-id=\"294aca8\" data-element_type=\"container\" data-e-type=\"container\">\n\t\t\t\t\t<div class=\"e-con-inner\">\n\t\t\t\t<div class=\"elementor-element elementor-element-f90bcde elementor-widget elementor-widget-spacer\" data-id=\"f90bcde\" data-element_type=\"widget\" data-e-type=\"widget\" data-widget_type=\"spacer.default\">\n\t\t\t\t<div class=\"elementor-widget-container\">\n\t\t\t\t\t\t\t<div class=\"elementor-spacer\">\n\t\t\t<div class=\"elementor-spacer-inner\"><\/div>\n\t\t<\/div>\n\t\t\t\t\t\t<\/div>\n\t\t\t\t<\/div>\n\t\t\t\t\t<\/div>\n\t\t\t\t<\/div>\n\t\t<div class=\"elementor-element elementor-element-468311f e-flex e-con-boxed e-con e-parent\" data-id=\"468311f\" data-element_type=\"container\" data-e-type=\"container\">\n\t\t\t\t\t<div class=\"e-con-inner\">\n\t\t\t\t<div class=\"elementor-element elementor-element-bbfeb3f elementor-widget elementor-widget-heading\" data-id=\"bbfeb3f\" data-element_type=\"widget\" data-e-type=\"widget\" data-widget_type=\"heading.default\">\n\t\t\t\t<div class=\"elementor-widget-container\">\n\t\t\t\t\t<h2 class=\"elementor-heading-title elementor-size-default\">La Conmemoraci\u00f3n<\/h2>\t\t\t\t<\/div>\n\t\t\t\t<\/div>\n\t\t\t\t\t<\/div>\n\t\t\t\t<\/div>\n\t\t<div class=\"elementor-element elementor-element-c03a898 e-flex e-con-boxed e-con e-parent\" data-id=\"c03a898\" data-element_type=\"container\" data-e-type=\"container\">\n\t\t\t\t\t<div class=\"e-con-inner\">\n\t\t<div class=\"elementor-element elementor-element-4d27c32 e-con-full e-flex e-con e-child\" data-id=\"4d27c32\" data-element_type=\"container\" data-e-type=\"container\">\n\t\t\t\t<div class=\"elementor-element elementor-element-36b8f24 elementor-widget elementor-widget-image\" data-id=\"36b8f24\" data-element_type=\"widget\" data-e-type=\"widget\" data-widget_type=\"image.default\">\n\t\t\t\t<div class=\"elementor-widget-container\">\n\t\t\t\t\t\t\t\t\t\t\t\t\t\t\t<img decoding=\"async\" width=\"640\" height=\"436\" src=\"https:\/\/generales.uprrp.edu\/80-aniversario\/wp-content\/uploads\/sites\/37\/2025\/09\/logo-80-an\u0303os-de-la-FEG-oficial-01-e1756923217512-1024x697.png\" class=\"attachment-large size-large wp-image-25\" alt=\"\" srcset=\"https:\/\/generales.uprrp.edu\/80-aniversario\/wp-content\/uploads\/sites\/37\/2025\/09\/logo-80-an\u0303os-de-la-FEG-oficial-01-e1756923217512-1024x697.png 1024w, https:\/\/generales.uprrp.edu\/80-aniversario\/wp-content\/uploads\/sites\/37\/2025\/09\/logo-80-an\u0303os-de-la-FEG-oficial-01-e1756923217512-300x204.png 300w, https:\/\/generales.uprrp.edu\/80-aniversario\/wp-content\/uploads\/sites\/37\/2025\/09\/logo-80-an\u0303os-de-la-FEG-oficial-01-e1756923217512-768x523.png 768w, https:\/\/generales.uprrp.edu\/80-aniversario\/wp-content\/uploads\/sites\/37\/2025\/09\/logo-80-an\u0303os-de-la-FEG-oficial-01-e1756923217512-1536x1045.png 1536w, https:\/\/generales.uprrp.edu\/80-aniversario\/wp-content\/uploads\/sites\/37\/2025\/09\/logo-80-an\u0303os-de-la-FEG-oficial-01-e1756923217512.png 1587w\" sizes=\"(max-width: 640px) 100vw, 640px\" \/>\t\t\t\t\t\t\t\t\t\t\t\t\t\t\t<\/div>\n\t\t\t\t<\/div>\n\t\t\t\t<\/div>\n\t\t<div class=\"elementor-element elementor-element-c2775c9 e-con-full e-flex e-con e-child\" data-id=\"c2775c9\" data-element_type=\"container\" data-e-type=\"container\">\n\t\t\t\t<div class=\"elementor-element elementor-element-94f9938 elementor-widget elementor-widget-text-editor\" data-id=\"94f9938\" data-element_type=\"widget\" data-e-type=\"widget\" data-widget_type=\"text-editor.default\">\n\t\t\t\t<div class=\"elementor-widget-container\">\n\t\t\t\t\t\t\t\t\t<p>La conmemoraci\u00f3n del 80 Aniversario de la Facultad de Estudios Generales (FEG) de la Universidad de Puerto Rico, Recinto de R\u00edo Piedras, es un hito que nos invita a reflexionar sobre nuestra trayectoria, reconocer los logros alcanzados y proyectarnos hacia el futuro con renovado compromiso. A lo largo de ocho d\u00e9cadas, la FEG ha sido un espacio de formaci\u00f3n integral, pensamiento cr\u00edtico y exploraci\u00f3n interdisciplinaria, marcando la vida de miles de estudiantes y contribuyendo significativamente al desarrollo acad\u00e9mico y cultural del pa\u00eds. Extendemos una cordial invitaci\u00f3n a toda la comunidad a sumarse a esta celebraci\u00f3n hist\u00f3rica y a acompa\u00f1arnos en las actividades conmemorativas que honran el legado y el porvenir de la Facultad.<\/p>\t\t\t\t\t\t\t\t<\/div>\n\t\t\t\t<\/div>\n\t\t\t\t<\/div>\n\t\t\t\t\t<\/div>\n\t\t\t\t<\/div>\n\t\t\t\t<section class=\"elementor-section elementor-top-section elementor-element elementor-element-196ae620 elementor-section-boxed elementor-section-height-default elementor-section-height-default\" data-id=\"196ae620\" data-element_type=\"section\" data-e-type=\"section\">\n\t\t\t\t\t\t<div class=\"elementor-container elementor-column-gap-default\">\n\t\t\t\t\t<div class=\"elementor-column elementor-col-100 elementor-top-column elementor-element elementor-element-5ef6de21\" data-id=\"5ef6de21\" data-element_type=\"column\" data-e-type=\"column\">\n\t\t\t<div class=\"elementor-widget-wrap elementor-element-populated\">\n\t\t\t\t\t\t<div class=\"elementor-element elementor-element-b73c951 elementor-widget elementor-widget-heading\" data-id=\"b73c951\" data-element_type=\"widget\" data-e-type=\"widget\" data-widget_type=\"heading.default\">\n\t\t\t\t<div class=\"elementor-widget-container\">\n\t\t\t\t\t<h1 class=\"elementor-heading-title elementor-size-default\">Bienvenidos al portal del Recinto de R\u00edo Piedras de la UPR<\/h1>\t\t\t\t<\/div>\n\t\t\t\t<\/div>\n\t\t\t\t<div class=\"elementor-element elementor-element-4d47bb69 elementor-widget elementor-widget-thim-heading\" data-id=\"4d47bb69\" data-element_type=\"widget\" data-e-type=\"widget\" data-widget_type=\"thim-heading.default\">\n\t\t\t\t<div class=\"elementor-widget-container\">\n\t\t\t\t\t<div class=\"thim-widget-heading template-base\"><div class=\"sc_heading  \"><h2 style=\"text-transform: uppercase;color:#e70033;\" class=\"title\">Noticias<\/h2><span class=\"line\"><\/span><\/div><\/div>\t\t\t\t<\/div>\n\t\t\t\t<\/div>\n\t\t\t\t<div class=\"elementor-element elementor-element-3276a0b4 elementor-invisible elementor-widget elementor-widget-thim-carousel-post\" data-id=\"3276a0b4\" data-element_type=\"widget\" data-e-type=\"widget\" data-settings=\"{&quot;_animation&quot;:&quot;fadeIn&quot;}\" data-widget_type=\"thim-carousel-post.default\">\n\t\t\t\t<div class=\"elementor-widget-container\">\n\t\t\t\t\t<div class=\"thim-widget-carousel-post template-carousel-post\">\t<div class=\"thim-owl-carousel-post thim-carousel-wrapper\" data-visible=\"3\"\n\t\t data-pagination=\"0\"\n\t\t data-navigation=\"0\" data-autoplay=\"0\">\n\t\t\t\t\t<div class=\"item\">\n\t\t\t\t\t\t\t\t<div class=\"image\">\n\t\t\t\t\t<a href=\"https:\/\/generales.uprrp.edu\/80-aniversario\/inician-con-jubilo-las-celebraciones-de-octogesimo-aniversario-de-la-facultad-de-estudios-generales\/\">\n\t\t\t\t\t\t<img decoding=\"async\" src=\"https:\/\/generales.uprrp.edu\/80-aniversario\/wp-content\/uploads\/sites\/37\/2025\/09\/Portada-ProclamaGenerales-450x267.png\" alt=\"Inician con j\u00fabilo las celebraciones de octog\u00e9simo aniversario de la Facultad de Estudios Generales\" title=\"Portada-ProclamaGenerales\"  width=\"450\" height=\"267\">\t\t\t\t\t<\/a>\n\t\t\t\t<\/div>\n\t\t\t\t<div class=\"content\">\n\t\t\t\t\t<div class=\"info\">\n\t\t\t\t\t\t<div class=\"author\">\n\t\t\t\t\t\t\t<span>cechevarria<\/span>\t\t\t\t\t\t<\/div>\n\t\t\t\t\t\t<div class=\"date\">\n\t\t\t\t\t\t\t3 de September de 2025\t\t\t\t\t\t<\/div>\n\t\t\t\t\t<\/div>\n\t\t\t\t\t<h4 class=\"title\">\n\t\t\t\t\t\t<a href=\"https:\/\/generales.uprrp.edu\/80-aniversario\/inician-con-jubilo-las-celebraciones-de-octogesimo-aniversario-de-la-facultad-de-estudios-generales\/\">Inician con j\u00fabilo las celebraciones de octog\u00e9simo aniversario de la Facultad de Estudios Generales<\/a>\n\t\t\t\t\t<\/h4>\n\t\t\t\t<\/div>\n\t\t\t<\/div>\n\t\t\t<\/div>\n\t<\/div>\t\t\t\t<\/div>\n\t\t\t\t<\/div>\n\t\t\t\t<div class=\"elementor-element elementor-element-6848c140 elementor-align-right elementor-mobile-align-center elementor-widget elementor-widget-button\" data-id=\"6848c140\" data-element_type=\"widget\" data-e-type=\"widget\" data-widget_type=\"button.default\">\n\t\t\t\t<div class=\"elementor-widget-container\">\n\t\t\t\t\t\t\t\t\t<div class=\"elementor-button-wrapper\">\n\t\t\t\t\t<a class=\"elementor-button elementor-button-link elementor-size-sm\" href=\"https:\/\/generales.uprrp.edu\/80-aniversario\/category\/noticias\/\">\n\t\t\t\t\t\t<span class=\"elementor-button-content-wrapper\">\n\t\t\t\t\t\t<span class=\"elementor-button-icon\">\n\t\t\t\t<svg aria-hidden=\"true\" class=\"e-font-icon-svg e-fas-plus-circle\" viewBox=\"0 0 512 512\" xmlns=\"http:\/\/www.w3.org\/2000\/svg\"><path d=\"M256 8C119 8 8 119 8 256s111 248 248 248 248-111 248-248S393 8 256 8zm144 276c0 6.6-5.4 12-12 12h-92v92c0 6.6-5.4 12-12 12h-56c-6.6 0-12-5.4-12-12v-92h-92c-6.6 0-12-5.4-12-12v-56c0-6.6 5.4-12 12-12h92v-92c0-6.6 5.4-12 12-12h56c6.6 0 12 5.4 12 12v92h92c6.6 0 12 5.4 12 12v56z\"><\/path><\/svg>\t\t\t<\/span>\n\t\t\t\t\t\t\t\t\t<span class=\"elementor-button-text\">M\u00e1s noticias<\/span>\n\t\t\t\t\t<\/span>\n\t\t\t\t\t<\/a>\n\t\t\t\t<\/div>\n\t\t\t\t\t\t\t\t<\/div>\n\t\t\t\t<\/div>\n\t\t\t\t\t<\/div>\n\t\t<\/div>\n\t\t\t\t\t<\/div>\n\t\t<\/section>\n\t\t\t\t<\/div>\n\t\t","protected":false},"excerpt":{"rendered":"<p>La Conmemoraci\u00f3n La conmemoraci\u00f3n del 80 Aniversario de la Facultad de Estudios Generales (FEG) de la Universidad de Puerto Rico, Recinto de R\u00edo Piedras, es un hito que nos invita &hellip; <\/p>\n","protected":false},"author":11,"featured_media":0,"parent":0,"menu_order":0,"comment_status":"closed","ping_status":"closed","template":"page-templates\/homepage.php","meta":{"footnotes":""},"class_list":["post-10","page","type-page","status-publish","hentry"],"_links":{"self":[{"href":"https:\/\/generales.uprrp.edu\/80-aniversario\/wp-json\/wp\/v2\/pages\/10","targetHints":{"allow":["GET"]}}],"collection":[{"href":"https:\/\/generales.uprrp.edu\/80-aniversario\/wp-json\/wp\/v2\/pages"}],"about":[{"href":"https:\/\/generales.uprrp.edu\/80-aniversario\/wp-json\/wp\/v2\/types\/page"}],"author":[{"embeddable":true,"href":"https:\/\/generales.uprrp.edu\/80-aniversario\/wp-json\/wp\/v2\/users\/11"}],"replies":[{"embeddable":true,"href":"https:\/\/generales.uprrp.edu\/80-aniversario\/wp-json\/wp\/v2\/comments?post=10"}],"version-history":[{"count":58,"href":"https:\/\/generales.uprrp.edu\/80-aniversario\/wp-json\/wp\/v2\/pages\/10\/revisions"}],"predecessor-version":[{"id":272,"href":"https:\/\/generales.uprrp.edu\/80-aniversario\/wp-json\/wp\/v2\/pages\/10\/revisions\/272"}],"wp:attachment":[{"href":"https:\/\/generales.uprrp.edu\/80-aniversario\/wp-json\/wp\/v2\/media?parent=10"}],"curies":[{"name":"wp","href":"https:\/\/api.w.org\/{rel}","templated":true}]}}